{"id":2022,"date":"2025-07-10T07:47:11","date_gmt":"2025-07-10T07:47:11","guid":{"rendered":"https:\/\/www.lauramak.com\/?post_type=product&#038;p=2022"},"modified":"2025-07-10T07:50:26","modified_gmt":"2025-07-10T07:50:26","slug":"small-low-voltage-toroidal-transformer","status":"publish","type":"product","link":"https:\/\/www.lauramak.com\/pt\/produto\/small-low-voltage-toroidal-transformer\/","title":{"rendered":"SDK Pequeno transformador toroidal de baixa tens\u00e3o"},"content":{"rendered":"<h2 class=\"wp-block-heading\">Principais vantagens e carater\u00edsticas<\/h2>\n\n\n\n<ul class=\"wp-block-list\">\n<li><strong>Design compacto e economizador de espa\u00e7o<\/strong><br>O n\u00facleo e o enrolamento de baixo perfil, tipo panqueca, resultam numa pegada significativamente mais pequena em compara\u00e7\u00e3o com os transformadores do tipo EI - ideal quando o espa\u00e7o da PCB ou do chassis \u00e9 limitado.<\/li>\n\n\n\n<li><strong>Alta efici\u00eancia e baixa perda<\/strong><br>Os n\u00facleos toroidais minimizam a histerese e as perdas por correntes de Foucault. Espera-se uma efici\u00eancia &gt; 95%, reduzindo a produ\u00e7\u00e3o de calor e os custos de energia em aplica\u00e7\u00f5es de utiliza\u00e7\u00e3o cont\u00ednua.<\/li>\n\n\n\n<li><strong>Funcionamento silencioso<\/strong><br>O enrolamento preciso e a fuga de baixo fluxo garantem um desempenho praticamente silencioso (&lt; 30 dB), tornando estes <strong>transformadores de baixa tens\u00e3o<\/strong> perfeito para ambientes sens\u00edveis ao ru\u00eddo, como est\u00fadios de \u00e1udio e laborat\u00f3rios m\u00e9dicos.<\/li>\n\n\n\n<li><strong>Regula\u00e7\u00e3o de tens\u00e3o superior<\/strong><br>A regula\u00e7\u00e3o rigorosa (\u00b1 2% a plena carga) mant\u00e9m a tens\u00e3o de sa\u00edda est\u00e1vel em condi\u00e7\u00f5es de carga vari\u00e1veis, protegendo os circuitos sens\u00edveis de quedas e picos de tens\u00e3o.<\/li>\n\n\n\n<li><strong>Constru\u00e7\u00e3o robusta e seguran\u00e7a<\/strong>\n<ul class=\"wp-block-list\">\n<li>Op\u00e7\u00f5es de isolamento de classe B ou F para estabilidade t\u00e9rmica at\u00e9 130 \u00b0C<\/li>\n\n\n\n<li>Enrolamento encapsulado para resist\u00eancia \u00e0 humidade e \u00e0s vibra\u00e7\u00f5es<\/li>\n\n\n\n<li>Materiais UL\/Listable e aprova\u00e7\u00f5es de seguran\u00e7a CE dispon\u00edveis<\/li>\n<\/ul>\n<\/li>\n\n\n\n<li><strong>Configura\u00e7\u00f5es personaliz\u00e1veis<\/strong>\n<ul class=\"wp-block-list\">\n<li>Tens\u00f5es de entrada: 110 VAC \/ 115 VAC \/ 230 VAC (50\/60 Hz)<\/li>\n\n\n\n<li>Tens\u00f5es de sa\u00edda: 12 VAC a 48 VAC (secund\u00e1rias duplas ou m\u00faltiplas)<\/li>\n\n\n\n<li>Classifica\u00e7\u00f5es VA: 50 VA, 100 VA, 150 VA, 200 VA, at\u00e9 500 VA<\/li>\n\n\n\n<li>Montagem: Montagem em PCB, montagem em chassis ou op\u00e7\u00f5es de suporte<\/li>\n<\/ul>\n<\/li>\n<\/ul>\n\n\n\n<h2 class=\"wp-block-heading\">Par\u00e2metros t\u00e9cnicos<\/h2>\n\n\n\n<figure class=\"wp-block-table\"><table class=\"has-fixed-layout\"><tbody><tr><td>Capacidade<\/td><td>SDK-500VA at\u00e9 3000VA<\/td><\/tr><tr><td>Interruptor<\/td><td>Interruptor de um bot\u00e3o, c\u00f3modo e r\u00e1pido.<\/td><\/tr><tr><td>Luz indicadora de alimenta\u00e7\u00e3o<\/td><td>Pode saber melhor se a m\u00e1quina est\u00e1 a funcionar normalmente.<\/td><\/tr><tr><td>Tens\u00e3o de entrada<\/td><td>110\/120\/220\/240V<\/td><\/tr><tr><td>Tens\u00e3o de sa\u00edda<\/td><td>Outros pa\u00edses utilizam a sa\u00edda de 110v. Na China, utiliza a sa\u00edda de 220v.<\/td><\/tr><tr><td>Frequ\u00eancia nominal<\/td><td>50\/60Hz<\/td><\/tr><tr><td>Taxa de varia\u00e7\u00e3o da tens\u00e3o<\/td><td>\u22641.5%<\/td><\/tr><tr><td>Efici\u00eancia no trabalho<\/td><td>\u226598%<\/td><\/tr><tr><td>Dissipa\u00e7\u00e3o de calor<\/td><td>Tem uma grande \u00e1rea de dissipa\u00e7\u00e3o de calor, uma dissipa\u00e7\u00e3o de calor de elevada efici\u00eancia e \u00e9 seguro e est\u00e1vel.<\/td><\/tr><tr><td>Port\u00e1til<\/td><td>\u00c9 f\u00e1cil de transportar e \u00e9 seguro e resistente.<\/td><\/tr><\/tbody><\/table><\/figure>\n\n\n\n<figure class=\"wp-block-table\"><table class=\"has-fixed-layout\"><tbody><tr><td colspan=\"2\">Modelo do produto<\/td><td>Tens\u00e3o de entrada<\/td><td>Tens\u00e3o de sa\u00edda<\/td><td>(mm)xxLxWxH<\/td><\/tr><tr><td rowspan=\"3\">Vers\u00e3o nacional<\/td><td>SDK-500VA<\/td><td rowspan=\"3\">220V<\/td><td rowspan=\"3\">100V 110V<\/td><td rowspan=\"6\">185*75*240<\/td><\/tr><tr><td>SDK-1000VA<\/td><\/tr><tr><td>SDK-2000VA<\/td><\/tr><tr><td rowspan=\"3\">No estrangeiro<\/td><td>SDK-500VA<\/td><td rowspan=\"3\">110V<\/td><td rowspan=\"3\">220V<\/td><\/tr><tr><td>SDK-1000VA<\/td><\/tr><tr><td>SDK-2000VA<\/td><\/tr><\/tbody><\/table><\/figure>\n\n\n\n<figure class=\"wp-block-image size-full\"><img fetchpriority=\"high\" decoding=\"async\" width=\"600\" height=\"600\" src=\"https:\/\/www.lauramak.com\/wp-content\/uploads\/2025\/07\/Voltage-Converters-Suit-for-Rice-Cookers-and-Other-Kitchen-Appliances.webp\" alt=\"Conversores de tens\u00e3o adequados para panelas de arroz e outros aparelhos de cozinha\" class=\"wp-image-2026\" srcset=\"https:\/\/www.lauramak.com\/wp-content\/uploads\/2025\/07\/Voltage-Converters-Suit-for-Rice-Cookers-and-Other-Kitchen-Appliances.webp 600w, https:\/\/www.lauramak.com\/wp-content\/uploads\/2025\/07\/Voltage-Converters-Suit-for-Rice-Cookers-and-Other-Kitchen-Appliances-300x300.webp 300w, https:\/\/www.lauramak.com\/wp-content\/uploads\/2025\/07\/Voltage-Converters-Suit-for-Rice-Cookers-and-Other-Kitchen-Appliances-150x150.webp 150w\" sizes=\"(max-width: 600px) 100vw, 600px\" \/><\/figure>\n\n\n\n<h2 class=\"wp-block-heading\">Aplica\u00e7\u00f5es t\u00edpicas<\/h2>\n\n\n\n<ul class=\"wp-block-list\">\n<li><strong>Amplificadores de \u00e1udio e equipamento Hi-Fi<\/strong><br>Fornece energia limpa e est\u00e1vel para reprodu\u00e7\u00e3o de \u00e1udio com baixo ru\u00eddo.<\/li>\n\n\n\n<li><strong>Dispositivos m\u00e9dicos e instrumentos de laborat\u00f3rio<\/strong><br>Cumprir os rigorosos requisitos de seguran\u00e7a e EMI.<\/li>\n\n\n\n<li><strong>Controlo e automa\u00e7\u00e3o industrial<\/strong><br>Fornecer energia fi\u00e1vel para sensores, PLCs e circuitos de controlo.<\/li>\n\n\n\n<li><strong>Sistemas de ilumina\u00e7\u00e3o e ecr\u00e3s LED<\/strong><br>Assegura um funcionamento sem cintila\u00e7\u00e3o e uma longa vida \u00fatil do LED.<\/li>\n<\/ul>\n\n\n\n<h2 class=\"wp-block-heading\">Por que escolher ZHENGXI como seu fornecedor de transformador toroidal?<\/h2>\n\n\n\n<ul class=\"wp-block-list\">\n<li><strong>Compet\u00eancia e qualidade<\/strong>: Mais de 30 anos de especializa\u00e7\u00e3o na conce\u00e7\u00e3o e fabrico de transformadores.<\/li>\n\n\n\n<li><strong>Certifica\u00e7\u00f5es globais<\/strong>: A conformidade com CE, UL e RoHS garante produtos seguros e prontos para o mercado.<\/li>\n\n\n\n<li><strong>Prototipagem r\u00e1pida e servi\u00e7o OEM<\/strong>: Rapidez na execu\u00e7\u00e3o de desenhos personalizados e encomendas de marcas privadas.<\/li>\n\n\n\n<li><strong>Pre\u00e7os competitivos<\/strong>: Pre\u00e7os diretos de f\u00e1brica para projectos sens\u00edveis aos custos sem comprometer a qualidade.<\/li>\n<\/ul>\n\n\n\n<h2 class=\"wp-block-heading\">FAQ<\/h2>\n\n\n\n<p><strong>Q1: O que torna um pequeno transformador toroidal melhor do que um transformador com n\u00facleo EI?<\/strong><br>A1: Os transformadores toroidais oferecem uma maior efici\u00eancia, dimens\u00f5es mais pequenas, peso mais leve, baixo ru\u00eddo e uma regula\u00e7\u00e3o de tens\u00e3o mais apertada em compara\u00e7\u00e3o com os tipos tradicionais de n\u00facleo EI - tornando-os ideais para aplica\u00e7\u00f5es de precis\u00e3o e com restri\u00e7\u00f5es de espa\u00e7o.<\/p>\n\n\n\n<p><strong>Q2: \u00c9 poss\u00edvel personalizar a tens\u00e3o de sa\u00edda e o estilo de montagem?<\/strong><br>A2: Sim. Fornecemos enrolamentos personalizados para praticamente qualquer tens\u00e3o secund\u00e1ria (simples ou m\u00faltipla), e pode escolher configura\u00e7\u00f5es de montagem em PCB, suporte ou chassis para se adaptar \u00e0s suas necessidades de montagem.<\/p>\n\n\n\n<p><strong>P3: Como selecciono a classifica\u00e7\u00e3o VA correta para a minha candidatura?<\/strong><br>A3: Calcule a corrente de carga total (em amperes) exigida pelos seus dispositivos na tens\u00e3o de sa\u00edda pretendida e, em seguida, multiplique por essa tens\u00e3o para obter VA. Acrescente uma margem de seguran\u00e7a de 20-30% para acomodar as correntes de arranque - por exemplo, uma carga de 2 A, 24 VAC precisa de pelo menos 48 VA; escolha um modelo de 100 VA.<\/p>","protected":false},"excerpt":{"rendered":"<p>Principais vantagens e carater\u00edsticas Par\u00e2metros t\u00e9cnicos Capacidade SDK-500VA at\u00e9 3000VA Interruptor Interruptor de um bot\u00e3o, c\u00f3modo e r\u00e1pido. Luz indicadora de pot\u00eancia Permite saber melhor se a m\u00e1quina est\u00e1 a funcionar normalmente. Tens\u00e3o de entrada 110\/120\/220\/240V Tens\u00e3o de sa\u00edda Outros pa\u00edses utilizam a sa\u00edda de 110v. Na China, utiliza a sa\u00edda de 220v. Frequ\u00eancia nominal 50\/60Hz Taxa de mudan\u00e7a de tens\u00e3o \u22641,5% [...]<\/p>","protected":false},"featured_media":2028,"parent":0,"menu_order":0,"template":"","tags":[],"product-categories":[58],"class_list":["post-2022","product","type-product","status-publish","has-post-thumbnail","hentry","product-categories-low-voltage-transformer"],"acf":[],"yoast_head":"<!-- This site is optimized with the Yoast SEO plugin v25.7 - https:\/\/yoast.com\/wordpress\/plugins\/seo\/ -->\n<title>Small Low Voltage Toroidal Transformer Supplier - SUNWAY<\/title>\n<meta name=\"description\" content=\"Elevate your designs with ZHENGXI\u2019s small low voltage toroidal transformers\u2014where performance, reliability, and efficiency converge. Contact us today for samples, pricing, or custom solutions!\" \/>\n<meta name=\"robots\" content=\"index, follow, max-snippet:-1, max-image-preview:large, max-video-preview:-1\" \/>\n<link rel=\"canonical\" href=\"https:\/\/www.lauramak.com\/pt\/produto\/small-low-voltage-toroidal-transformer\/\" \/>\n<meta property=\"og:locale\" content=\"pt_PT\" \/>\n<meta property=\"og:type\" content=\"article\" \/>\n<meta property=\"og:title\" content=\"Small Low Voltage Toroidal Transformer Supplier - SUNWAY\" \/>\n<meta property=\"og:description\" content=\"Elevate your designs with ZHENGXI\u2019s small low voltage toroidal transformers\u2014where performance, reliability, and efficiency converge. Contact us today for samples, pricing, or custom solutions!\" \/>\n<meta property=\"og:url\" content=\"https:\/\/www.lauramak.com\/pt\/produto\/small-low-voltage-toroidal-transformer\/\" \/>\n<meta property=\"og:site_name\" content=\"SUNWAY\" \/>\n<meta property=\"article:modified_time\" content=\"2025-07-10T07:50:26+00:00\" \/>\n<meta property=\"og:image\" content=\"https:\/\/www.lauramak.com\/wp-content\/uploads\/2025\/07\/SDK-Small-Low-Voltage-Toroidal-Transformer.webp\" \/>\n\t<meta property=\"og:image:width\" content=\"600\" \/>\n\t<meta property=\"og:image:height\" content=\"600\" \/>\n\t<meta property=\"og:image:type\" content=\"image\/webp\" \/>\n<meta name=\"twitter:card\" content=\"summary_large_image\" \/>\n<meta name=\"twitter:label1\" content=\"Tempo estimado de leitura\" \/>\n\t<meta name=\"twitter:data1\" content=\"3 minutos\" \/>\n<script type=\"application\/ld+json\" class=\"yoast-schema-graph\">{\"@context\":\"https:\/\/schema.org\",\"@graph\":[{\"@type\":\"WebPage\",\"@id\":\"https:\/\/www.lauramak.com\/product\/small-low-voltage-toroidal-transformer\/\",\"url\":\"https:\/\/www.lauramak.com\/product\/small-low-voltage-toroidal-transformer\/\",\"name\":\"Small Low Voltage Toroidal Transformer Supplier - SUNWAY\",\"isPartOf\":{\"@id\":\"https:\/\/www.lauramak.com\/#website\"},\"primaryImageOfPage\":{\"@id\":\"https:\/\/www.lauramak.com\/product\/small-low-voltage-toroidal-transformer\/#primaryimage\"},\"image\":{\"@id\":\"https:\/\/www.lauramak.com\/product\/small-low-voltage-toroidal-transformer\/#primaryimage\"},\"thumbnailUrl\":\"https:\/\/www.lauramak.com\/wp-content\/uploads\/2025\/07\/SDK-Small-Low-Voltage-Toroidal-Transformer.webp\",\"datePublished\":\"2025-07-10T07:47:11+00:00\",\"dateModified\":\"2025-07-10T07:50:26+00:00\",\"description\":\"Elevate your designs with ZHENGXI\u2019s small low voltage toroidal transformers\u2014where performance, reliability, and efficiency converge. Contact us today for samples, pricing, or custom solutions!\",\"breadcrumb\":{\"@id\":\"https:\/\/www.lauramak.com\/product\/small-low-voltage-toroidal-transformer\/#breadcrumb\"},\"inLanguage\":\"pt-PT\",\"potentialAction\":[{\"@type\":\"ReadAction\",\"target\":[\"https:\/\/www.lauramak.com\/product\/small-low-voltage-toroidal-transformer\/\"]}]},{\"@type\":\"ImageObject\",\"inLanguage\":\"pt-PT\",\"@id\":\"https:\/\/www.lauramak.com\/product\/small-low-voltage-toroidal-transformer\/#primaryimage\",\"url\":\"https:\/\/www.lauramak.com\/wp-content\/uploads\/2025\/07\/SDK-Small-Low-Voltage-Toroidal-Transformer.webp\",\"contentUrl\":\"https:\/\/www.lauramak.com\/wp-content\/uploads\/2025\/07\/SDK-Small-Low-Voltage-Toroidal-Transformer.webp\",\"width\":600,\"height\":600,\"caption\":\"SDK Small Low Voltage Toroidal Transformer\"},{\"@type\":\"BreadcrumbList\",\"@id\":\"https:\/\/www.lauramak.com\/product\/small-low-voltage-toroidal-transformer\/#breadcrumb\",\"itemListElement\":[{\"@type\":\"ListItem\",\"position\":1,\"name\":\"Home\",\"item\":\"https:\/\/www.lauramak.com\/\"},{\"@type\":\"ListItem\",\"position\":2,\"name\":\"Products\",\"item\":\"https:\/\/www.lauramak.com\/product\/\"},{\"@type\":\"ListItem\",\"position\":3,\"name\":\"SDK Small Low Voltage Toroidal Transformer\"}]},{\"@type\":\"WebSite\",\"@id\":\"https:\/\/www.lauramak.com\/#website\",\"url\":\"https:\/\/www.lauramak.com\/\",\"name\":\"SUNWAY\",\"description\":\"ZHENGXI GROUP\u2018 Subsidiary\",\"publisher\":{\"@id\":\"https:\/\/www.lauramak.com\/#organization\"},\"potentialAction\":[{\"@type\":\"SearchAction\",\"target\":{\"@type\":\"EntryPoint\",\"urlTemplate\":\"https:\/\/www.lauramak.com\/?s={search_term_string}\"},\"query-input\":{\"@type\":\"PropertyValueSpecification\",\"valueRequired\":true,\"valueName\":\"search_term_string\"}}],\"inLanguage\":\"pt-PT\"},{\"@type\":\"Organization\",\"@id\":\"https:\/\/www.lauramak.com\/#organization\",\"name\":\"SUNWAY\",\"url\":\"https:\/\/www.lauramak.com\/\",\"logo\":{\"@type\":\"ImageObject\",\"inLanguage\":\"pt-PT\",\"@id\":\"https:\/\/www.lauramak.com\/#\/schema\/logo\/image\/\",\"url\":\"https:\/\/www.lauramak.com\/wp-content\/uploads\/2025\/07\/sunway-logo.webp\",\"contentUrl\":\"https:\/\/www.lauramak.com\/wp-content\/uploads\/2025\/07\/sunway-logo.webp\",\"width\":319,\"height\":89,\"caption\":\"SUNWAY\"},\"image\":{\"@id\":\"https:\/\/www.lauramak.com\/#\/schema\/logo\/image\/\"}}]}<\/script>\n<!-- \/ Yoast SEO plugin. -->","yoast_head_json":{"title":"Small Low Voltage Toroidal Transformer Supplier - SUNWAY","description":"Elevate your designs with ZHENGXI\u2019s small low voltage toroidal transformers\u2014where performance, reliability, and efficiency converge. Contact us today for samples, pricing, or custom solutions!","robots":{"index":"index","follow":"follow","max-snippet":"max-snippet:-1","max-image-preview":"max-image-preview:large","max-video-preview":"max-video-preview:-1"},"canonical":"https:\/\/www.lauramak.com\/pt\/produto\/small-low-voltage-toroidal-transformer\/","og_locale":"pt_PT","og_type":"article","og_title":"Small Low Voltage Toroidal Transformer Supplier - SUNWAY","og_description":"Elevate your designs with ZHENGXI\u2019s small low voltage toroidal transformers\u2014where performance, reliability, and efficiency converge. Contact us today for samples, pricing, or custom solutions!","og_url":"https:\/\/www.lauramak.com\/pt\/produto\/small-low-voltage-toroidal-transformer\/","og_site_name":"SUNWAY","article_modified_time":"2025-07-10T07:50:26+00:00","og_image":[{"width":600,"height":600,"url":"https:\/\/www.lauramak.com\/wp-content\/uploads\/2025\/07\/SDK-Small-Low-Voltage-Toroidal-Transformer.webp","type":"image\/webp"}],"twitter_card":"summary_large_image","twitter_misc":{"Tempo estimado de leitura":"3 minutos"},"schema":{"@context":"https:\/\/schema.org","@graph":[{"@type":"WebPage","@id":"https:\/\/www.lauramak.com\/product\/small-low-voltage-toroidal-transformer\/","url":"https:\/\/www.lauramak.com\/product\/small-low-voltage-toroidal-transformer\/","name":"Small Low Voltage Toroidal Transformer Supplier - SUNWAY","isPartOf":{"@id":"https:\/\/www.lauramak.com\/#website"},"primaryImageOfPage":{"@id":"https:\/\/www.lauramak.com\/product\/small-low-voltage-toroidal-transformer\/#primaryimage"},"image":{"@id":"https:\/\/www.lauramak.com\/product\/small-low-voltage-toroidal-transformer\/#primaryimage"},"thumbnailUrl":"https:\/\/www.lauramak.com\/wp-content\/uploads\/2025\/07\/SDK-Small-Low-Voltage-Toroidal-Transformer.webp","datePublished":"2025-07-10T07:47:11+00:00","dateModified":"2025-07-10T07:50:26+00:00","description":"Elevate your designs with ZHENGXI\u2019s small low voltage toroidal transformers\u2014where performance, reliability, and efficiency converge. Contact us today for samples, pricing, or custom solutions!","breadcrumb":{"@id":"https:\/\/www.lauramak.com\/product\/small-low-voltage-toroidal-transformer\/#breadcrumb"},"inLanguage":"pt-PT","potentialAction":[{"@type":"ReadAction","target":["https:\/\/www.lauramak.com\/product\/small-low-voltage-toroidal-transformer\/"]}]},{"@type":"ImageObject","inLanguage":"pt-PT","@id":"https:\/\/www.lauramak.com\/product\/small-low-voltage-toroidal-transformer\/#primaryimage","url":"https:\/\/www.lauramak.com\/wp-content\/uploads\/2025\/07\/SDK-Small-Low-Voltage-Toroidal-Transformer.webp","contentUrl":"https:\/\/www.lauramak.com\/wp-content\/uploads\/2025\/07\/SDK-Small-Low-Voltage-Toroidal-Transformer.webp","width":600,"height":600,"caption":"SDK Small Low Voltage Toroidal Transformer"},{"@type":"BreadcrumbList","@id":"https:\/\/www.lauramak.com\/product\/small-low-voltage-toroidal-transformer\/#breadcrumb","itemListElement":[{"@type":"ListItem","position":1,"name":"Home","item":"https:\/\/www.lauramak.com\/"},{"@type":"ListItem","position":2,"name":"Products","item":"https:\/\/www.lauramak.com\/product\/"},{"@type":"ListItem","position":3,"name":"SDK Small Low Voltage Toroidal Transformer"}]},{"@type":"WebSite","@id":"https:\/\/www.lauramak.com\/#website","url":"https:\/\/www.lauramak.com\/","name":"SUNWAY","description":"ZHENGXI GROUP\u2018 Subsidiary","publisher":{"@id":"https:\/\/www.lauramak.com\/#organization"},"potentialAction":[{"@type":"SearchAction","target":{"@type":"EntryPoint","urlTemplate":"https:\/\/www.lauramak.com\/?s={search_term_string}"},"query-input":{"@type":"PropertyValueSpecification","valueRequired":true,"valueName":"search_term_string"}}],"inLanguage":"pt-PT"},{"@type":"Organization","@id":"https:\/\/www.lauramak.com\/#organization","name":"SUNWAY","url":"https:\/\/www.lauramak.com\/","logo":{"@type":"ImageObject","inLanguage":"pt-PT","@id":"https:\/\/www.lauramak.com\/#\/schema\/logo\/image\/","url":"https:\/\/www.lauramak.com\/wp-content\/uploads\/2025\/07\/sunway-logo.webp","contentUrl":"https:\/\/www.lauramak.com\/wp-content\/uploads\/2025\/07\/sunway-logo.webp","width":319,"height":89,"caption":"SUNWAY"},"image":{"@id":"https:\/\/www.lauramak.com\/#\/schema\/logo\/image\/"}}]}},"_links":{"self":[{"href":"https:\/\/www.lauramak.com\/pt\/wp-json\/wp\/v2\/product\/2022","targetHints":{"allow":["GET"]}}],"collection":[{"href":"https:\/\/www.lauramak.com\/pt\/wp-json\/wp\/v2\/product"}],"about":[{"href":"https:\/\/www.lauramak.com\/pt\/wp-json\/wp\/v2\/types\/product"}],"version-history":[{"count":5,"href":"https:\/\/www.lauramak.com\/pt\/wp-json\/wp\/v2\/product\/2022\/revisions"}],"predecessor-version":[{"id":2032,"href":"https:\/\/www.lauramak.com\/pt\/wp-json\/wp\/v2\/product\/2022\/revisions\/2032"}],"wp:featuredmedia":[{"embeddable":true,"href":"https:\/\/www.lauramak.com\/pt\/wp-json\/wp\/v2\/media\/2028"}],"wp:attachment":[{"href":"https:\/\/www.lauramak.com\/pt\/wp-json\/wp\/v2\/media?parent=2022"}],"wp:term":[{"taxonomy":"post_tag","embeddable":true,"href":"https:\/\/www.lauramak.com\/pt\/wp-json\/wp\/v2\/tags?post=2022"},{"taxonomy":"product-categories","embeddable":true,"href":"https:\/\/www.lauramak.com\/pt\/wp-json\/wp\/v2\/product-categories?post=2022"}],"curies":[{"name":"wp","href":"https:\/\/api.w.org\/{rel}","templated":true}]}}