{"id":2014,"date":"2025-07-10T07:01:10","date_gmt":"2025-07-10T07:01:10","guid":{"rendered":"https:\/\/www.lauramak.com\/?post_type=product&#038;p=2014"},"modified":"2025-07-10T08:33:12","modified_gmt":"2025-07-10T08:33:12","slug":"low-voltage-toroidal-auto-transformer","status":"publish","type":"product","link":"https:\/\/www.lauramak.com\/pt\/produto\/low-voltage-toroidal-auto-transformer\/","title":{"rendered":"JYK 500va 1000va 2000va Transformador Auto Toroidal de Baixa Tens\u00e3o"},"content":{"rendered":"<h2 class=\"wp-block-heading\">Vantagens principais<\/h2>\n\n\n\n<ul class=\"wp-block-list\">\n<li><strong>Design toroidal compacto<\/strong><br>O formato leve e de baixo perfil (190 \u00d7 242 \u00d7 76 mm) pode ser facilmente montado em paredes ou colocado sob secret\u00e1rias. Os n\u00facleos toroidais oferecem um acoplamento magn\u00e9tico superior e uma interfer\u00eancia electromagn\u00e9tica m\u00ednima.<\/li>\n\n\n\n<li><strong>Conveni\u00eancia Plug-and-Play<\/strong><br>Liga\u00e7\u00e3o simples: ligue-se a uma tomada el\u00e9ctrica normal, selecione a tens\u00e3o de sa\u00edda desejada e alimente os seus aparelhos instantaneamente, sem necessidade de cabos complicados.<\/li>\n\n\n\n<li><strong>Vasta gama de capacidades<\/strong><br>Escolha entre <strong>500 VA<\/strong>, <strong>1000 VA<\/strong>e <strong>Transformador toroidal de 2000 VA<\/strong> modelos para corresponder \u00e0s classifica\u00e7\u00f5es dos dispositivos, desde pequenos carregadores a aparelhos de cozinha pesados.<\/li>\n\n\n\n<li><strong>Carater\u00edsticas de prote\u00e7\u00e3o robustas<\/strong>\n<ul class=\"wp-block-list\">\n<li><strong>Sobretens\u00e3o e subtens\u00e3o<\/strong>: Edi\u00e7\u00e3o nacional com sa\u00eddas de 90 VAC-135 VAC; Edi\u00e7\u00e3o internacional com sa\u00eddas de 180 VAC-265 VAC<\/li>\n\n\n\n<li><strong>Prote\u00e7\u00e3o contra sobrecarga e curto-circuito<\/strong><\/li>\n\n\n\n<li><strong>Desativa\u00e7\u00e3o por excesso de temperatura<\/strong><\/li>\n\n\n\n<li><strong>Resposta r\u00e1pida<\/strong>: Ajusta a sa\u00edda em \u2264 1,5 s para manter a tens\u00e3o est\u00e1vel<\/li>\n<\/ul>\n<\/li>\n\n\n\n<li><strong>Alta efici\u00eancia e pot\u00eancia pura<\/strong><br>O fator de pot\u00eancia de 0,9 e a aus\u00eancia de distor\u00e7\u00e3o adicional da forma de onda protegem os componentes electr\u00f3nicos sens\u00edveis - ideal para computadores, equipamento \u00e1udio e dispositivos m\u00e9dicos.<\/li>\n\n\n\n<li><strong>Pre\u00e7os econ\u00f3micos<\/strong><br>Beneficie das nossas vantagens competitivas <strong>pre\u00e7o do transformador toroidal<\/strong> estrutura nas tr\u00eas capacidades, assegurando um r\u00e1pido retorno do investimento.<\/li>\n<\/ul>\n\n\n\n<h2 class=\"wp-block-heading\">Par\u00e2metros t\u00e9cnicos<\/h2>\n\n\n\n<figure class=\"wp-block-table\"><table class=\"has-fixed-layout\"><tbody><tr><td>Modelo NO.<\/td><td>JYK<\/td><\/tr><tr><td>Capacidade<\/td><td>0,5KVA 1KVA 2KVA<\/td><\/tr><tr><td>Prote\u00e7\u00e3o contra sobretens\u00e3o<\/td><td>Vers\u00e3o nacional:Sa\u00edda 135V\u00b15V Edi\u00e7\u00e3o estrangeira:Sa\u00edda 265V\u00b15V<\/td><\/tr><tr><td>Prote\u00e7\u00e3o contra subtens\u00e3o<\/td><td>Vers\u00e3o nacional:Qutput 90V\u00b15V Edi\u00e7\u00e3o estrangeira:Qutput 180V\u00b15V<\/td><\/tr><tr><td>Fator de pot\u00eancia<\/td><td>0.9<\/td><\/tr><tr><td>Tempo de resposta<\/td><td>\u22641.5S<\/td><\/tr><tr><td>Resist\u00eancia de isolamento<\/td><td>&gt;50MQ<\/td><\/tr><tr><td>Distor\u00e7\u00e3o da forma de onda<\/td><td>Sem distor\u00e7\u00e3o adicional da forma de onda<\/td><\/tr><tr><td>Temperatura ambiente<\/td><td>-10\u00b0C~+ 40\u00b0C<\/td><\/tr><\/tbody><\/table><\/figure>\n\n\n\n<h2 class=\"wp-block-heading\">Especifica\u00e7\u00f5es<\/h2>\n\n\n\n<figure class=\"wp-block-table\"><table class=\"has-fixed-layout\"><tbody><tr><td colspan=\"2\">MODELO<\/td><td>Tens\u00e3o de entrada<\/td><td>Tens\u00e3o de sa\u00edda<\/td><td>Medida (mm) Comprimento*Largura*Altura<\/td><\/tr><tr><td rowspan=\"3\">Vers\u00e3o nacional<\/td><td>JYK-0,5KVA<\/td><td rowspan=\"3\">220V<\/td><td rowspan=\"3\">100V 110V<\/td><td>190*242*760<\/td><\/tr><tr><td>JYK-1KVA<\/td><td>190*242*760<\/td><\/tr><tr><td>JYK-2KVA<\/td><td>190*242*760<\/td><\/tr><tr><td rowspan=\"3\">Edi\u00e7\u00e3o no estrangeiro<\/td><td>JYK-0,5KVA<\/td><td rowspan=\"3\">110V<\/td><td rowspan=\"3\">220V<\/td><td>190*242*760<\/td><\/tr><tr><td>JYK-1KVA<\/td><td>190*242*760<\/td><\/tr><tr><td>JYK-2KVA<\/td><td>190*242*760<\/td><\/tr><\/tbody><\/table><\/figure>\n\n\n\n<h2 class=\"wp-block-heading\">Aplica\u00e7\u00f5es t\u00edpicas<\/h2>\n\n\n\n<ul class=\"wp-block-list\">\n<li><strong>Viagens e escrit\u00f3rio<\/strong>: Alimenta\u00e7\u00e3o de computadores port\u00e1teis, carregadores e pequenos electrodom\u00e9sticos no estrangeiro<\/li>\n\n\n\n<li><strong>Eletr\u00f3nica dom\u00e9stica<\/strong>: Proteger televisores, consolas de jogos e sistemas de som<\/li>\n\n\n\n<li><strong>Laborat\u00f3rio e medicina<\/strong>: Fornecer energia precisa e limpa a instrumentos anal\u00edticos<\/li>\n\n\n\n<li><strong>Expositores de retalho<\/strong>: Assegurar uma ilumina\u00e7\u00e3o coerente e a sinaliza\u00e7\u00e3o eletr\u00f3nica<\/li>\n<\/ul>\n\n\n\n<h2 class=\"wp-block-heading\">FAQ<\/h2>\n\n\n\n<p><strong>Q1: Que carga pode suportar um transformador toroidal de 500 VA?<\/strong><br>A1: A <strong>Transformador toroidal de 500 VA<\/strong> alimenta confortavelmente dispositivos com uma carga cont\u00ednua at\u00e9 450 W (por exemplo, carregadores de computadores port\u00e1teis, televisores LED). Deixe sempre uma margem de seguran\u00e7a de 20% para as correntes de arranque.<\/p>\n\n\n\n<p><strong>P2: Como posso escolher entre os modelos de 1000 VA e 2000 VA?<\/strong><br>A2: Some a pot\u00eancia de todos os aparelhos que tenciona fazer funcionar em simult\u00e2neo. Por exemplo, se o total de aparelhos for 1,2 kW, selecione a op\u00e7\u00e3o <strong>2000 VA<\/strong> para permitir espa\u00e7o livre e evitar o sobreaquecimento.<\/p>\n\n\n\n<p><strong>Q3: Onde posso encontrar o melhor pre\u00e7o de transformador toroidal?<\/strong><br>A3: Contacte a nossa equipa de vendas para obter descontos por volume e or\u00e7amentos personalizados. Oferecemos pre\u00e7os competitivos em todas as capacidades - garantindo a melhor <strong>pre\u00e7o do transformador toroidal<\/strong> sem sacrificar o desempenho.<\/p>\n\n\n\n<p>Assegure hoje uma convers\u00e3o de energia fi\u00e1vel e sem distor\u00e7\u00e3o com os produtos ZHENGXI <strong>Transformador autom\u00e1tico toroidal de baixa tens\u00e3o<\/strong> s\u00e9rie. <strong>Informe-se j\u00e1<\/strong> para pre\u00e7os e entrega!<\/p>","protected":false},"excerpt":{"rendered":"<p>Vantagens principais Par\u00e2metros t\u00e9cnicos Modelo NO. JYK Capacidade 0.5KVA 1KVA 2KVA Prote\u00e7\u00e3o contra sobretens\u00e3o Vers\u00e3o nacional:Sa\u00edda 135V\u00b15V Edi\u00e7\u00e3o estrangeira:Sa\u00edda 265V\u00b15V Prote\u00e7\u00e3o contra subtens\u00e3o Vers\u00e3o nacional:Qutput 90V\u00b15V Edi\u00e7\u00e3o estrangeira:Qutput 180V\u00b15V Fator de pot\u00eancia 0.9 Tempo de resposta \u22641.5S Resist\u00eancia de isolamento &gt;50MQ Distor\u00e7\u00e3o da forma de onda Sem distor\u00e7\u00e3o adicional da forma de onda Temperatura ambiente -10\u00b0C~+ 40\u00b0C Especifica\u00e7\u00f5es MODELO Tens\u00e3o de entrada Tens\u00e3o de sa\u00edda Medida (mm) Comprimento*Largura*Altura Vers\u00e3o nacional JYK-0.5KVA 220V 100V 110V 190*242*760 JYK-1KVA 190*242*760 JYK-2KVA 190*242*760 Vers\u00e3o estrangeira JYK-0.5KVA 110V 220V 190*242*760 JYK-1KVA [...]<\/p>","protected":false},"featured_media":2015,"parent":0,"menu_order":0,"template":"","tags":[],"product-categories":[58],"class_list":["post-2014","product","type-product","status-publish","has-post-thumbnail","hentry","product-categories-low-voltage-transformer"],"acf":[],"yoast_head":"<!-- This site is optimized with the Yoast SEO plugin v25.7 - https:\/\/yoast.com\/wordpress\/plugins\/seo\/ -->\n<title>Low Voltage Toroidal Auto Transformer Manufacturer | Competitive price - SUNWAY<\/title>\n<meta name=\"robots\" content=\"index, follow, max-snippet:-1, max-image-preview:large, max-video-preview:-1\" \/>\n<link rel=\"canonical\" href=\"https:\/\/www.lauramak.com\/pt\/produto\/low-voltage-toroidal-auto-transformer\/\" \/>\n<meta property=\"og:locale\" content=\"pt_PT\" \/>\n<meta property=\"og:type\" content=\"article\" \/>\n<meta property=\"og:title\" content=\"Low Voltage Toroidal Auto Transformer Manufacturer | Competitive price - SUNWAY\" \/>\n<meta property=\"og:description\" content=\"Core Advantages Technical Parameters Model NO. JYK Capacity 0.5KVA&nbsp;&nbsp; 1KVA&nbsp;&nbsp; 2KVA Overvoltage&nbsp;protection Domestic&nbsp;version:Output&nbsp;135V\u00b15V&nbsp;&nbsp;&nbsp;&nbsp;&nbsp;&nbsp;Overseas&nbsp;Edition:Output&nbsp;265V\u00b15V Undervoltage&nbsp;protection Domestic&nbsp;version:Qutput&nbsp;90V\u00b15V&nbsp;&nbsp;&nbsp;&nbsp;&nbsp;&nbsp;&nbsp;&nbsp;Overseas&nbsp;Edition:Qutput&nbsp;180V\u00b15V Power&nbsp;Factor 0.9 Response time \u22641.5S Insulation&nbsp;resistance &gt;50MQ Waveform distortion No additional waveform distortion Ambient temperature -10\u00b0C~+ 40\u00b0C Specifications MODEL Input voltage Output voltage Measurement(mm)&nbsp;Length*Width*Height Domestic&nbsp;version JYK-0.5KVA 220V 100V&nbsp; 110V 190*242*760 JYK-1KVA 190*242*760 JYK-2KVA 190*242*760 Overseas&nbsp;Edition JYK-0.5KVA 110V 220V 190*242*760 JYK-1KVA [&hellip;]\" \/>\n<meta property=\"og:url\" content=\"https:\/\/www.lauramak.com\/pt\/produto\/low-voltage-toroidal-auto-transformer\/\" \/>\n<meta property=\"og:site_name\" content=\"SUNWAY\" \/>\n<meta property=\"article:modified_time\" content=\"2025-07-10T08:33:12+00:00\" \/>\n<meta property=\"og:image\" content=\"https:\/\/www.lauramak.com\/wp-content\/uploads\/2025\/07\/1000va-toroidal-transformer.jpg\" \/>\n\t<meta property=\"og:image:width\" content=\"800\" \/>\n\t<meta property=\"og:image:height\" content=\"800\" \/>\n\t<meta property=\"og:image:type\" content=\"image\/jpeg\" \/>\n<meta name=\"twitter:card\" content=\"summary_large_image\" \/>\n<meta name=\"twitter:label1\" content=\"Tempo estimado de leitura\" \/>\n\t<meta name=\"twitter:data1\" content=\"3 minutos\" \/>\n<script type=\"application\/ld+json\" class=\"yoast-schema-graph\">{\"@context\":\"https:\/\/schema.org\",\"@graph\":[{\"@type\":\"WebPage\",\"@id\":\"https:\/\/www.lauramak.com\/product\/low-voltage-toroidal-auto-transformer\/\",\"url\":\"https:\/\/www.lauramak.com\/product\/low-voltage-toroidal-auto-transformer\/\",\"name\":\"Low Voltage Toroidal Auto Transformer Manufacturer | Competitive price - SUNWAY\",\"isPartOf\":{\"@id\":\"https:\/\/www.lauramak.com\/#website\"},\"primaryImageOfPage\":{\"@id\":\"https:\/\/www.lauramak.com\/product\/low-voltage-toroidal-auto-transformer\/#primaryimage\"},\"image\":{\"@id\":\"https:\/\/www.lauramak.com\/product\/low-voltage-toroidal-auto-transformer\/#primaryimage\"},\"thumbnailUrl\":\"https:\/\/www.lauramak.com\/wp-content\/uploads\/2025\/07\/1000va-toroidal-transformer.jpg\",\"datePublished\":\"2025-07-10T07:01:10+00:00\",\"dateModified\":\"2025-07-10T08:33:12+00:00\",\"breadcrumb\":{\"@id\":\"https:\/\/www.lauramak.com\/product\/low-voltage-toroidal-auto-transformer\/#breadcrumb\"},\"inLanguage\":\"pt-PT\",\"potentialAction\":[{\"@type\":\"ReadAction\",\"target\":[\"https:\/\/www.lauramak.com\/product\/low-voltage-toroidal-auto-transformer\/\"]}]},{\"@type\":\"ImageObject\",\"inLanguage\":\"pt-PT\",\"@id\":\"https:\/\/www.lauramak.com\/product\/low-voltage-toroidal-auto-transformer\/#primaryimage\",\"url\":\"https:\/\/www.lauramak.com\/wp-content\/uploads\/2025\/07\/1000va-toroidal-transformer.jpg\",\"contentUrl\":\"https:\/\/www.lauramak.com\/wp-content\/uploads\/2025\/07\/1000va-toroidal-transformer.jpg\",\"width\":800,\"height\":800,\"caption\":\"1000va toroidal transformer\"},{\"@type\":\"BreadcrumbList\",\"@id\":\"https:\/\/www.lauramak.com\/product\/low-voltage-toroidal-auto-transformer\/#breadcrumb\",\"itemListElement\":[{\"@type\":\"ListItem\",\"position\":1,\"name\":\"Home\",\"item\":\"https:\/\/www.lauramak.com\/\"},{\"@type\":\"ListItem\",\"position\":2,\"name\":\"Products\",\"item\":\"https:\/\/www.lauramak.com\/product\/\"},{\"@type\":\"ListItem\",\"position\":3,\"name\":\"JYK 500va 1000va 2000va Low Voltage Toroidal Auto Transformer\"}]},{\"@type\":\"WebSite\",\"@id\":\"https:\/\/www.lauramak.com\/#website\",\"url\":\"https:\/\/www.lauramak.com\/\",\"name\":\"SUNWAY\",\"description\":\"ZHENGXI GROUP\u2018 Subsidiary\",\"publisher\":{\"@id\":\"https:\/\/www.lauramak.com\/#organization\"},\"potentialAction\":[{\"@type\":\"SearchAction\",\"target\":{\"@type\":\"EntryPoint\",\"urlTemplate\":\"https:\/\/www.lauramak.com\/?s={search_term_string}\"},\"query-input\":{\"@type\":\"PropertyValueSpecification\",\"valueRequired\":true,\"valueName\":\"search_term_string\"}}],\"inLanguage\":\"pt-PT\"},{\"@type\":\"Organization\",\"@id\":\"https:\/\/www.lauramak.com\/#organization\",\"name\":\"SUNWAY\",\"url\":\"https:\/\/www.lauramak.com\/\",\"logo\":{\"@type\":\"ImageObject\",\"inLanguage\":\"pt-PT\",\"@id\":\"https:\/\/www.lauramak.com\/#\/schema\/logo\/image\/\",\"url\":\"https:\/\/www.lauramak.com\/wp-content\/uploads\/2025\/07\/sunway-logo.webp\",\"contentUrl\":\"https:\/\/www.lauramak.com\/wp-content\/uploads\/2025\/07\/sunway-logo.webp\",\"width\":319,\"height\":89,\"caption\":\"SUNWAY\"},\"image\":{\"@id\":\"https:\/\/www.lauramak.com\/#\/schema\/logo\/image\/\"}}]}<\/script>\n<!-- \/ Yoast SEO plugin. -->","yoast_head_json":{"title":"Low Voltage Toroidal Auto Transformer Manufacturer | Competitive price - SUNWAY","robots":{"index":"index","follow":"follow","max-snippet":"max-snippet:-1","max-image-preview":"max-image-preview:large","max-video-preview":"max-video-preview:-1"},"canonical":"https:\/\/www.lauramak.com\/pt\/produto\/low-voltage-toroidal-auto-transformer\/","og_locale":"pt_PT","og_type":"article","og_title":"Low Voltage Toroidal Auto Transformer Manufacturer | Competitive price - SUNWAY","og_description":"Core Advantages Technical Parameters Model NO. JYK Capacity 0.5KVA&nbsp;&nbsp; 1KVA&nbsp;&nbsp; 2KVA Overvoltage&nbsp;protection Domestic&nbsp;version:Output&nbsp;135V\u00b15V&nbsp;&nbsp;&nbsp;&nbsp;&nbsp;&nbsp;Overseas&nbsp;Edition:Output&nbsp;265V\u00b15V Undervoltage&nbsp;protection Domestic&nbsp;version:Qutput&nbsp;90V\u00b15V&nbsp;&nbsp;&nbsp;&nbsp;&nbsp;&nbsp;&nbsp;&nbsp;Overseas&nbsp;Edition:Qutput&nbsp;180V\u00b15V Power&nbsp;Factor 0.9 Response time \u22641.5S Insulation&nbsp;resistance &gt;50MQ Waveform distortion No additional waveform distortion Ambient temperature -10\u00b0C~+ 40\u00b0C Specifications MODEL Input voltage Output voltage Measurement(mm)&nbsp;Length*Width*Height Domestic&nbsp;version JYK-0.5KVA 220V 100V&nbsp; 110V 190*242*760 JYK-1KVA 190*242*760 JYK-2KVA 190*242*760 Overseas&nbsp;Edition JYK-0.5KVA 110V 220V 190*242*760 JYK-1KVA [&hellip;]","og_url":"https:\/\/www.lauramak.com\/pt\/produto\/low-voltage-toroidal-auto-transformer\/","og_site_name":"SUNWAY","article_modified_time":"2025-07-10T08:33:12+00:00","og_image":[{"width":800,"height":800,"url":"https:\/\/www.lauramak.com\/wp-content\/uploads\/2025\/07\/1000va-toroidal-transformer.jpg","type":"image\/jpeg"}],"twitter_card":"summary_large_image","twitter_misc":{"Tempo estimado de leitura":"3 minutos"},"schema":{"@context":"https:\/\/schema.org","@graph":[{"@type":"WebPage","@id":"https:\/\/www.lauramak.com\/product\/low-voltage-toroidal-auto-transformer\/","url":"https:\/\/www.lauramak.com\/product\/low-voltage-toroidal-auto-transformer\/","name":"Low Voltage Toroidal Auto Transformer Manufacturer | Competitive price - SUNWAY","isPartOf":{"@id":"https:\/\/www.lauramak.com\/#website"},"primaryImageOfPage":{"@id":"https:\/\/www.lauramak.com\/product\/low-voltage-toroidal-auto-transformer\/#primaryimage"},"image":{"@id":"https:\/\/www.lauramak.com\/product\/low-voltage-toroidal-auto-transformer\/#primaryimage"},"thumbnailUrl":"https:\/\/www.lauramak.com\/wp-content\/uploads\/2025\/07\/1000va-toroidal-transformer.jpg","datePublished":"2025-07-10T07:01:10+00:00","dateModified":"2025-07-10T08:33:12+00:00","breadcrumb":{"@id":"https:\/\/www.lauramak.com\/product\/low-voltage-toroidal-auto-transformer\/#breadcrumb"},"inLanguage":"pt-PT","potentialAction":[{"@type":"ReadAction","target":["https:\/\/www.lauramak.com\/product\/low-voltage-toroidal-auto-transformer\/"]}]},{"@type":"ImageObject","inLanguage":"pt-PT","@id":"https:\/\/www.lauramak.com\/product\/low-voltage-toroidal-auto-transformer\/#primaryimage","url":"https:\/\/www.lauramak.com\/wp-content\/uploads\/2025\/07\/1000va-toroidal-transformer.jpg","contentUrl":"https:\/\/www.lauramak.com\/wp-content\/uploads\/2025\/07\/1000va-toroidal-transformer.jpg","width":800,"height":800,"caption":"1000va toroidal transformer"},{"@type":"BreadcrumbList","@id":"https:\/\/www.lauramak.com\/product\/low-voltage-toroidal-auto-transformer\/#breadcrumb","itemListElement":[{"@type":"ListItem","position":1,"name":"Home","item":"https:\/\/www.lauramak.com\/"},{"@type":"ListItem","position":2,"name":"Products","item":"https:\/\/www.lauramak.com\/product\/"},{"@type":"ListItem","position":3,"name":"JYK 500va 1000va 2000va Low Voltage Toroidal Auto Transformer"}]},{"@type":"WebSite","@id":"https:\/\/www.lauramak.com\/#website","url":"https:\/\/www.lauramak.com\/","name":"SUNWAY","description":"ZHENGXI GROUP\u2018 Subsidiary","publisher":{"@id":"https:\/\/www.lauramak.com\/#organization"},"potentialAction":[{"@type":"SearchAction","target":{"@type":"EntryPoint","urlTemplate":"https:\/\/www.lauramak.com\/?s={search_term_string}"},"query-input":{"@type":"PropertyValueSpecification","valueRequired":true,"valueName":"search_term_string"}}],"inLanguage":"pt-PT"},{"@type":"Organization","@id":"https:\/\/www.lauramak.com\/#organization","name":"SUNWAY","url":"https:\/\/www.lauramak.com\/","logo":{"@type":"ImageObject","inLanguage":"pt-PT","@id":"https:\/\/www.lauramak.com\/#\/schema\/logo\/image\/","url":"https:\/\/www.lauramak.com\/wp-content\/uploads\/2025\/07\/sunway-logo.webp","contentUrl":"https:\/\/www.lauramak.com\/wp-content\/uploads\/2025\/07\/sunway-logo.webp","width":319,"height":89,"caption":"SUNWAY"},"image":{"@id":"https:\/\/www.lauramak.com\/#\/schema\/logo\/image\/"}}]}},"_links":{"self":[{"href":"https:\/\/www.lauramak.com\/pt\/wp-json\/wp\/v2\/product\/2014","targetHints":{"allow":["GET"]}}],"collection":[{"href":"https:\/\/www.lauramak.com\/pt\/wp-json\/wp\/v2\/product"}],"about":[{"href":"https:\/\/www.lauramak.com\/pt\/wp-json\/wp\/v2\/types\/product"}],"version-history":[{"count":7,"href":"https:\/\/www.lauramak.com\/pt\/wp-json\/wp\/v2\/product\/2014\/revisions"}],"predecessor-version":[{"id":2040,"href":"https:\/\/www.lauramak.com\/pt\/wp-json\/wp\/v2\/product\/2014\/revisions\/2040"}],"wp:featuredmedia":[{"embeddable":true,"href":"https:\/\/www.lauramak.com\/pt\/wp-json\/wp\/v2\/media\/2015"}],"wp:attachment":[{"href":"https:\/\/www.lauramak.com\/pt\/wp-json\/wp\/v2\/media?parent=2014"}],"wp:term":[{"taxonomy":"post_tag","embeddable":true,"href":"https:\/\/www.lauramak.com\/pt\/wp-json\/wp\/v2\/tags?post=2014"},{"taxonomy":"product-categories","embeddable":true,"href":"https:\/\/www.lauramak.com\/pt\/wp-json\/wp\/v2\/product-categories?post=2014"}],"curies":[{"name":"wp","href":"https:\/\/api.w.org\/{rel}","templated":true}]}}