{"id":1997,"date":"2025-07-08T08:12:03","date_gmt":"2025-07-08T08:12:03","guid":{"rendered":"https:\/\/www.lauramak.com\/?post_type=product&#038;p=1997"},"modified":"2025-09-19T06:14:02","modified_gmt":"2025-09-19T06:14:02","slug":"custom-audio-toroidal-transformer","status":"publish","type":"product","link":"https:\/\/www.lauramak.com\/pt\/produto\/transformador-toroidal-de-audio-personalizado\/","title":{"rendered":"Transformador toroidal de \u00e1udio personalizado 100va 300va 500va 1000va"},"content":{"rendered":"<h2 class=\"wp-block-heading\">O que \u00e9 um transformador toroidal de \u00e1udio personalizado?<\/h2>\n\n\n\n<p>A <strong>transformador toroidal de \u00e1udio personalizado<\/strong> \u00e9 um dispositivo de convers\u00e3o de energia com um n\u00facleo em forma de anel, normalmente feito de material ferromagn\u00e9tico de alta qualidade. Este design oferece v\u00e1rias vantagens importantes, incluindo tamanho reduzido, maior efici\u00eancia e interfer\u00eancia electromagn\u00e9tica (EMI) m\u00ednima, tornando-o uma escolha ideal para equipamento \u00e1udio de alta fidelidade (Hi-Fi). A natureza compacta do <strong>transformadores toroidais<\/strong> permite-lhes fornecer uma sa\u00edda potente e est\u00e1vel sem gerar ru\u00eddo ou calor excessivos.<\/p>\n\n\n\n<p>Estes transformadores s\u00e3o normalmente utilizados em sistemas de \u00e1udio, amplificadores e outro equipamento de som profissional para garantir um fornecimento de energia consistente, preservando a qualidade dos sinais de \u00e1udio e minimizando a distor\u00e7\u00e3o.<\/p>\n\n\n\n<h2 class=\"wp-block-heading\">Carater\u00edsticas principais<\/h2>\n\n\n\n<ol class=\"wp-block-list\">\n<li><strong>Design compacto e eficiente<\/strong>:<br>O nosso <strong>transformadores toroidais<\/strong> s\u00e3o compactos e leves, poupando espa\u00e7o valioso no equipamento \u00e1udio. Apesar do seu tamanho reduzido, s\u00e3o capazes de suportar cargas de pot\u00eancia elevadas sem comprometer o desempenho.<\/li>\n\n\n\n<li><strong>Funcionamento com baixo ru\u00eddo<\/strong>:<br>Uma das principais vantagens do <strong>transformadores toroidais<\/strong> \u00e9 a sua capacidade de minimizar o ru\u00eddo. O design do n\u00facleo em forma de anel garante uma interfer\u00eancia electromagn\u00e9tica m\u00ednima, tornando-os perfeitos para equipamento de \u00e1udio topo de gama em que a alimenta\u00e7\u00e3o limpa e ininterrupta \u00e9 fundamental.<\/li>\n\n\n\n<li><strong>Alta efici\u00eancia<\/strong>:<br><strong>Transformadores toroidais<\/strong> proporcionam uma elevada efici\u00eancia atrav\u00e9s da redu\u00e7\u00e3o das perdas no n\u00facleo. Isto traduz-se num menor desperd\u00edcio de energia e gera\u00e7\u00e3o de calor, tornando-os a escolha ideal para o funcionamento cont\u00ednuo em ambientes exigentes.<\/li>\n\n\n\n<li><strong>Regula\u00e7\u00e3o precisa da tens\u00e3o<\/strong>:<br>O nosso <strong>transformadores de pot\u00eancia toroidais personalizados<\/strong> garantem uma sa\u00edda de tens\u00e3o est\u00e1vel, o que \u00e9 essencial para alimentar equipamento \u00e1udio sens\u00edvel. Esta regula\u00e7\u00e3o precisa da tens\u00e3o evita qualquer degrada\u00e7\u00e3o ou distor\u00e7\u00e3o do desempenho, proporcionando a melhor qualidade de \u00e1udio.<\/li>\n\n\n\n<li><strong>Dispon\u00edvel em v\u00e1rias pot\u00eancias nominais<\/strong>:<br>Oferecemos <strong>100VA<\/strong>, <strong>300VA<\/strong>, <strong>500VA<\/strong>e <strong>1000VA<\/strong> <strong>transformadores toroidais<\/strong> para atender a diferentes aplica\u00e7\u00f5es de \u00e1udio, desde pequenos sistemas de \u00e1udio dom\u00e9sticos at\u00e9 grandes sistemas de som profissionais. Cada transformador \u00e9 constru\u00eddo para lidar com as exig\u00eancias espec\u00edficas de pot\u00eancia do seu equipamento.<\/li>\n<\/ol>\n\n\n\n<div style=\"height:20px\" aria-hidden=\"true\" class=\"wp-block-spacer\"><\/div>\n\n\n\n<div class=\"wp-block-columns is-layout-flex wp-container-core-columns-is-layout-28f84493 wp-block-columns-is-layout-flex\">\n<div class=\"wp-block-column is-layout-flow wp-block-column-is-layout-flow\">\n<figure class=\"wp-block-image size-full\"><img fetchpriority=\"high\" decoding=\"async\" width=\"550\" height=\"415\" src=\"https:\/\/www.lauramak.com\/wp-content\/uploads\/2025\/07\/toroidal-transformer-suppliers.webp\" alt=\"fornecedores de transformadores toroidais\" class=\"wp-image-2008\" srcset=\"https:\/\/www.lauramak.com\/wp-content\/uploads\/2025\/07\/toroidal-transformer-suppliers.webp 550w, https:\/\/www.lauramak.com\/wp-content\/uploads\/2025\/07\/toroidal-transformer-suppliers-300x226.webp 300w\" sizes=\"(max-width: 550px) 100vw, 550px\" \/><\/figure>\n<\/div>\n\n\n\n<div class=\"wp-block-column is-layout-flow wp-block-column-is-layout-flow\">\n<figure class=\"wp-block-image size-full\"><img decoding=\"async\" width=\"550\" height=\"415\" src=\"https:\/\/www.lauramak.com\/wp-content\/uploads\/2025\/07\/low-voltage-toroidal-transformer.webp\" alt=\"transformador toroidal de baixa tens\u00e3o\" class=\"wp-image-2009\" srcset=\"https:\/\/www.lauramak.com\/wp-content\/uploads\/2025\/07\/low-voltage-toroidal-transformer.webp 550w, https:\/\/www.lauramak.com\/wp-content\/uploads\/2025\/07\/low-voltage-toroidal-transformer-300x226.webp 300w\" sizes=\"(max-width: 550px) 100vw, 550px\" \/><\/figure>\n<\/div>\n<\/div>\n\n\n\n<figure class=\"wp-block-image size-full\"><img decoding=\"async\" width=\"941\" height=\"353\" src=\"https:\/\/www.lauramak.com\/wp-content\/uploads\/2025\/07\/Iron-Core-Toroidal-Power-Transformer.webp\" alt=\"Transformador de pot\u00eancia toroidal com n\u00facleo de ferro\" class=\"wp-image-2007\" srcset=\"https:\/\/www.lauramak.com\/wp-content\/uploads\/2025\/07\/Iron-Core-Toroidal-Power-Transformer.webp 941w, https:\/\/www.lauramak.com\/wp-content\/uploads\/2025\/07\/Iron-Core-Toroidal-Power-Transformer-300x113.webp 300w, https:\/\/www.lauramak.com\/wp-content\/uploads\/2025\/07\/Iron-Core-Toroidal-Power-Transformer-768x288.webp 768w\" sizes=\"(max-width: 941px) 100vw, 941px\" \/><\/figure>\n\n\n\n<h2 class=\"wp-block-heading\">Par\u00e2metros do produto<\/h2>\n\n\n\n<figure class=\"wp-block-table\"><table class=\"has-fixed-layout\"><tbody><tr><td>Descri\u00e7\u00e3o<\/td><td>Transformador toroidal<\/td><td>Corrente nominal<\/td><td>83A<\/td><\/tr><tr><td>Pot\u00eancia<\/td><td>100OVA<\/td><td>For\u00e7a el\u00e9ctrica<\/td><td>Tens\u00e3o com suporte 2500V<\/td><\/tr><tr><td>Frequ\u00eancia<\/td><td>50Hz\/60Hz<\/td><td>Fio de entrada<\/td><td>L:Azul N:Vermelho<\/td><\/tr><tr><td>Tens\u00e3o de entrada<\/td><td>AC220V<\/td><td>Fio de sa\u00edda<\/td><td>L:Verde N:Amarelo<\/td><\/tr><tr><td>Tens\u00e3o de sa\u00edda<\/td><td>AC12V<\/td><td>Peso<\/td><td>7.05KgS<\/td><\/tr><\/tbody><\/table><\/figure>\n\n\n\n<figure class=\"wp-block-table\"><table class=\"has-fixed-layout\"><tbody><tr><td rowspan=\"2\">Pot\u00eancia VA<\/td><td colspan=\"2\">Dimens\u00e3o mm<\/td><td>Peso<\/td><\/tr><tr><td>Altura<\/td><td>Di\u00e2metro<\/td><td>Kgs<\/td><\/tr><tr><td>50-100<\/td><td><\/td><td><\/td><td><\/td><\/tr><tr><td>150<\/td><td>55<\/td><td>107<\/td><td>4.1<\/td><\/tr><tr><td>200<\/td><td>57<\/td><td>108<\/td><td>4.9<\/td><\/tr><tr><td>250<\/td><td>67<\/td><td>107<\/td><td>5.6<\/td><\/tr><tr><td>300<\/td><td>60<\/td><td>125<\/td><td>6.2<\/td><\/tr><tr><td>350<\/td><td>63<\/td><td>127<\/td><td>6.7<\/td><\/tr><tr><td>400<\/td><td>65<\/td><td>129<\/td><td>7.1<\/td><\/tr><tr><td>450<\/td><td>66<\/td><td>130<\/td><td>7.3<\/td><\/tr><tr><td>500<\/td><td>68<\/td><td>134<\/td><td>8.5<\/td><\/tr><tr><td>550<\/td><td>70<\/td><td>134<\/td><td>9.1<\/td><\/tr><tr><td>600<\/td><td>72<\/td><td>136<\/td><td>9.3<\/td><\/tr><tr><td>650<\/td><td>75<\/td><td>137<\/td><td>9.5<\/td><\/tr><tr><td>700<\/td><td>76<\/td><td>138<\/td><td>9.7<\/td><\/tr><tr><td>800<\/td><td>77<\/td><td>140<\/td><td>11.5<\/td><\/tr><tr><td>900<\/td><td>73<\/td><td>143<\/td><td>13.5<\/td><\/tr><tr><td>1K<\/td><td>75<\/td><td>145<\/td><td>14.1<\/td><\/tr><tr><td>1.5K<\/td><td>85<\/td><td>182<\/td><td>21<\/td><\/tr><tr><td>2K<\/td><td>90<\/td><td>185<\/td><td>22.5<\/td><\/tr><\/tbody><\/table><\/figure>\n\n\n\n<h2 class=\"wp-block-heading\">Porqu\u00ea escolher a ZHENGXI<\/h2>\n\n\n\n<p><strong>Fabricante especializado<\/strong>:<br>Como experiente <strong>fabricante de transformadores toroidais<\/strong>Somos especializados na conce\u00e7\u00e3o e produ\u00e7\u00e3o de <strong>transformadores de pot\u00eancia toroidais personalizados<\/strong> adaptados \u00e0s necessidades espec\u00edficas dos sistemas de \u00e1udio. Os nossos transformadores s\u00e3o concebidos para um elevado desempenho, fiabilidade e funcionamento duradouro.<\/p>\n\n\n\n<p><strong>Qualidade e personaliza\u00e7\u00e3o<\/strong>:<br>Em <strong>ZHENGXI El\u00e9ctrica<\/strong>, oferecemos <strong>transformadores toroidais de \u00e1udio personalizados<\/strong> concebidos para satisfazer as especifica\u00e7\u00f5es exactas do seu equipamento. Quer necessite de um <strong>Transformador toroidal de 100VA<\/strong> para uso dom\u00e9stico ou um <strong>Transformador toroidal de 1000VA<\/strong> para aplica\u00e7\u00f5es profissionais, fornecemos solu\u00e7\u00f5es que proporcionam um desempenho \u00f3timo.<\/p>\n\n\n\n<p><strong>Pre\u00e7os competitivos<\/strong>:<br>Oferecemos <strong>pre\u00e7os de transformadores toroidais<\/strong> que s\u00e3o competitivos no sector. O nosso objetivo \u00e9 proporcionar-lhe o melhor valor para o seu investimento, mantendo os mais elevados padr\u00f5es de qualidade e desempenho.<\/p>\n\n\n\n<p><strong>Envio e suporte global<\/strong>:<br>Com uma forte rede global, garantimos um envio r\u00e1pido e um excelente apoio ao cliente para o ajudar a escolher o transformador certo para as suas necessidades.<\/p>\n\n\n\n<h2 class=\"wp-block-heading\">FAQ<\/h2>\n\n\n\n<h4 class=\"wp-block-heading\">1. O que \u00e9 um <strong>transformador toroidal<\/strong> e porque \u00e9 que \u00e9 utilizado em sistemas de \u00e1udio?<\/h4>\n\n\n\n<p>A <strong>transformador toroidal<\/strong> apresenta um design de n\u00facleo compacto em forma de anel que oferece uma elevada efici\u00eancia, baixo ru\u00eddo e interfer\u00eancia electromagn\u00e9tica (EMI) m\u00ednima. Estas carater\u00edsticas tornam <strong>transformadores toroidais<\/strong> ideal para alimentar equipamento \u00e1udio sens\u00edvel e garantir sinais \u00e1udio n\u00edtidos e ininterruptos.<\/p>\n\n\n\n<h4 class=\"wp-block-heading\">2. Posso obter um <strong>transformador de pot\u00eancia toroidal personalizado<\/strong> para o meu sistema \u00e1udio espec\u00edfico?<\/h4>\n\n\n\n<p>Sim, <strong>ZHENGXI El\u00e9ctrica<\/strong> ofertas <strong>transformadores de pot\u00eancia toroidais personalizados<\/strong> concebidos para satisfazer as especifica\u00e7\u00f5es exactas do seu equipamento \u00e1udio. Quer necessite de uma tens\u00e3o, corrente ou capacidade de pot\u00eancia espec\u00edficas, podemos conceber uma solu\u00e7\u00e3o que se adapte \u00e0s suas necessidades.<\/p>\n\n\n\n<h4 class=\"wp-block-heading\">3. Quais s\u00e3o as vantagens de utilizar um <strong>transformador toroidal<\/strong> em equipamento \u00e1udio?<\/h4>\n\n\n\n<p><strong>Transformadores toroidais<\/strong> proporcionam v\u00e1rias vantagens para o equipamento de \u00e1udio, incluindo maior efici\u00eancia, ru\u00eddo reduzido, EMI m\u00ednima e design compacto. Estas vantagens garantem uma melhor qualidade de som, uma vida \u00fatil mais longa do equipamento e um desempenho est\u00e1vel.<\/p>\n\n\n\n<h4 class=\"wp-block-heading\">4. Qual \u00e9 a <strong>pre\u00e7o de um transformador toroidal<\/strong>?<\/h4>\n\n\n\n<p>O <strong>pre\u00e7o de um transformador toroidal<\/strong> depende de factores como a pot\u00eancia nominal, a personaliza\u00e7\u00e3o e a aplica\u00e7\u00e3o espec\u00edfica. <strong>ZHENGXI El\u00e9ctrica<\/strong> oferece pre\u00e7os competitivos em todos os <strong>transformadores toroidais de \u00e1udio personalizados<\/strong>A empresa \u00e9 uma das maiores empresas do mundo, oferecendo um excelente valor para produtos de alto desempenho.<\/p>\n\n\n\n<h2 class=\"wp-block-heading\">Conclus\u00e3o<\/h2>\n\n\n\n<p><strong>ZHENGXI El\u00e9ctrica<\/strong> oferece uma vasta gama de produtos de alta qualidade <strong>transformadores toroidais de \u00e1udio personalizados<\/strong> concebidos para melhorar o desempenho do seu equipamento \u00e1udio. Quer necessite de um <strong>100VA<\/strong>, <strong>300VA<\/strong>, <strong>500VA<\/strong>, ou <strong>1000VA<\/strong> as nossas solu\u00e7\u00f5es fornecem energia fi\u00e1vel, est\u00e1vel e sem ru\u00eddo para garantir a melhor experi\u00eancia de \u00e1udio.<\/p>","protected":false},"excerpt":{"rendered":"<p>Na ZHENGXI Electric, somos especializados em transformadores toroidais de \u00e1udio personalizados de alta qualidade que proporcionam um desempenho, estabilidade e efici\u00eancia superiores para equipamento de \u00e1udio. Dispon\u00edveis em pot\u00eancias nominais de 100VA, 300VA, 500VA e 1000VA, os nossos transformadores toroidais s\u00e3o concebidos para satisfazer as exig\u00eancias exclusivas de audi\u00f3filos, engenheiros de \u00e1udio e sistemas de som profissionais. Quer esteja \u00e0 procura de um fabricante fi\u00e1vel de transformadores toroidais ou precise de um transformador de pot\u00eancia toroidal personalizado a pre\u00e7os competitivos, fornecemos solu\u00e7\u00f5es personalizadas para satisfazer as suas necessidades.<\/p>","protected":false},"featured_media":1994,"parent":0,"menu_order":0,"template":"","tags":[],"product-categories":[59,58],"class_list":["post-1997","product","type-product","status-publish","has-post-thumbnail","hentry","product-categories-isolation-transformer","product-categories-low-voltage-transformer"],"acf":[],"yoast_head":"<!-- This site is optimized with the Yoast SEO plugin v25.7 - https:\/\/yoast.com\/wordpress\/plugins\/seo\/ -->\n<title>Leading Voltage Regulator and Transformer Manufacturer | Customized Power Solutions - SUNWAY<\/title>\n<meta name=\"robots\" content=\"index, follow, max-snippet:-1, max-image-preview:large, max-video-preview:-1\" \/>\n<link rel=\"canonical\" href=\"https:\/\/www.lauramak.com\/pt\/produto\/transformador-toroidal-de-audio-personalizado\/\" \/>\n<meta property=\"og:locale\" content=\"pt_PT\" \/>\n<meta property=\"og:type\" content=\"article\" \/>\n<meta property=\"og:title\" content=\"Leading Voltage Regulator and Transformer Manufacturer | Customized Power Solutions - SUNWAY\" \/>\n<meta property=\"og:description\" content=\"At ZHENGXI Electric, we specialize in high-quality custom audio toroidal transformers that deliver superior performance, stability, and efficiency for audio equipment. Available in power ratings of 100VA, 300VA, 500VA, and 1000VA, our toroidal transformers are designed to meet the unique demands of audiophiles, audio engineers, and professional sound systems. Whether you&#039;re looking for a reliable toroidal transformer manufacturer or need a custom toroidal power transformer at competitive prices, we provide tailored solutions to fit your needs.\" \/>\n<meta property=\"og:url\" content=\"https:\/\/www.lauramak.com\/pt\/produto\/transformador-toroidal-de-audio-personalizado\/\" \/>\n<meta property=\"og:site_name\" content=\"SUNWAY\" \/>\n<meta property=\"article:modified_time\" content=\"2025-09-19T06:14:02+00:00\" \/>\n<meta property=\"og:image\" content=\"https:\/\/www.lauramak.com\/wp-content\/uploads\/2025\/04\/Toroidal-Power-Transformer.webp\" \/>\n\t<meta property=\"og:image:width\" content=\"600\" \/>\n\t<meta property=\"og:image:height\" content=\"600\" \/>\n\t<meta property=\"og:image:type\" content=\"image\/webp\" \/>\n<meta name=\"twitter:card\" content=\"summary_large_image\" \/>\n<meta name=\"twitter:label1\" content=\"Tempo estimado de leitura\" \/>\n\t<meta name=\"twitter:data1\" content=\"5 minutos\" \/>\n<script type=\"application\/ld+json\" class=\"yoast-schema-graph\">{\"@context\":\"https:\/\/schema.org\",\"@graph\":[{\"@type\":\"WebPage\",\"@id\":\"https:\/\/www.lauramak.com\/product\/custom-audio-toroidal-transformer\/\",\"url\":\"https:\/\/www.lauramak.com\/product\/custom-audio-toroidal-transformer\/\",\"name\":\"Leading Voltage Regulator and Transformer Manufacturer | Customized Power Solutions - SUNWAY\",\"isPartOf\":{\"@id\":\"https:\/\/www.lauramak.com\/#website\"},\"primaryImageOfPage\":{\"@id\":\"https:\/\/www.lauramak.com\/product\/custom-audio-toroidal-transformer\/#primaryimage\"},\"image\":{\"@id\":\"https:\/\/www.lauramak.com\/product\/custom-audio-toroidal-transformer\/#primaryimage\"},\"thumbnailUrl\":\"https:\/\/www.lauramak.com\/wp-content\/uploads\/2025\/04\/Toroidal-Power-Transformer.webp\",\"datePublished\":\"2025-07-08T08:12:03+00:00\",\"dateModified\":\"2025-09-19T06:14:02+00:00\",\"breadcrumb\":{\"@id\":\"https:\/\/www.lauramak.com\/product\/custom-audio-toroidal-transformer\/#breadcrumb\"},\"inLanguage\":\"pt-PT\",\"potentialAction\":[{\"@type\":\"ReadAction\",\"target\":[\"https:\/\/www.lauramak.com\/product\/custom-audio-toroidal-transformer\/\"]}]},{\"@type\":\"ImageObject\",\"inLanguage\":\"pt-PT\",\"@id\":\"https:\/\/www.lauramak.com\/product\/custom-audio-toroidal-transformer\/#primaryimage\",\"url\":\"https:\/\/www.lauramak.com\/wp-content\/uploads\/2025\/04\/Toroidal-Power-Transformer.webp\",\"contentUrl\":\"https:\/\/www.lauramak.com\/wp-content\/uploads\/2025\/04\/Toroidal-Power-Transformer.webp\",\"width\":600,\"height\":600,\"caption\":\"Toroidal Power Transformer\"},{\"@type\":\"BreadcrumbList\",\"@id\":\"https:\/\/www.lauramak.com\/product\/custom-audio-toroidal-transformer\/#breadcrumb\",\"itemListElement\":[{\"@type\":\"ListItem\",\"position\":1,\"name\":\"Home\",\"item\":\"https:\/\/www.lauramak.com\/\"},{\"@type\":\"ListItem\",\"position\":2,\"name\":\"Products\",\"item\":\"https:\/\/www.lauramak.com\/product\/\"},{\"@type\":\"ListItem\",\"position\":3,\"name\":\"Custom Audio Toroidal Transformer 100va 300va 500va 1000va\"}]},{\"@type\":\"WebSite\",\"@id\":\"https:\/\/www.lauramak.com\/#website\",\"url\":\"https:\/\/www.lauramak.com\/\",\"name\":\"SUNWAY\",\"description\":\"ZHENGXI GROUP\u2018 Subsidiary\",\"publisher\":{\"@id\":\"https:\/\/www.lauramak.com\/#organization\"},\"potentialAction\":[{\"@type\":\"SearchAction\",\"target\":{\"@type\":\"EntryPoint\",\"urlTemplate\":\"https:\/\/www.lauramak.com\/?s={search_term_string}\"},\"query-input\":{\"@type\":\"PropertyValueSpecification\",\"valueRequired\":true,\"valueName\":\"search_term_string\"}}],\"inLanguage\":\"pt-PT\"},{\"@type\":\"Organization\",\"@id\":\"https:\/\/www.lauramak.com\/#organization\",\"name\":\"SUNWAY\",\"url\":\"https:\/\/www.lauramak.com\/\",\"logo\":{\"@type\":\"ImageObject\",\"inLanguage\":\"pt-PT\",\"@id\":\"https:\/\/www.lauramak.com\/#\/schema\/logo\/image\/\",\"url\":\"https:\/\/www.lauramak.com\/wp-content\/uploads\/2025\/07\/sunway-logo.webp\",\"contentUrl\":\"https:\/\/www.lauramak.com\/wp-content\/uploads\/2025\/07\/sunway-logo.webp\",\"width\":319,\"height\":89,\"caption\":\"SUNWAY\"},\"image\":{\"@id\":\"https:\/\/www.lauramak.com\/#\/schema\/logo\/image\/\"}}]}<\/script>\n<!-- \/ Yoast SEO plugin. -->","yoast_head_json":{"title":"Leading Voltage Regulator and Transformer Manufacturer | Customized Power Solutions - SUNWAY","robots":{"index":"index","follow":"follow","max-snippet":"max-snippet:-1","max-image-preview":"max-image-preview:large","max-video-preview":"max-video-preview:-1"},"canonical":"https:\/\/www.lauramak.com\/pt\/produto\/transformador-toroidal-de-audio-personalizado\/","og_locale":"pt_PT","og_type":"article","og_title":"Leading Voltage Regulator and Transformer Manufacturer | Customized Power Solutions - SUNWAY","og_description":"At ZHENGXI Electric, we specialize in high-quality custom audio toroidal transformers that deliver superior performance, stability, and efficiency for audio equipment. Available in power ratings of 100VA, 300VA, 500VA, and 1000VA, our toroidal transformers are designed to meet the unique demands of audiophiles, audio engineers, and professional sound systems. Whether you're looking for a reliable toroidal transformer manufacturer or need a custom toroidal power transformer at competitive prices, we provide tailored solutions to fit your needs.","og_url":"https:\/\/www.lauramak.com\/pt\/produto\/transformador-toroidal-de-audio-personalizado\/","og_site_name":"SUNWAY","article_modified_time":"2025-09-19T06:14:02+00:00","og_image":[{"width":600,"height":600,"url":"https:\/\/www.lauramak.com\/wp-content\/uploads\/2025\/04\/Toroidal-Power-Transformer.webp","type":"image\/webp"}],"twitter_card":"summary_large_image","twitter_misc":{"Tempo estimado de leitura":"5 minutos"},"schema":{"@context":"https:\/\/schema.org","@graph":[{"@type":"WebPage","@id":"https:\/\/www.lauramak.com\/product\/custom-audio-toroidal-transformer\/","url":"https:\/\/www.lauramak.com\/product\/custom-audio-toroidal-transformer\/","name":"Leading Voltage Regulator and Transformer Manufacturer | Customized Power Solutions - SUNWAY","isPartOf":{"@id":"https:\/\/www.lauramak.com\/#website"},"primaryImageOfPage":{"@id":"https:\/\/www.lauramak.com\/product\/custom-audio-toroidal-transformer\/#primaryimage"},"image":{"@id":"https:\/\/www.lauramak.com\/product\/custom-audio-toroidal-transformer\/#primaryimage"},"thumbnailUrl":"https:\/\/www.lauramak.com\/wp-content\/uploads\/2025\/04\/Toroidal-Power-Transformer.webp","datePublished":"2025-07-08T08:12:03+00:00","dateModified":"2025-09-19T06:14:02+00:00","breadcrumb":{"@id":"https:\/\/www.lauramak.com\/product\/custom-audio-toroidal-transformer\/#breadcrumb"},"inLanguage":"pt-PT","potentialAction":[{"@type":"ReadAction","target":["https:\/\/www.lauramak.com\/product\/custom-audio-toroidal-transformer\/"]}]},{"@type":"ImageObject","inLanguage":"pt-PT","@id":"https:\/\/www.lauramak.com\/product\/custom-audio-toroidal-transformer\/#primaryimage","url":"https:\/\/www.lauramak.com\/wp-content\/uploads\/2025\/04\/Toroidal-Power-Transformer.webp","contentUrl":"https:\/\/www.lauramak.com\/wp-content\/uploads\/2025\/04\/Toroidal-Power-Transformer.webp","width":600,"height":600,"caption":"Toroidal Power Transformer"},{"@type":"BreadcrumbList","@id":"https:\/\/www.lauramak.com\/product\/custom-audio-toroidal-transformer\/#breadcrumb","itemListElement":[{"@type":"ListItem","position":1,"name":"Home","item":"https:\/\/www.lauramak.com\/"},{"@type":"ListItem","position":2,"name":"Products","item":"https:\/\/www.lauramak.com\/product\/"},{"@type":"ListItem","position":3,"name":"Custom Audio Toroidal Transformer 100va 300va 500va 1000va"}]},{"@type":"WebSite","@id":"https:\/\/www.lauramak.com\/#website","url":"https:\/\/www.lauramak.com\/","name":"SUNWAY","description":"ZHENGXI GROUP\u2018 Subsidiary","publisher":{"@id":"https:\/\/www.lauramak.com\/#organization"},"potentialAction":[{"@type":"SearchAction","target":{"@type":"EntryPoint","urlTemplate":"https:\/\/www.lauramak.com\/?s={search_term_string}"},"query-input":{"@type":"PropertyValueSpecification","valueRequired":true,"valueName":"search_term_string"}}],"inLanguage":"pt-PT"},{"@type":"Organization","@id":"https:\/\/www.lauramak.com\/#organization","name":"SUNWAY","url":"https:\/\/www.lauramak.com\/","logo":{"@type":"ImageObject","inLanguage":"pt-PT","@id":"https:\/\/www.lauramak.com\/#\/schema\/logo\/image\/","url":"https:\/\/www.lauramak.com\/wp-content\/uploads\/2025\/07\/sunway-logo.webp","contentUrl":"https:\/\/www.lauramak.com\/wp-content\/uploads\/2025\/07\/sunway-logo.webp","width":319,"height":89,"caption":"SUNWAY"},"image":{"@id":"https:\/\/www.lauramak.com\/#\/schema\/logo\/image\/"}}]}},"_links":{"self":[{"href":"https:\/\/www.lauramak.com\/pt\/wp-json\/wp\/v2\/product\/1997","targetHints":{"allow":["GET"]}}],"collection":[{"href":"https:\/\/www.lauramak.com\/pt\/wp-json\/wp\/v2\/product"}],"about":[{"href":"https:\/\/www.lauramak.com\/pt\/wp-json\/wp\/v2\/types\/product"}],"version-history":[{"count":7,"href":"https:\/\/www.lauramak.com\/pt\/wp-json\/wp\/v2\/product\/1997\/revisions"}],"predecessor-version":[{"id":2013,"href":"https:\/\/www.lauramak.com\/pt\/wp-json\/wp\/v2\/product\/1997\/revisions\/2013"}],"wp:featuredmedia":[{"embeddable":true,"href":"https:\/\/www.lauramak.com\/pt\/wp-json\/wp\/v2\/media\/1994"}],"wp:attachment":[{"href":"https:\/\/www.lauramak.com\/pt\/wp-json\/wp\/v2\/media?parent=1997"}],"wp:term":[{"taxonomy":"post_tag","embeddable":true,"href":"https:\/\/www.lauramak.com\/pt\/wp-json\/wp\/v2\/tags?post=1997"},{"taxonomy":"product-categories","embeddable":true,"href":"https:\/\/www.lauramak.com\/pt\/wp-json\/wp\/v2\/product-categories?post=1997"}],"curies":[{"name":"wp","href":"https:\/\/api.w.org\/{rel}","templated":true}]}}