{"id":2480,"date":"2025-08-27T07:26:03","date_gmt":"2025-08-27T07:26:03","guid":{"rendered":"https:\/\/www.lauramak.com\/?post_type=product&#038;p=2480"},"modified":"2025-08-27T07:26:04","modified_gmt":"2025-08-27T07:26:04","slug":"customized-220v-to-110v-control-transformer","status":"publish","type":"product","link":"https:\/\/www.lauramak.com\/it\/prodotto\/customized-220v-to-110v-control-transformer\/","title":{"rendered":"JBK3 personalizzato 220v a 110v EI macchina utensile trasformatore di controllo"},"content":{"rendered":"<p><\/p>\n\n\n\n<h2 class=\"wp-block-heading\">Parametri tecnici<\/h2>\n\n\n\n<figure class=\"wp-block-table\"><table class=\"has-fixed-layout\"><tbody><tr><td>Modello<\/td><td colspan=\"6\"><strong>JBK5-25VA~10KVA<\/strong><\/td><\/tr><tr><td>Fase<\/td><td colspan=\"6\">Monofase<\/td><\/tr><tr><td>Tensione d'ingresso<\/td><td colspan=\"6\">220V\/380V (tensione personalizzabile)<\/td><\/tr><tr><td>Tensione di uscita<\/td><td colspan=\"6\">6V\/12V\/24V\/36V\/110V\/220V (tensione personalizzabile)<\/td><\/tr><tr><td>Frequenza<\/td><td colspan=\"6\">50Hz\/60Hz<\/td><\/tr><tr><td>Efficienza<\/td><td colspan=\"6\">\u226598%<\/td><\/tr><tr><td>Grado di protezione IP<\/td><td colspan=\"6\">IP00<\/td><\/tr><tr><td>Potenza<\/td><td>25VA<\/td><td>50VA<\/td><td>100VA<\/td><td>200KVA<\/td><td>250VA<\/td><td>300VA<\/td><\/tr><tr><td>Dimensioni (mm) B*D*E<\/td><td>150*160*130<\/td><td>150*160*130<\/td><td>150*160*130<\/td><td>160*170*135<\/td><td>130*210*155<\/td><td>130*210*155<\/td><\/tr><tr><td>Dimensioni di montaggio A*C<\/td><td>64*47<\/td><td>70*57<\/td><td>84*68<\/td><td>84*84<\/td><td>95*80<\/td><td>95*90<\/td><\/tr><tr><td>Potenza<\/td><td>500VA<\/td><td>1000VA<\/td><td>2000VA<\/td><td>3000VA<\/td><td>4000VA<\/td><td>5000VA<\/td><\/tr><tr><td>Dimensioni (mm) B*D*E<\/td><td>210*230*175<\/td><td>218*290*185<\/td><td>260*330*235<\/td><td>280*350*230<\/td><td>360*355*288<\/td><td>360*355*288<\/td><\/tr><tr><td>Dimensioni di montaggio A*C<\/td><td>110*110<\/td><td>125*128<\/td><td>143*140<\/td><td>170*160<\/td><td>190*155<\/td><td>200*140<\/td><\/tr><tr><td colspan=\"7\">Le dimensioni e il peso variano a seconda della gamma di tensione e sono soggetti al prodotto personalizzato.<\/td><\/tr><\/tbody><\/table><\/figure>\n\n\n\n<h2 class=\"wp-block-heading\">Specifiche tecniche<\/h2>\n\n\n\n<figure class=\"wp-block-gallery has-nested-images columns-default is-cropped wp-block-gallery-1 is-layout-flex wp-block-gallery-is-layout-flex\">\n<figure class=\"wp-block-image size-large\"><img fetchpriority=\"high\" decoding=\"async\" width=\"819\" height=\"308\" data-id=\"2483\" src=\"https:\/\/www.lauramak.com\/wp-content\/uploads\/2025\/08\/Customized-220v-To-110v-EI-Machine-Tool-Control-Transformer.webp\" alt=\"Personalizzato 220v a 110v EI macchina utensile trasformatore di controllo\" class=\"wp-image-2483\" srcset=\"https:\/\/www.lauramak.com\/wp-content\/uploads\/2025\/08\/Customized-220v-To-110v-EI-Machine-Tool-Control-Transformer.webp 819w, https:\/\/www.lauramak.com\/wp-content\/uploads\/2025\/08\/Customized-220v-To-110v-EI-Machine-Tool-Control-Transformer-300x113.webp 300w, https:\/\/www.lauramak.com\/wp-content\/uploads\/2025\/08\/Customized-220v-To-110v-EI-Machine-Tool-Control-Transformer-768x289.webp 768w, https:\/\/www.lauramak.com\/wp-content\/uploads\/2025\/08\/Customized-220v-To-110v-EI-Machine-Tool-Control-Transformer-18x7.webp 18w\" sizes=\"(max-width: 819px) 100vw, 819px\" \/><\/figure>\n<\/figure>\n\n\n\n<h2 class=\"wp-block-heading\">Applicazioni<\/h2>\n\n\n\n<p>La serie JBK3 \u00e8 ampiamente utilizzata in:<\/p>\n\n\n\n<ul class=\"wp-block-list\">\n<li>Macchinari industriali: Macchine CNC, sistemi di automazione e attrezzature per l'imballaggio.<\/li>\n\n\n\n<li>Pannelli di controllo: Alimentazione dei circuiti elettrici di controllo.<\/li>\n\n\n\n<li>Sistemi di illuminazione: Illuminazione di lavoro, lampade di segnalazione e dispositivi di segnalazione.<\/li>\n\n\n\n<li>Elettronica generale: Conversione di potenza stabile per apparecchiature sensibili.<\/li>\n<\/ul>\n\n\n\n<h2 class=\"wp-block-heading\">Perch\u00e9 scegliere JBK3 rispetto ad altri trasformatori di controllo<\/h2>\n\n\n\n<p>A differenza dei trasformatori di controllo tradizionali, la serie JBK3 offre:<br>Migliore gestione termica: Progettato per un funzionamento continuo e a lungo termine<br>Personalizzazione flessibile: Configurazioni di tensione e potenza su misura<br>Rigorosa conformit\u00e0 alla qualit\u00e0: Certificato secondo gli standard internazionali<\/p>\n\n\n\n<h2 class=\"wp-block-heading\">Guida alla selezione<\/h2>\n\n\n\n<p>Quando si sceglie il trasformatore di controllo da 220V a 110V, \u00e8 bene tenere conto di quanto segue:<\/p>\n\n\n\n<p>Potenza nominale (VA): Corrisponde al carico totale richiesto.<br>Tensione di ingresso e di uscita: Assicura la compatibilit\u00e0 con le apparecchiature in uso.<br>Ambiente di installazione: Controllare la temperatura e l'umidit\u00e0 dell'ambiente.<br>Certificazione di sicurezza: Garantisce la conformit\u00e0 agli standard IEC e CE.<\/p>\n\n\n\n<h2 class=\"wp-block-heading\">FAQ<\/h2>\n\n\n\n<p><strong>D1: Qual \u00e8 la differenza tra un trasformatore di controllo e un trasformatore di potenza?<\/strong><br>Un trasformatore di controllo \u00e8 progettato per fornire energia stabile e a bassa tensione per i circuiti di controllo, mentre un trasformatore di potenza gestisce carichi pi\u00f9 grandi e distribuisce l'elettricit\u00e0 nei sistemi.<\/p>\n\n\n\n<p><strong>D2: Posso personalizzare la tensione di uscita per le mie apparecchiature specifiche?<\/strong><br>S\u00ec, la serie JBK3 supporta tensioni di ingresso e di uscita completamente personalizzabili, tra cui 220 V a 110 V, 220 V a 24 V e altre configurazioni.<\/p>\n\n\n\n<p><strong>D3: Questo trasformatore \u00e8 adatto al funzionamento continuo 24 ore su 24, 7 giorni su 7?<\/strong><br>Assolutamente s\u00ec. Grazie all'elevata efficienza e alla stabilit\u00e0 termica, il trasformatore di controllo JBK3 \u00e8 ideale per le applicazioni a servizio continuo.<\/p>\n\n\n\n<p><\/p>","protected":false},"excerpt":{"rendered":"<p>Parametri tecnici Modello JBK5-25VA~10KVA Fase Monofase Tensione di ingresso 220V\/380V (tensione personalizzabile) Tensione di uscita 6V\/12V\/24V\/36V\/110V\/220V (tensione personalizzabile) Frequenza 50Hz\/60Hz Efficienza \u226598% Valutazione IP IP00 Potenza 25VA 50VA 100VA 200KVA 250VA 300VA Dimensioni (mm) B*D*E 150*160*130 150*160*130 150*160*130 160*170*135 130*210*155 130*210*155 Dimensioni di montaggio A*C 64*47 70*57 84*68 84*84 95*80 95*90 Potenza 500VA 1000VA 2000VA 3000VA 4000VA 5000VA Dimensioni (mm) B*D*E 210*230*175 218*290*185 260*330*235 280*350*230 360*355*288 360*355*288 Dimensioni di montaggio A*C 110*110 [...]<\/p>","protected":false},"featured_media":2481,"parent":0,"menu_order":0,"template":"","tags":[],"product-categories":[],"class_list":["post-2480","product","type-product","status-publish","has-post-thumbnail","hentry"],"acf":[],"yoast_head":"<!-- This site is optimized with the Yoast SEO plugin v25.7 - https:\/\/yoast.com\/wordpress\/plugins\/seo\/ -->\n<title>Customized Control Transformer Factory From China - SUNWAY<\/title>\n<meta name=\"robots\" content=\"index, follow, max-snippet:-1, max-image-preview:large, max-video-preview:-1\" \/>\n<link rel=\"canonical\" href=\"https:\/\/www.lauramak.com\/it\/prodotto\/customized-220v-to-110v-control-transformer\/\" \/>\n<meta property=\"og:locale\" content=\"it_IT\" \/>\n<meta property=\"og:type\" content=\"article\" \/>\n<meta property=\"og:title\" content=\"Customized Control Transformer Factory From China - SUNWAY\" \/>\n<meta property=\"og:description\" content=\"Technical Parameters Model JBK5-25VA~10KVA Phase Single&nbsp;phase Input voltage 220V\/380V&nbsp;(customizable&nbsp;voltage) Output voltage 6V\/12V\/24V\/36V\/110V\/220V&nbsp;(customizable&nbsp;voltage) Frequency 50Hz\/60Hz Efficiency \u226598% IP&nbsp;Rating IP00 Power 25VA 50VA 100VA 200KVA 250VA 300VA Size(mm)&nbsp;&nbsp;&nbsp;B*D*E 150*160*130 150*160*130 150*160*130 160*170*135 130*210*155 130*210*155 Mounting&nbsp;Dimensions&nbsp;A*C 64*47 70*57 84*68 84*84 95*80 95*90 Power 500VA 1000VA 2000VA 3000VA 4000VA 5000VA Size(mm)&nbsp;&nbsp;&nbsp;B*D*E 210*230*175 218*290*185 260*330*235 280*350*230 360*355*288 360*355*288 Mounting&nbsp;Dimensions&nbsp;A*C 110*110 [&hellip;]\" \/>\n<meta property=\"og:url\" content=\"https:\/\/www.lauramak.com\/it\/prodotto\/customized-220v-to-110v-control-transformer\/\" \/>\n<meta property=\"og:site_name\" content=\"SUNWAY\" \/>\n<meta property=\"article:modified_time\" content=\"2025-08-27T07:26:04+00:00\" \/>\n<meta property=\"og:image\" content=\"https:\/\/www.lauramak.com\/wp-content\/uploads\/2025\/08\/JBK3-Customized-220v-To-110v-EI-Machine-Tool-Control-Transformer.webp\" \/>\n\t<meta property=\"og:image:width\" content=\"800\" \/>\n\t<meta property=\"og:image:height\" content=\"800\" \/>\n\t<meta property=\"og:image:type\" content=\"image\/webp\" \/>\n<meta name=\"twitter:card\" content=\"summary_large_image\" \/>\n<meta name=\"twitter:label1\" content=\"Tempo di lettura stimato\" \/>\n\t<meta name=\"twitter:data1\" content=\"2 minuti\" \/>\n<script type=\"application\/ld+json\" class=\"yoast-schema-graph\">{\"@context\":\"https:\/\/schema.org\",\"@graph\":[{\"@type\":\"WebPage\",\"@id\":\"https:\/\/www.lauramak.com\/product\/customized-220v-to-110v-control-transformer\/\",\"url\":\"https:\/\/www.lauramak.com\/product\/customized-220v-to-110v-control-transformer\/\",\"name\":\"Customized Control Transformer Factory From China - SUNWAY\",\"isPartOf\":{\"@id\":\"https:\/\/www.lauramak.com\/#website\"},\"primaryImageOfPage\":{\"@id\":\"https:\/\/www.lauramak.com\/product\/customized-220v-to-110v-control-transformer\/#primaryimage\"},\"image\":{\"@id\":\"https:\/\/www.lauramak.com\/product\/customized-220v-to-110v-control-transformer\/#primaryimage\"},\"thumbnailUrl\":\"https:\/\/www.lauramak.com\/wp-content\/uploads\/2025\/08\/JBK3-Customized-220v-To-110v-EI-Machine-Tool-Control-Transformer.webp\",\"datePublished\":\"2025-08-27T07:26:03+00:00\",\"dateModified\":\"2025-08-27T07:26:04+00:00\",\"breadcrumb\":{\"@id\":\"https:\/\/www.lauramak.com\/product\/customized-220v-to-110v-control-transformer\/#breadcrumb\"},\"inLanguage\":\"it-IT\",\"potentialAction\":[{\"@type\":\"ReadAction\",\"target\":[\"https:\/\/www.lauramak.com\/product\/customized-220v-to-110v-control-transformer\/\"]}]},{\"@type\":\"ImageObject\",\"inLanguage\":\"it-IT\",\"@id\":\"https:\/\/www.lauramak.com\/product\/customized-220v-to-110v-control-transformer\/#primaryimage\",\"url\":\"https:\/\/www.lauramak.com\/wp-content\/uploads\/2025\/08\/JBK3-Customized-220v-To-110v-EI-Machine-Tool-Control-Transformer.webp\",\"contentUrl\":\"https:\/\/www.lauramak.com\/wp-content\/uploads\/2025\/08\/JBK3-Customized-220v-To-110v-EI-Machine-Tool-Control-Transformer.webp\",\"width\":800,\"height\":800,\"caption\":\"JBK3 Customized 220v To 110v EI\u00a0Machine Tool Control Transformer\"},{\"@type\":\"BreadcrumbList\",\"@id\":\"https:\/\/www.lauramak.com\/product\/customized-220v-to-110v-control-transformer\/#breadcrumb\",\"itemListElement\":[{\"@type\":\"ListItem\",\"position\":1,\"name\":\"Home\",\"item\":\"https:\/\/www.lauramak.com\/\"},{\"@type\":\"ListItem\",\"position\":2,\"name\":\"Products\",\"item\":\"https:\/\/www.lauramak.com\/product\/\"},{\"@type\":\"ListItem\",\"position\":3,\"name\":\"JBK3 Customized 220v To 110v EI\u00a0Machine Tool Control Transformer\"}]},{\"@type\":\"WebSite\",\"@id\":\"https:\/\/www.lauramak.com\/#website\",\"url\":\"https:\/\/www.lauramak.com\/\",\"name\":\"SUNWAY\",\"description\":\"ZHENGXI GROUP\u2018 Subsidiary\",\"publisher\":{\"@id\":\"https:\/\/www.lauramak.com\/#organization\"},\"potentialAction\":[{\"@type\":\"SearchAction\",\"target\":{\"@type\":\"EntryPoint\",\"urlTemplate\":\"https:\/\/www.lauramak.com\/?s={search_term_string}\"},\"query-input\":{\"@type\":\"PropertyValueSpecification\",\"valueRequired\":true,\"valueName\":\"search_term_string\"}}],\"inLanguage\":\"it-IT\"},{\"@type\":\"Organization\",\"@id\":\"https:\/\/www.lauramak.com\/#organization\",\"name\":\"SUNWAY\",\"url\":\"https:\/\/www.lauramak.com\/\",\"logo\":{\"@type\":\"ImageObject\",\"inLanguage\":\"it-IT\",\"@id\":\"https:\/\/www.lauramak.com\/#\/schema\/logo\/image\/\",\"url\":\"https:\/\/www.lauramak.com\/wp-content\/uploads\/2025\/07\/sunway-logo.webp\",\"contentUrl\":\"https:\/\/www.lauramak.com\/wp-content\/uploads\/2025\/07\/sunway-logo.webp\",\"width\":319,\"height\":89,\"caption\":\"SUNWAY\"},\"image\":{\"@id\":\"https:\/\/www.lauramak.com\/#\/schema\/logo\/image\/\"}}]}<\/script>\n<!-- \/ Yoast SEO plugin. -->","yoast_head_json":{"title":"Customized Control Transformer Factory From China - SUNWAY","robots":{"index":"index","follow":"follow","max-snippet":"max-snippet:-1","max-image-preview":"max-image-preview:large","max-video-preview":"max-video-preview:-1"},"canonical":"https:\/\/www.lauramak.com\/it\/prodotto\/customized-220v-to-110v-control-transformer\/","og_locale":"it_IT","og_type":"article","og_title":"Customized Control Transformer Factory From China - SUNWAY","og_description":"Technical Parameters Model JBK5-25VA~10KVA Phase Single&nbsp;phase Input voltage 220V\/380V&nbsp;(customizable&nbsp;voltage) Output voltage 6V\/12V\/24V\/36V\/110V\/220V&nbsp;(customizable&nbsp;voltage) Frequency 50Hz\/60Hz Efficiency \u226598% IP&nbsp;Rating IP00 Power 25VA 50VA 100VA 200KVA 250VA 300VA Size(mm)&nbsp;&nbsp;&nbsp;B*D*E 150*160*130 150*160*130 150*160*130 160*170*135 130*210*155 130*210*155 Mounting&nbsp;Dimensions&nbsp;A*C 64*47 70*57 84*68 84*84 95*80 95*90 Power 500VA 1000VA 2000VA 3000VA 4000VA 5000VA Size(mm)&nbsp;&nbsp;&nbsp;B*D*E 210*230*175 218*290*185 260*330*235 280*350*230 360*355*288 360*355*288 Mounting&nbsp;Dimensions&nbsp;A*C 110*110 [&hellip;]","og_url":"https:\/\/www.lauramak.com\/it\/prodotto\/customized-220v-to-110v-control-transformer\/","og_site_name":"SUNWAY","article_modified_time":"2025-08-27T07:26:04+00:00","og_image":[{"width":800,"height":800,"url":"https:\/\/www.lauramak.com\/wp-content\/uploads\/2025\/08\/JBK3-Customized-220v-To-110v-EI-Machine-Tool-Control-Transformer.webp","type":"image\/webp"}],"twitter_card":"summary_large_image","twitter_misc":{"Tempo di lettura stimato":"2 minuti"},"schema":{"@context":"https:\/\/schema.org","@graph":[{"@type":"WebPage","@id":"https:\/\/www.lauramak.com\/product\/customized-220v-to-110v-control-transformer\/","url":"https:\/\/www.lauramak.com\/product\/customized-220v-to-110v-control-transformer\/","name":"Customized Control Transformer Factory From China - SUNWAY","isPartOf":{"@id":"https:\/\/www.lauramak.com\/#website"},"primaryImageOfPage":{"@id":"https:\/\/www.lauramak.com\/product\/customized-220v-to-110v-control-transformer\/#primaryimage"},"image":{"@id":"https:\/\/www.lauramak.com\/product\/customized-220v-to-110v-control-transformer\/#primaryimage"},"thumbnailUrl":"https:\/\/www.lauramak.com\/wp-content\/uploads\/2025\/08\/JBK3-Customized-220v-To-110v-EI-Machine-Tool-Control-Transformer.webp","datePublished":"2025-08-27T07:26:03+00:00","dateModified":"2025-08-27T07:26:04+00:00","breadcrumb":{"@id":"https:\/\/www.lauramak.com\/product\/customized-220v-to-110v-control-transformer\/#breadcrumb"},"inLanguage":"it-IT","potentialAction":[{"@type":"ReadAction","target":["https:\/\/www.lauramak.com\/product\/customized-220v-to-110v-control-transformer\/"]}]},{"@type":"ImageObject","inLanguage":"it-IT","@id":"https:\/\/www.lauramak.com\/product\/customized-220v-to-110v-control-transformer\/#primaryimage","url":"https:\/\/www.lauramak.com\/wp-content\/uploads\/2025\/08\/JBK3-Customized-220v-To-110v-EI-Machine-Tool-Control-Transformer.webp","contentUrl":"https:\/\/www.lauramak.com\/wp-content\/uploads\/2025\/08\/JBK3-Customized-220v-To-110v-EI-Machine-Tool-Control-Transformer.webp","width":800,"height":800,"caption":"JBK3 Customized 220v To 110v EI\u00a0Machine Tool Control Transformer"},{"@type":"BreadcrumbList","@id":"https:\/\/www.lauramak.com\/product\/customized-220v-to-110v-control-transformer\/#breadcrumb","itemListElement":[{"@type":"ListItem","position":1,"name":"Home","item":"https:\/\/www.lauramak.com\/"},{"@type":"ListItem","position":2,"name":"Products","item":"https:\/\/www.lauramak.com\/product\/"},{"@type":"ListItem","position":3,"name":"JBK3 Customized 220v To 110v EI\u00a0Machine Tool Control Transformer"}]},{"@type":"WebSite","@id":"https:\/\/www.lauramak.com\/#website","url":"https:\/\/www.lauramak.com\/","name":"SUNWAY","description":"ZHENGXI GROUP\u2018 Subsidiary","publisher":{"@id":"https:\/\/www.lauramak.com\/#organization"},"potentialAction":[{"@type":"SearchAction","target":{"@type":"EntryPoint","urlTemplate":"https:\/\/www.lauramak.com\/?s={search_term_string}"},"query-input":{"@type":"PropertyValueSpecification","valueRequired":true,"valueName":"search_term_string"}}],"inLanguage":"it-IT"},{"@type":"Organization","@id":"https:\/\/www.lauramak.com\/#organization","name":"SUNWAY","url":"https:\/\/www.lauramak.com\/","logo":{"@type":"ImageObject","inLanguage":"it-IT","@id":"https:\/\/www.lauramak.com\/#\/schema\/logo\/image\/","url":"https:\/\/www.lauramak.com\/wp-content\/uploads\/2025\/07\/sunway-logo.webp","contentUrl":"https:\/\/www.lauramak.com\/wp-content\/uploads\/2025\/07\/sunway-logo.webp","width":319,"height":89,"caption":"SUNWAY"},"image":{"@id":"https:\/\/www.lauramak.com\/#\/schema\/logo\/image\/"}}]}},"_links":{"self":[{"href":"https:\/\/www.lauramak.com\/it\/wp-json\/wp\/v2\/product\/2480","targetHints":{"allow":["GET"]}}],"collection":[{"href":"https:\/\/www.lauramak.com\/it\/wp-json\/wp\/v2\/product"}],"about":[{"href":"https:\/\/www.lauramak.com\/it\/wp-json\/wp\/v2\/types\/product"}],"version-history":[{"count":4,"href":"https:\/\/www.lauramak.com\/it\/wp-json\/wp\/v2\/product\/2480\/revisions"}],"predecessor-version":[{"id":2486,"href":"https:\/\/www.lauramak.com\/it\/wp-json\/wp\/v2\/product\/2480\/revisions\/2486"}],"wp:featuredmedia":[{"embeddable":true,"href":"https:\/\/www.lauramak.com\/it\/wp-json\/wp\/v2\/media\/2481"}],"wp:attachment":[{"href":"https:\/\/www.lauramak.com\/it\/wp-json\/wp\/v2\/media?parent=2480"}],"wp:term":[{"taxonomy":"post_tag","embeddable":true,"href":"https:\/\/www.lauramak.com\/it\/wp-json\/wp\/v2\/tags?post=2480"},{"taxonomy":"product-categories","embeddable":true,"href":"https:\/\/www.lauramak.com\/it\/wp-json\/wp\/v2\/product-categories?post=2480"}],"curies":[{"name":"wp","href":"https:\/\/api.w.org\/{rel}","templated":true}]}}