{"id":1137,"date":"2025-05-20T07:38:22","date_gmt":"2025-05-20T07:38:22","guid":{"rendered":"https:\/\/www.lauramak.com\/?post_type=product&#038;p=1137"},"modified":"2026-01-21T07:02:43","modified_gmt":"2026-01-21T07:02:43","slug":"120w-200w-300w-wifi-low-voltage-transformer","status":"publish","type":"product","link":"https:\/\/www.lauramak.com\/it\/prodotto\/trasformatore-a-bassa-tensione-120w-200w-300w-wifi\/","title":{"rendered":"120w 200w 300w Trasformatore Wifi a bassa tensione da 120VAC a 12V\/14V AC con 3 zone"},"content":{"rendered":"<h2 class=\"wp-block-heading\">Perch\u00e9 scegliere questo trasformatore intelligente?<\/h2>\n\n\n\n<p>Il trasformatore a bassa tensione con controllo WiFi di SUNWAY \u00e8 progettato per garantire affidabilit\u00e0, flessibilit\u00e0 e prestazioni a lungo termine in ambienti esterni. Disponibile nelle capacit\u00e0 di 120W, 200W e 300W, soddisfa diverse esigenze di illuminazione offrendo:<\/p>\n\n\n\n<ul class=\"wp-block-list\">\n<li>Controllo intelligente: Gestite le zone di illuminazione a distanza tramite l'app Smart Life o Dewenwils, oppure a mani libere tramite Alexa e Google Assistant.<\/li>\n\n\n\n<li>Flessibilit\u00e0 a 3 zone: Ogni zona pu\u00f2 funzionare in modo indipendente, impostata a 12 o 14 V CA per compensare la caduta di tensione su lunghe tratte di cavo.<\/li>\n\n\n\n<li>Programmazione personalizzata: Modalit\u00e0 di timer avanzate come Astronomia (alba\/tramonto), Casuale, Loop, Conto alla rovescia e Programmazione per i giorni della settimana e del fine settimana.<\/li>\n\n\n\n<li>La sicurezza prima di tutto: protezione integrata da sovracorrente e sovraccarico per salvaguardare il sistema di illuminazione.<\/li>\n\n\n\n<li>Design resistente: Alloggiato in un guscio in acciaio inossidabile resistente alle intemperie, classificato NEMA 3R e dotato di uno sportello con serratura, \u00e8 progettato per resistere a pioggia, polvere e neve.<\/li>\n<\/ul>\n\n\n\n<h2 class=\"wp-block-heading\"><strong>Guida alle dimensioni dei cavi<\/strong><\/h2>\n\n\n\n<p><strong>Rubinetto da 12 Volt<\/strong><\/p>\n\n\n\n<figure class=\"wp-block-table\"><table class=\"has-fixed-layout\"><tbody><tr><td><strong>Lunghezza del cavo<\/strong><\/td><td><strong>0-50 piedi<\/strong><\/td><td><strong>51-100 piedi<\/strong><\/td><td><strong>101-150 piedi<\/strong><\/td><\/tr><tr><td>0-60 Watt<\/td><td>16 AWG<\/td><td>16 AWG<\/td><td>14 AWG<\/td><\/tr><tr><td>61-120 Watt<\/td><td>16 AWG<\/td><td>14 AWG<\/td><td>12 AWG<\/td><\/tr><tr><td>121-180 Watt<\/td><td>14 AWG<\/td><td>12 AWG<\/td><td>Non consigliato<\/td><\/tr><tr><td>181-240 Watt<\/td><td>14 AWG<\/td><td>12 AWG<\/td><td>Non consigliato<\/td><\/tr><tr><td>241-300 Watt<\/td><td>12 AWG<\/td><td>Non consigliato<\/td><td>Non consigliato<\/td><\/tr><\/tbody><\/table><\/figure>\n\n\n\n<p><strong>Rubinetto da 14 Volt<\/strong><\/p>\n\n\n\n<figure class=\"wp-block-table\"><table class=\"has-fixed-layout\"><tbody><tr><td><strong>Lunghezza del cavo<\/strong><\/td><td><strong>0-50 piedi<\/strong><\/td><td><strong>51-100 piedi<\/strong><\/td><td><strong>101-150 piedi<\/strong><\/td><\/tr><tr><td>0-60 Watt<\/td><td>16 AWG<\/td><td>16 AWG<\/td><td>16 AWG<\/td><\/tr><tr><td>61-120 Watt<\/td><td>16 AWG<\/td><td>16 AWG<\/td><td>12 AWG<\/td><\/tr><tr><td>121-180 Watt<\/td><td>14 AWG<\/td><td>14 AWG<\/td><td>12 AWG<\/td><\/tr><tr><td>181-240 Watt<\/td><td>14 AWG<\/td><td>14 AWG<\/td><td>12 AWG<\/td><\/tr><tr><td>241-300 Watt<\/td><td>12 AWG<\/td><td>12 AWG<\/td><td>Non consigliato<\/td><\/tr><\/tbody><\/table><\/figure>\n\n\n\n<h2 class=\"wp-block-heading\">Domande frequenti<\/h2>\n\n\n\n<p><strong>D1: Ho bisogno di un hub per utilizzare le funzioni WiFi?<\/strong><br>R: Non \u00e8 necessario alcun hub. \u00c8 sufficiente collegare il trasformatore alla rete Wi-Fi domestica a 2,4 GHz tramite l'app per ottenere la piena funzionalit\u00e0.<\/p>\n\n\n\n<p><strong>D2: Ogni zona pu\u00f2 avere un orario e una tensione diversi?<\/strong><br>R: S\u00ec, ognuna delle 3 zone di uscita pu\u00f2 essere impostata indipendentemente su 12V o 14V e si possono assegnare timer o programmi diversi a ciascuna zona.<\/p>\n\n\n\n<p><strong>D3: Cosa succede se c'\u00e8 un'interruzione di corrente?<\/strong><br>R: Il trasformatore ha una funzione di memoria e mantiene le impostazioni anche dopo un'interruzione di corrente, senza bisogno di riprogrammare nulla.<\/p>","protected":false},"excerpt":{"rendered":"<p>Why Choose This Smart Transformer? SUNWAY\u2019s WiFi-controlled Low Voltage Transformer is engineered for reliability, flexibility, and long-term outdoor performance. Available in 120W, 200W, and 300W capacities, it meets diverse lighting needs while offering: Cable Size Guide 12 Volt Tap Cable Length 0-50 Feet 51-100 Feet 101-150 Feet 0-60 Watts 16 AWG 16 AWG 14 AWG [&hellip;]<\/p>","protected":false},"featured_media":1789,"parent":0,"menu_order":0,"template":"","tags":[],"product-categories":[58],"class_list":["post-1137","product","type-product","status-publish","has-post-thumbnail","hentry","product-categories-low-voltage-transformer"],"acf":[],"yoast_head":"<!-- This site is optimized with the Yoast SEO plugin v25.7 - https:\/\/yoast.com\/wordpress\/plugins\/seo\/ -->\n<title>120w 200w 300w Wifi Low Voltage Transformer Manufacturer - SUNWAY<\/title>\n<meta name=\"description\" content=\"Buy 120w 200w 300w Wifi Low Voltage Transformer directly from China\u2019s trusted manufacturer \u2013 ZHENGXI. Superior performance, competitive pricing, and fast global shipping!\" \/>\n<meta name=\"robots\" content=\"index, follow, max-snippet:-1, max-image-preview:large, max-video-preview:-1\" \/>\n<link rel=\"canonical\" href=\"https:\/\/www.lauramak.com\/it\/prodotto\/trasformatore-a-bassa-tensione-120w-200w-300w-wifi\/\" \/>\n<meta property=\"og:locale\" content=\"it_IT\" \/>\n<meta property=\"og:type\" content=\"article\" \/>\n<meta property=\"og:title\" content=\"120w 200w 300w Wifi Low Voltage Transformer Manufacturer - SUNWAY\" \/>\n<meta property=\"og:description\" content=\"Buy 120w 200w 300w Wifi Low Voltage Transformer directly from China\u2019s trusted manufacturer \u2013 ZHENGXI. Superior performance, competitive pricing, and fast global shipping!\" \/>\n<meta property=\"og:url\" content=\"https:\/\/www.lauramak.com\/it\/prodotto\/trasformatore-a-bassa-tensione-120w-200w-300w-wifi\/\" \/>\n<meta property=\"og:site_name\" content=\"SUNWAY\" \/>\n<meta property=\"article:modified_time\" content=\"2026-01-21T07:02:43+00:00\" \/>\n<meta property=\"og:image\" content=\"https:\/\/www.lauramak.com\/wp-content\/uploads\/2025\/05\/Smart-WiFi-Low-Voltage-Transformer-with-3-Zones-Stainless-Steel-Outdoor-Enclosure.webp\" \/>\n\t<meta property=\"og:image:width\" content=\"800\" \/>\n\t<meta property=\"og:image:height\" content=\"800\" \/>\n\t<meta property=\"og:image:type\" content=\"image\/webp\" \/>\n<meta name=\"twitter:card\" content=\"summary_large_image\" \/>\n<meta name=\"twitter:label1\" content=\"Tempo di lettura stimato\" \/>\n\t<meta name=\"twitter:data1\" content=\"2 minuti\" \/>\n<script type=\"application\/ld+json\" class=\"yoast-schema-graph\">{\"@context\":\"https:\/\/schema.org\",\"@graph\":[{\"@type\":\"WebPage\",\"@id\":\"https:\/\/www.lauramak.com\/product\/120w-200w-300w-wifi-low-voltage-transformer\/\",\"url\":\"https:\/\/www.lauramak.com\/product\/120w-200w-300w-wifi-low-voltage-transformer\/\",\"name\":\"120w 200w 300w Wifi Low Voltage Transformer Manufacturer - SUNWAY\",\"isPartOf\":{\"@id\":\"https:\/\/www.lauramak.com\/#website\"},\"primaryImageOfPage\":{\"@id\":\"https:\/\/www.lauramak.com\/product\/120w-200w-300w-wifi-low-voltage-transformer\/#primaryimage\"},\"image\":{\"@id\":\"https:\/\/www.lauramak.com\/product\/120w-200w-300w-wifi-low-voltage-transformer\/#primaryimage\"},\"thumbnailUrl\":\"https:\/\/www.lauramak.com\/wp-content\/uploads\/2025\/05\/Smart-WiFi-Low-Voltage-Transformer-with-3-Zones-Stainless-Steel-Outdoor-Enclosure.webp\",\"datePublished\":\"2025-05-20T07:38:22+00:00\",\"dateModified\":\"2026-01-21T07:02:43+00:00\",\"description\":\"Buy 120w 200w 300w Wifi Low Voltage Transformer directly from China\u2019s trusted manufacturer \u2013 ZHENGXI. Superior performance, competitive pricing, and fast global shipping!\",\"breadcrumb\":{\"@id\":\"https:\/\/www.lauramak.com\/product\/120w-200w-300w-wifi-low-voltage-transformer\/#breadcrumb\"},\"inLanguage\":\"it-IT\",\"potentialAction\":[{\"@type\":\"ReadAction\",\"target\":[\"https:\/\/www.lauramak.com\/product\/120w-200w-300w-wifi-low-voltage-transformer\/\"]}]},{\"@type\":\"ImageObject\",\"inLanguage\":\"it-IT\",\"@id\":\"https:\/\/www.lauramak.com\/product\/120w-200w-300w-wifi-low-voltage-transformer\/#primaryimage\",\"url\":\"https:\/\/www.lauramak.com\/wp-content\/uploads\/2025\/05\/Smart-WiFi-Low-Voltage-Transformer-with-3-Zones-Stainless-Steel-Outdoor-Enclosure.webp\",\"contentUrl\":\"https:\/\/www.lauramak.com\/wp-content\/uploads\/2025\/05\/Smart-WiFi-Low-Voltage-Transformer-with-3-Zones-Stainless-Steel-Outdoor-Enclosure.webp\",\"width\":800,\"height\":800,\"caption\":\"Smart WiFi Low Voltage Transformer with 3 Zones - Stainless Steel Outdoor Enclosure\"},{\"@type\":\"BreadcrumbList\",\"@id\":\"https:\/\/www.lauramak.com\/product\/120w-200w-300w-wifi-low-voltage-transformer\/#breadcrumb\",\"itemListElement\":[{\"@type\":\"ListItem\",\"position\":1,\"name\":\"Home\",\"item\":\"https:\/\/www.lauramak.com\/\"},{\"@type\":\"ListItem\",\"position\":2,\"name\":\"Products\",\"item\":\"https:\/\/www.lauramak.com\/product\/\"},{\"@type\":\"ListItem\",\"position\":3,\"name\":\"120w 200w 300w Wifi Low Voltage Transformer 120VAC to 12V\/14V AC with 3 Zones\"}]},{\"@type\":\"WebSite\",\"@id\":\"https:\/\/www.lauramak.com\/#website\",\"url\":\"https:\/\/www.lauramak.com\/\",\"name\":\"SUNWAY\",\"description\":\"ZHENGXI GROUP\u2018 Subsidiary\",\"publisher\":{\"@id\":\"https:\/\/www.lauramak.com\/#organization\"},\"potentialAction\":[{\"@type\":\"SearchAction\",\"target\":{\"@type\":\"EntryPoint\",\"urlTemplate\":\"https:\/\/www.lauramak.com\/?s={search_term_string}\"},\"query-input\":{\"@type\":\"PropertyValueSpecification\",\"valueRequired\":true,\"valueName\":\"search_term_string\"}}],\"inLanguage\":\"it-IT\"},{\"@type\":\"Organization\",\"@id\":\"https:\/\/www.lauramak.com\/#organization\",\"name\":\"SUNWAY\",\"url\":\"https:\/\/www.lauramak.com\/\",\"logo\":{\"@type\":\"ImageObject\",\"inLanguage\":\"it-IT\",\"@id\":\"https:\/\/www.lauramak.com\/#\/schema\/logo\/image\/\",\"url\":\"https:\/\/www.lauramak.com\/wp-content\/uploads\/2025\/07\/sunway-logo.webp\",\"contentUrl\":\"https:\/\/www.lauramak.com\/wp-content\/uploads\/2025\/07\/sunway-logo.webp\",\"width\":319,\"height\":89,\"caption\":\"SUNWAY\"},\"image\":{\"@id\":\"https:\/\/www.lauramak.com\/#\/schema\/logo\/image\/\"}}]}<\/script>\n<!-- \/ Yoast SEO plugin. -->","yoast_head_json":{"title":"120w 200w 300w Wifi Low Voltage Transformer Manufacturer - SUNWAY","description":"Buy 120w 200w 300w Wifi Low Voltage Transformer directly from China\u2019s trusted manufacturer \u2013 ZHENGXI. Superior performance, competitive pricing, and fast global shipping!","robots":{"index":"index","follow":"follow","max-snippet":"max-snippet:-1","max-image-preview":"max-image-preview:large","max-video-preview":"max-video-preview:-1"},"canonical":"https:\/\/www.lauramak.com\/it\/prodotto\/trasformatore-a-bassa-tensione-120w-200w-300w-wifi\/","og_locale":"it_IT","og_type":"article","og_title":"120w 200w 300w Wifi Low Voltage Transformer Manufacturer - SUNWAY","og_description":"Buy 120w 200w 300w Wifi Low Voltage Transformer directly from China\u2019s trusted manufacturer \u2013 ZHENGXI. Superior performance, competitive pricing, and fast global shipping!","og_url":"https:\/\/www.lauramak.com\/it\/prodotto\/trasformatore-a-bassa-tensione-120w-200w-300w-wifi\/","og_site_name":"SUNWAY","article_modified_time":"2026-01-21T07:02:43+00:00","og_image":[{"width":800,"height":800,"url":"https:\/\/www.lauramak.com\/wp-content\/uploads\/2025\/05\/Smart-WiFi-Low-Voltage-Transformer-with-3-Zones-Stainless-Steel-Outdoor-Enclosure.webp","type":"image\/webp"}],"twitter_card":"summary_large_image","twitter_misc":{"Tempo di lettura stimato":"2 minuti"},"schema":{"@context":"https:\/\/schema.org","@graph":[{"@type":"WebPage","@id":"https:\/\/www.lauramak.com\/product\/120w-200w-300w-wifi-low-voltage-transformer\/","url":"https:\/\/www.lauramak.com\/product\/120w-200w-300w-wifi-low-voltage-transformer\/","name":"120w 200w 300w Wifi Low Voltage Transformer Manufacturer - SUNWAY","isPartOf":{"@id":"https:\/\/www.lauramak.com\/#website"},"primaryImageOfPage":{"@id":"https:\/\/www.lauramak.com\/product\/120w-200w-300w-wifi-low-voltage-transformer\/#primaryimage"},"image":{"@id":"https:\/\/www.lauramak.com\/product\/120w-200w-300w-wifi-low-voltage-transformer\/#primaryimage"},"thumbnailUrl":"https:\/\/www.lauramak.com\/wp-content\/uploads\/2025\/05\/Smart-WiFi-Low-Voltage-Transformer-with-3-Zones-Stainless-Steel-Outdoor-Enclosure.webp","datePublished":"2025-05-20T07:38:22+00:00","dateModified":"2026-01-21T07:02:43+00:00","description":"Buy 120w 200w 300w Wifi Low Voltage Transformer directly from China\u2019s trusted manufacturer \u2013 ZHENGXI. Superior performance, competitive pricing, and fast global shipping!","breadcrumb":{"@id":"https:\/\/www.lauramak.com\/product\/120w-200w-300w-wifi-low-voltage-transformer\/#breadcrumb"},"inLanguage":"it-IT","potentialAction":[{"@type":"ReadAction","target":["https:\/\/www.lauramak.com\/product\/120w-200w-300w-wifi-low-voltage-transformer\/"]}]},{"@type":"ImageObject","inLanguage":"it-IT","@id":"https:\/\/www.lauramak.com\/product\/120w-200w-300w-wifi-low-voltage-transformer\/#primaryimage","url":"https:\/\/www.lauramak.com\/wp-content\/uploads\/2025\/05\/Smart-WiFi-Low-Voltage-Transformer-with-3-Zones-Stainless-Steel-Outdoor-Enclosure.webp","contentUrl":"https:\/\/www.lauramak.com\/wp-content\/uploads\/2025\/05\/Smart-WiFi-Low-Voltage-Transformer-with-3-Zones-Stainless-Steel-Outdoor-Enclosure.webp","width":800,"height":800,"caption":"Smart WiFi Low Voltage Transformer with 3 Zones - Stainless Steel Outdoor Enclosure"},{"@type":"BreadcrumbList","@id":"https:\/\/www.lauramak.com\/product\/120w-200w-300w-wifi-low-voltage-transformer\/#breadcrumb","itemListElement":[{"@type":"ListItem","position":1,"name":"Home","item":"https:\/\/www.lauramak.com\/"},{"@type":"ListItem","position":2,"name":"Products","item":"https:\/\/www.lauramak.com\/product\/"},{"@type":"ListItem","position":3,"name":"120w 200w 300w Wifi Low Voltage Transformer 120VAC to 12V\/14V AC with 3 Zones"}]},{"@type":"WebSite","@id":"https:\/\/www.lauramak.com\/#website","url":"https:\/\/www.lauramak.com\/","name":"SUNWAY","description":"ZHENGXI GROUP\u2018 Subsidiary","publisher":{"@id":"https:\/\/www.lauramak.com\/#organization"},"potentialAction":[{"@type":"SearchAction","target":{"@type":"EntryPoint","urlTemplate":"https:\/\/www.lauramak.com\/?s={search_term_string}"},"query-input":{"@type":"PropertyValueSpecification","valueRequired":true,"valueName":"search_term_string"}}],"inLanguage":"it-IT"},{"@type":"Organization","@id":"https:\/\/www.lauramak.com\/#organization","name":"SUNWAY","url":"https:\/\/www.lauramak.com\/","logo":{"@type":"ImageObject","inLanguage":"it-IT","@id":"https:\/\/www.lauramak.com\/#\/schema\/logo\/image\/","url":"https:\/\/www.lauramak.com\/wp-content\/uploads\/2025\/07\/sunway-logo.webp","contentUrl":"https:\/\/www.lauramak.com\/wp-content\/uploads\/2025\/07\/sunway-logo.webp","width":319,"height":89,"caption":"SUNWAY"},"image":{"@id":"https:\/\/www.lauramak.com\/#\/schema\/logo\/image\/"}}]}},"_links":{"self":[{"href":"https:\/\/www.lauramak.com\/it\/wp-json\/wp\/v2\/product\/1137","targetHints":{"allow":["GET"]}}],"collection":[{"href":"https:\/\/www.lauramak.com\/it\/wp-json\/wp\/v2\/product"}],"about":[{"href":"https:\/\/www.lauramak.com\/it\/wp-json\/wp\/v2\/types\/product"}],"version-history":[{"count":5,"href":"https:\/\/www.lauramak.com\/it\/wp-json\/wp\/v2\/product\/1137\/revisions"}],"predecessor-version":[{"id":1794,"href":"https:\/\/www.lauramak.com\/it\/wp-json\/wp\/v2\/product\/1137\/revisions\/1794"}],"wp:featuredmedia":[{"embeddable":true,"href":"https:\/\/www.lauramak.com\/it\/wp-json\/wp\/v2\/media\/1789"}],"wp:attachment":[{"href":"https:\/\/www.lauramak.com\/it\/wp-json\/wp\/v2\/media?parent=1137"}],"wp:term":[{"taxonomy":"post_tag","embeddable":true,"href":"https:\/\/www.lauramak.com\/it\/wp-json\/wp\/v2\/tags?post=1137"},{"taxonomy":"product-categories","embeddable":true,"href":"https:\/\/www.lauramak.com\/it\/wp-json\/wp\/v2\/product-categories?post=1137"}],"curies":[{"name":"wp","href":"https:\/\/api.w.org\/{rel}","templated":true}]}}