{"id":2022,"date":"2025-07-10T07:47:11","date_gmt":"2025-07-10T07:47:11","guid":{"rendered":"https:\/\/www.lauramak.com\/?post_type=product&#038;p=2022"},"modified":"2025-07-10T07:50:26","modified_gmt":"2025-07-10T07:50:26","slug":"small-low-voltage-toroidal-transformer","status":"publish","type":"product","link":"https:\/\/www.lauramak.com\/fr\/produit\/petit-transformateur-toroidal-basse-tension\/","title":{"rendered":"SDK Petit transformateur torique basse tension"},"content":{"rendered":"<h2 class=\"wp-block-heading\">Principaux avantages et caract\u00e9ristiques<\/h2>\n\n\n\n<ul class=\"wp-block-list\">\n<li><strong>Conception compacte et peu encombrante<\/strong><br>Le noyau et l'enroulement \u00e0 profil bas, de type pancake, se traduisent par un encombrement nettement inf\u00e9rieur \u00e0 celui des transformateurs de type EI, ce qui est id\u00e9al lorsque l'espace disponible sur le circuit imprim\u00e9 ou le ch\u00e2ssis est limit\u00e9.<\/li>\n\n\n\n<li><strong>Haute efficacit\u00e9 et faible perte<\/strong><br>Les noyaux toro\u00efdaux minimisent l'hyst\u00e9r\u00e9sis et les pertes dues aux courants de Foucault. Attendez-vous \u00e0 un rendement &gt; 95%, r\u00e9duisant la production de chaleur et les co\u00fbts \u00e9nerg\u00e9tiques dans les applications \u00e0 usage continu.<\/li>\n\n\n\n<li><strong>Fonctionnement silencieux<\/strong><br>La pr\u00e9cision de l'enroulement et les faibles fuites de flux garantissent des performances pratiquement silencieuses (&lt; 30 dB), ce qui fait de ces appareils des produits de haute qualit\u00e9. <strong>transformateurs basse tension<\/strong> parfait pour les environnements sensibles au bruit tels que les studios audio et les laboratoires m\u00e9dicaux.<\/li>\n\n\n\n<li><strong>R\u00e9gulation de tension sup\u00e9rieure<\/strong><br>La r\u00e9gulation \u00e9troite (\u00b1 2% \u00e0 pleine charge) maintient la tension de sortie stable dans des conditions de charge variables, prot\u00e9geant ainsi les circuits sensibles contre les baisses et les surtensions.<\/li>\n\n\n\n<li><strong>Construction robuste et s\u00e9curit\u00e9<\/strong>\n<ul class=\"wp-block-list\">\n<li>Options d'isolation de classe B ou F pour une stabilit\u00e9 thermique jusqu'\u00e0 130 \u00b0C<\/li>\n\n\n\n<li>Enroulement encapsul\u00e9 pour une r\u00e9sistance \u00e0 l'humidit\u00e9 et aux vibrations<\/li>\n\n\n\n<li>Homologations de s\u00e9curit\u00e9 UL\/Listable materials et CE disponibles<\/li>\n<\/ul>\n<\/li>\n\n\n\n<li><strong>Configurations personnalisables<\/strong>\n<ul class=\"wp-block-list\">\n<li>Tensions d'entr\u00e9e : 110 VAC \/ 115 VAC \/ 230 VAC (50\/60 Hz)<\/li>\n\n\n\n<li>Tensions de sortie : 12 VAC \u00e0 48 VAC (double ou multiples secondaires)<\/li>\n\n\n\n<li>Valeurs nominales VA : 50 VA, 100 VA, 150 VA, 200 VA, jusqu'\u00e0 500 VA<\/li>\n\n\n\n<li>Montage : Montage sur circuit imprim\u00e9, montage sur ch\u00e2ssis ou options de support<\/li>\n<\/ul>\n<\/li>\n<\/ul>\n\n\n\n<h2 class=\"wp-block-heading\">Param\u00e8tres techniques<\/h2>\n\n\n\n<figure class=\"wp-block-table\"><table class=\"has-fixed-layout\"><tbody><tr><td>Capacit\u00e9<\/td><td>SDK-500VA jusqu'\u00e0 3000VA<\/td><\/tr><tr><td>Interrupteur<\/td><td>Interrupteur \u00e0 bouton unique, pratique et rapide.<\/td><\/tr><tr><td>Voyant d'alimentation<\/td><td>Il peut ainsi mieux savoir si la machine fonctionne normalement.<\/td><\/tr><tr><td>Tension d'entr\u00e9e<\/td><td>110\/120\/220\/240V<\/td><\/tr><tr><td>Tension de sortie<\/td><td>Les autres pays utilisent la sortie 110v. En Chine, il utilise la sortie 220v.<\/td><\/tr><tr><td>Fr\u00e9quence nominale<\/td><td>50\/60Hz<\/td><\/tr><tr><td>Taux de variation de la tension<\/td><td>\u22641.5%<\/td><\/tr><tr><td>Efficacit\u00e9 du travail<\/td><td>\u226598%<\/td><\/tr><tr><td>Dissipation de la chaleur<\/td><td>Il dispose d'une grande surface de dissipation de la chaleur, d'une dissipation de la chaleur tr\u00e8s efficace, et il est s\u00fbr et stable.<\/td><\/tr><tr><td>Portable<\/td><td>Il est facile \u00e0 transporter, s\u00fbr et robuste.<\/td><\/tr><\/tbody><\/table><\/figure>\n\n\n\n<figure class=\"wp-block-table\"><table class=\"has-fixed-layout\"><tbody><tr><td colspan=\"2\">Mod\u00e8le de produit<\/td><td>Tension d'entr\u00e9e<\/td><td>Tension de sortie<\/td><td>(mm)xxLxLxH<\/td><\/tr><tr><td rowspan=\"3\">Version nationale<\/td><td>SDK-500VA<\/td><td rowspan=\"3\">220V<\/td><td rowspan=\"3\">100V 110V<\/td><td rowspan=\"6\">185*75*240<\/td><\/tr><tr><td>SDK-1000VA<\/td><\/tr><tr><td>SDK-2000VA<\/td><\/tr><tr><td rowspan=\"3\">Outre-mer<\/td><td>SDK-500VA<\/td><td rowspan=\"3\">110V<\/td><td rowspan=\"3\">220V<\/td><\/tr><tr><td>SDK-1000VA<\/td><\/tr><tr><td>SDK-2000VA<\/td><\/tr><\/tbody><\/table><\/figure>\n\n\n\n<figure class=\"wp-block-image size-full\"><img fetchpriority=\"high\" decoding=\"async\" width=\"600\" height=\"600\" src=\"https:\/\/www.lauramak.com\/wp-content\/uploads\/2025\/07\/Voltage-Converters-Suit-for-Rice-Cookers-and-Other-Kitchen-Appliances.webp\" alt=\"Convertisseurs de tension pour cuiseurs \u00e0 riz et autres appareils de cuisine\" class=\"wp-image-2026\" srcset=\"https:\/\/www.lauramak.com\/wp-content\/uploads\/2025\/07\/Voltage-Converters-Suit-for-Rice-Cookers-and-Other-Kitchen-Appliances.webp 600w, https:\/\/www.lauramak.com\/wp-content\/uploads\/2025\/07\/Voltage-Converters-Suit-for-Rice-Cookers-and-Other-Kitchen-Appliances-300x300.webp 300w, https:\/\/www.lauramak.com\/wp-content\/uploads\/2025\/07\/Voltage-Converters-Suit-for-Rice-Cookers-and-Other-Kitchen-Appliances-150x150.webp 150w\" sizes=\"(max-width: 600px) 100vw, 600px\" \/><\/figure>\n\n\n\n<h2 class=\"wp-block-heading\">Applications typiques<\/h2>\n\n\n\n<ul class=\"wp-block-list\">\n<li><strong>Amplificateurs audio et \u00e9quipement hi-fi<\/strong><br>Fournit une alimentation propre et stable pour une reproduction audio \u00e0 faible bruit.<\/li>\n\n\n\n<li><strong>Dispositifs m\u00e9dicaux et instruments de laboratoire<\/strong><br>Conforme aux exigences strictes en mati\u00e8re de s\u00e9curit\u00e9 et d'interf\u00e9rence \u00e9lectromagn\u00e9tique (EMI).<\/li>\n\n\n\n<li><strong>Contr\u00f4le industriel et automatisation<\/strong><br>Fournir une alimentation fiable aux capteurs, aux automates et aux circuits de commande.<\/li>\n\n\n\n<li><strong>Syst\u00e8mes d'\u00e9clairage et d'affichage LED<\/strong><br>Assure un fonctionnement sans scintillement et une longue dur\u00e9e de vie des LED.<\/li>\n<\/ul>\n\n\n\n<h2 class=\"wp-block-heading\">Pourquoi choisir ZHENGXI comme fournisseur de transformateurs toro\u00efdaux ?<\/h2>\n\n\n\n<ul class=\"wp-block-list\">\n<li><strong>Expertise et qualit\u00e9<\/strong>: Plus de 30 ans de sp\u00e9cialisation dans la conception et la fabrication de transformateurs.<\/li>\n\n\n\n<li><strong>Certifications mondiales<\/strong>: La conformit\u00e9 aux normes CE, UL et RoHS garantit des produits s\u00fbrs et pr\u00eats \u00e0 \u00eatre commercialis\u00e9s.<\/li>\n\n\n\n<li><strong>Prototypage rapide et service OEM<\/strong>: D\u00e9lai d'ex\u00e9cution rapide pour les conceptions personnalis\u00e9es et les commandes de marques priv\u00e9es.<\/li>\n\n\n\n<li><strong>Prix comp\u00e9titifs<\/strong>: Prix direct de l'usine pour les projets sensibles aux co\u00fbts sans compromis sur la qualit\u00e9.<\/li>\n<\/ul>\n\n\n\n<h2 class=\"wp-block-heading\">FAQ<\/h2>\n\n\n\n<p><strong>Q1 : Pourquoi un petit transformateur toro\u00efdal est-il meilleur qu'un transformateur \u00e0 noyau EI ?<\/strong><br>A1 : Les transformateurs toro\u00efdaux offrent un rendement plus \u00e9lev\u00e9, une taille plus petite, un poids plus l\u00e9ger, un faible niveau de bruit et une r\u00e9gulation plus stricte de la tension par rapport aux transformateurs traditionnels \u00e0 noyau EI, ce qui les rend id\u00e9aux pour les applications de pr\u00e9cision et \u00e0 espace limit\u00e9.<\/p>\n\n\n\n<p><strong>Q2 : Pouvez-vous personnaliser la tension de sortie et le style de montage ?<\/strong><br>A2 : Oui. Nous fournissons des enroulements personnalis\u00e9s pour pratiquement toutes les tensions secondaires (simples ou multiples), et vous pouvez choisir des configurations de montage sur circuit imprim\u00e9, sur support ou sur ch\u00e2ssis pour r\u00e9pondre \u00e0 vos besoins en mati\u00e8re d'assemblage.<\/p>\n\n\n\n<p><strong>Q3 : Comment s\u00e9lectionner l'\u00e9valuation VA correcte pour ma demande ?<\/strong><br>A3 : Calculez le courant de charge total (en amp\u00e8res) requis par vos appareils \u00e0 la tension de sortie pr\u00e9vue, puis multipliez par cette tension pour obtenir les VA. Ajoutez une marge de s\u00e9curit\u00e9 de 20-30% pour tenir compte des courants d'appel - par exemple, une charge de 2 A, 24 VAC n\u00e9cessite au moins 48 VA ; choisissez un mod\u00e8le de 100 VA.<\/p>","protected":false},"excerpt":{"rendered":"<p>Key Benefits &amp; Features Technical Parameters Capacity SDK-500VA up to 3000VA Switch One button switch, convenient and fast. Power Indicator Light It can better know whether the machine is operating normally. Input voltage 110\/120\/220\/240V Output&nbsp;voltage Other countries use the 110v output. In China, it uses the 220v output. Rated frequency 50\/60Hz Voltage change rate \u22641.5% [&hellip;]<\/p>","protected":false},"featured_media":2028,"parent":0,"menu_order":0,"template":"","tags":[],"product-categories":[58],"class_list":["post-2022","product","type-product","status-publish","has-post-thumbnail","hentry","product-categories-low-voltage-transformer"],"acf":[],"yoast_head":"<!-- This site is optimized with the Yoast SEO plugin v25.7 - https:\/\/yoast.com\/wordpress\/plugins\/seo\/ -->\n<title>Small Low Voltage Toroidal Transformer Supplier - SUNWAY<\/title>\n<meta name=\"description\" content=\"Elevate your designs with ZHENGXI\u2019s small low voltage toroidal transformers\u2014where performance, reliability, and efficiency converge. Contact us today for samples, pricing, or custom solutions!\" \/>\n<meta name=\"robots\" content=\"index, follow, max-snippet:-1, max-image-preview:large, max-video-preview:-1\" \/>\n<link rel=\"canonical\" href=\"https:\/\/www.lauramak.com\/fr\/produit\/petit-transformateur-toroidal-basse-tension\/\" \/>\n<meta property=\"og:locale\" content=\"fr_FR\" \/>\n<meta property=\"og:type\" content=\"article\" \/>\n<meta property=\"og:title\" content=\"Small Low Voltage Toroidal Transformer Supplier - SUNWAY\" \/>\n<meta property=\"og:description\" content=\"Elevate your designs with ZHENGXI\u2019s small low voltage toroidal transformers\u2014where performance, reliability, and efficiency converge. Contact us today for samples, pricing, or custom solutions!\" \/>\n<meta property=\"og:url\" content=\"https:\/\/www.lauramak.com\/fr\/produit\/petit-transformateur-toroidal-basse-tension\/\" \/>\n<meta property=\"og:site_name\" content=\"SUNWAY\" \/>\n<meta property=\"article:modified_time\" content=\"2025-07-10T07:50:26+00:00\" \/>\n<meta property=\"og:image\" content=\"https:\/\/www.lauramak.com\/wp-content\/uploads\/2025\/07\/SDK-Small-Low-Voltage-Toroidal-Transformer.webp\" \/>\n\t<meta property=\"og:image:width\" content=\"600\" \/>\n\t<meta property=\"og:image:height\" content=\"600\" \/>\n\t<meta property=\"og:image:type\" content=\"image\/webp\" \/>\n<meta name=\"twitter:card\" content=\"summary_large_image\" \/>\n<meta name=\"twitter:label1\" content=\"Dur\u00e9e de lecture estim\u00e9e\" \/>\n\t<meta name=\"twitter:data1\" content=\"3 minutes\" \/>\n<script type=\"application\/ld+json\" class=\"yoast-schema-graph\">{\"@context\":\"https:\/\/schema.org\",\"@graph\":[{\"@type\":\"WebPage\",\"@id\":\"https:\/\/www.lauramak.com\/product\/small-low-voltage-toroidal-transformer\/\",\"url\":\"https:\/\/www.lauramak.com\/product\/small-low-voltage-toroidal-transformer\/\",\"name\":\"Small Low Voltage Toroidal Transformer Supplier - SUNWAY\",\"isPartOf\":{\"@id\":\"https:\/\/www.lauramak.com\/#website\"},\"primaryImageOfPage\":{\"@id\":\"https:\/\/www.lauramak.com\/product\/small-low-voltage-toroidal-transformer\/#primaryimage\"},\"image\":{\"@id\":\"https:\/\/www.lauramak.com\/product\/small-low-voltage-toroidal-transformer\/#primaryimage\"},\"thumbnailUrl\":\"https:\/\/www.lauramak.com\/wp-content\/uploads\/2025\/07\/SDK-Small-Low-Voltage-Toroidal-Transformer.webp\",\"datePublished\":\"2025-07-10T07:47:11+00:00\",\"dateModified\":\"2025-07-10T07:50:26+00:00\",\"description\":\"Elevate your designs with ZHENGXI\u2019s small low voltage toroidal transformers\u2014where performance, reliability, and efficiency converge. Contact us today for samples, pricing, or custom solutions!\",\"breadcrumb\":{\"@id\":\"https:\/\/www.lauramak.com\/product\/small-low-voltage-toroidal-transformer\/#breadcrumb\"},\"inLanguage\":\"fr-FR\",\"potentialAction\":[{\"@type\":\"ReadAction\",\"target\":[\"https:\/\/www.lauramak.com\/product\/small-low-voltage-toroidal-transformer\/\"]}]},{\"@type\":\"ImageObject\",\"inLanguage\":\"fr-FR\",\"@id\":\"https:\/\/www.lauramak.com\/product\/small-low-voltage-toroidal-transformer\/#primaryimage\",\"url\":\"https:\/\/www.lauramak.com\/wp-content\/uploads\/2025\/07\/SDK-Small-Low-Voltage-Toroidal-Transformer.webp\",\"contentUrl\":\"https:\/\/www.lauramak.com\/wp-content\/uploads\/2025\/07\/SDK-Small-Low-Voltage-Toroidal-Transformer.webp\",\"width\":600,\"height\":600,\"caption\":\"SDK Small Low Voltage Toroidal Transformer\"},{\"@type\":\"BreadcrumbList\",\"@id\":\"https:\/\/www.lauramak.com\/product\/small-low-voltage-toroidal-transformer\/#breadcrumb\",\"itemListElement\":[{\"@type\":\"ListItem\",\"position\":1,\"name\":\"Home\",\"item\":\"https:\/\/www.lauramak.com\/\"},{\"@type\":\"ListItem\",\"position\":2,\"name\":\"Products\",\"item\":\"https:\/\/www.lauramak.com\/product\/\"},{\"@type\":\"ListItem\",\"position\":3,\"name\":\"SDK Small Low Voltage Toroidal Transformer\"}]},{\"@type\":\"WebSite\",\"@id\":\"https:\/\/www.lauramak.com\/#website\",\"url\":\"https:\/\/www.lauramak.com\/\",\"name\":\"SUNWAY\",\"description\":\"ZHENGXI GROUP\u2018 Subsidiary\",\"publisher\":{\"@id\":\"https:\/\/www.lauramak.com\/#organization\"},\"potentialAction\":[{\"@type\":\"SearchAction\",\"target\":{\"@type\":\"EntryPoint\",\"urlTemplate\":\"https:\/\/www.lauramak.com\/?s={search_term_string}\"},\"query-input\":{\"@type\":\"PropertyValueSpecification\",\"valueRequired\":true,\"valueName\":\"search_term_string\"}}],\"inLanguage\":\"fr-FR\"},{\"@type\":\"Organization\",\"@id\":\"https:\/\/www.lauramak.com\/#organization\",\"name\":\"SUNWAY\",\"url\":\"https:\/\/www.lauramak.com\/\",\"logo\":{\"@type\":\"ImageObject\",\"inLanguage\":\"fr-FR\",\"@id\":\"https:\/\/www.lauramak.com\/#\/schema\/logo\/image\/\",\"url\":\"https:\/\/www.lauramak.com\/wp-content\/uploads\/2025\/07\/sunway-logo.webp\",\"contentUrl\":\"https:\/\/www.lauramak.com\/wp-content\/uploads\/2025\/07\/sunway-logo.webp\",\"width\":319,\"height\":89,\"caption\":\"SUNWAY\"},\"image\":{\"@id\":\"https:\/\/www.lauramak.com\/#\/schema\/logo\/image\/\"}}]}<\/script>\n<!-- \/ Yoast SEO plugin. -->","yoast_head_json":{"title":"Small Low Voltage Toroidal Transformer Supplier - SUNWAY","description":"Elevate your designs with ZHENGXI\u2019s small low voltage toroidal transformers\u2014where performance, reliability, and efficiency converge. Contact us today for samples, pricing, or custom solutions!","robots":{"index":"index","follow":"follow","max-snippet":"max-snippet:-1","max-image-preview":"max-image-preview:large","max-video-preview":"max-video-preview:-1"},"canonical":"https:\/\/www.lauramak.com\/fr\/produit\/petit-transformateur-toroidal-basse-tension\/","og_locale":"fr_FR","og_type":"article","og_title":"Small Low Voltage Toroidal Transformer Supplier - SUNWAY","og_description":"Elevate your designs with ZHENGXI\u2019s small low voltage toroidal transformers\u2014where performance, reliability, and efficiency converge. Contact us today for samples, pricing, or custom solutions!","og_url":"https:\/\/www.lauramak.com\/fr\/produit\/petit-transformateur-toroidal-basse-tension\/","og_site_name":"SUNWAY","article_modified_time":"2025-07-10T07:50:26+00:00","og_image":[{"width":600,"height":600,"url":"https:\/\/www.lauramak.com\/wp-content\/uploads\/2025\/07\/SDK-Small-Low-Voltage-Toroidal-Transformer.webp","type":"image\/webp"}],"twitter_card":"summary_large_image","twitter_misc":{"Dur\u00e9e de lecture estim\u00e9e":"3 minutes"},"schema":{"@context":"https:\/\/schema.org","@graph":[{"@type":"WebPage","@id":"https:\/\/www.lauramak.com\/product\/small-low-voltage-toroidal-transformer\/","url":"https:\/\/www.lauramak.com\/product\/small-low-voltage-toroidal-transformer\/","name":"Small Low Voltage Toroidal Transformer Supplier - SUNWAY","isPartOf":{"@id":"https:\/\/www.lauramak.com\/#website"},"primaryImageOfPage":{"@id":"https:\/\/www.lauramak.com\/product\/small-low-voltage-toroidal-transformer\/#primaryimage"},"image":{"@id":"https:\/\/www.lauramak.com\/product\/small-low-voltage-toroidal-transformer\/#primaryimage"},"thumbnailUrl":"https:\/\/www.lauramak.com\/wp-content\/uploads\/2025\/07\/SDK-Small-Low-Voltage-Toroidal-Transformer.webp","datePublished":"2025-07-10T07:47:11+00:00","dateModified":"2025-07-10T07:50:26+00:00","description":"Elevate your designs with ZHENGXI\u2019s small low voltage toroidal transformers\u2014where performance, reliability, and efficiency converge. Contact us today for samples, pricing, or custom solutions!","breadcrumb":{"@id":"https:\/\/www.lauramak.com\/product\/small-low-voltage-toroidal-transformer\/#breadcrumb"},"inLanguage":"fr-FR","potentialAction":[{"@type":"ReadAction","target":["https:\/\/www.lauramak.com\/product\/small-low-voltage-toroidal-transformer\/"]}]},{"@type":"ImageObject","inLanguage":"fr-FR","@id":"https:\/\/www.lauramak.com\/product\/small-low-voltage-toroidal-transformer\/#primaryimage","url":"https:\/\/www.lauramak.com\/wp-content\/uploads\/2025\/07\/SDK-Small-Low-Voltage-Toroidal-Transformer.webp","contentUrl":"https:\/\/www.lauramak.com\/wp-content\/uploads\/2025\/07\/SDK-Small-Low-Voltage-Toroidal-Transformer.webp","width":600,"height":600,"caption":"SDK Small Low Voltage Toroidal Transformer"},{"@type":"BreadcrumbList","@id":"https:\/\/www.lauramak.com\/product\/small-low-voltage-toroidal-transformer\/#breadcrumb","itemListElement":[{"@type":"ListItem","position":1,"name":"Home","item":"https:\/\/www.lauramak.com\/"},{"@type":"ListItem","position":2,"name":"Products","item":"https:\/\/www.lauramak.com\/product\/"},{"@type":"ListItem","position":3,"name":"SDK Small Low Voltage Toroidal Transformer"}]},{"@type":"WebSite","@id":"https:\/\/www.lauramak.com\/#website","url":"https:\/\/www.lauramak.com\/","name":"SUNWAY","description":"ZHENGXI GROUP\u2018 Subsidiary","publisher":{"@id":"https:\/\/www.lauramak.com\/#organization"},"potentialAction":[{"@type":"SearchAction","target":{"@type":"EntryPoint","urlTemplate":"https:\/\/www.lauramak.com\/?s={search_term_string}"},"query-input":{"@type":"PropertyValueSpecification","valueRequired":true,"valueName":"search_term_string"}}],"inLanguage":"fr-FR"},{"@type":"Organization","@id":"https:\/\/www.lauramak.com\/#organization","name":"SUNWAY","url":"https:\/\/www.lauramak.com\/","logo":{"@type":"ImageObject","inLanguage":"fr-FR","@id":"https:\/\/www.lauramak.com\/#\/schema\/logo\/image\/","url":"https:\/\/www.lauramak.com\/wp-content\/uploads\/2025\/07\/sunway-logo.webp","contentUrl":"https:\/\/www.lauramak.com\/wp-content\/uploads\/2025\/07\/sunway-logo.webp","width":319,"height":89,"caption":"SUNWAY"},"image":{"@id":"https:\/\/www.lauramak.com\/#\/schema\/logo\/image\/"}}]}},"_links":{"self":[{"href":"https:\/\/www.lauramak.com\/fr\/wp-json\/wp\/v2\/product\/2022","targetHints":{"allow":["GET"]}}],"collection":[{"href":"https:\/\/www.lauramak.com\/fr\/wp-json\/wp\/v2\/product"}],"about":[{"href":"https:\/\/www.lauramak.com\/fr\/wp-json\/wp\/v2\/types\/product"}],"version-history":[{"count":5,"href":"https:\/\/www.lauramak.com\/fr\/wp-json\/wp\/v2\/product\/2022\/revisions"}],"predecessor-version":[{"id":2032,"href":"https:\/\/www.lauramak.com\/fr\/wp-json\/wp\/v2\/product\/2022\/revisions\/2032"}],"wp:featuredmedia":[{"embeddable":true,"href":"https:\/\/www.lauramak.com\/fr\/wp-json\/wp\/v2\/media\/2028"}],"wp:attachment":[{"href":"https:\/\/www.lauramak.com\/fr\/wp-json\/wp\/v2\/media?parent=2022"}],"wp:term":[{"taxonomy":"post_tag","embeddable":true,"href":"https:\/\/www.lauramak.com\/fr\/wp-json\/wp\/v2\/tags?post=2022"},{"taxonomy":"product-categories","embeddable":true,"href":"https:\/\/www.lauramak.com\/fr\/wp-json\/wp\/v2\/product-categories?post=2022"}],"curies":[{"name":"wp","href":"https:\/\/api.w.org\/{rel}","templated":true}]}}