{"id":2014,"date":"2025-07-10T07:01:10","date_gmt":"2025-07-10T07:01:10","guid":{"rendered":"https:\/\/www.lauramak.com\/?post_type=product&#038;p=2014"},"modified":"2025-07-10T08:33:12","modified_gmt":"2025-07-10T08:33:12","slug":"low-voltage-toroidal-auto-transformer","status":"publish","type":"product","link":"https:\/\/www.lauramak.com\/fr\/produit\/auto-transformateur-toroidal-basse-tension\/","title":{"rendered":"JYK 500va 1000va 2000va Transformateur Toro\u00efdal Auto Basse Tension"},"content":{"rendered":"<h2 class=\"wp-block-heading\">Avantages principaux<\/h2>\n\n\n\n<ul class=\"wp-block-list\">\n<li><strong>Conception toro\u00efdale compacte<\/strong><br>L\u00e9ger et peu encombrant (190 \u00d7 242 \u00d7 76 mm), il se monte facilement sur les murs ou se range sous les bureaux. Les noyaux toro\u00efdaux offrent un couplage magn\u00e9tique sup\u00e9rieur et des interf\u00e9rences \u00e9lectromagn\u00e9tiques minimales.<\/li>\n\n\n\n<li><strong>Pratique et pr\u00eat \u00e0 l'emploi<\/strong><br>Connexion simple : branchez dans une prise secteur standard, s\u00e9lectionnez la tension de sortie souhait\u00e9e et alimentez vos appareils instantan\u00e9ment - aucun c\u00e2blage compliqu\u00e9 n'est n\u00e9cessaire.<\/li>\n\n\n\n<li><strong>Large gamme de capacit\u00e9s<\/strong><br>Choisissez entre <strong>500 VA<\/strong>, <strong>1000 VA<\/strong>et <strong>Transformateur toro\u00efdal 2000 VA<\/strong> pour s'adapter aux caract\u00e9ristiques des appareils, qu'il s'agisse de petits chargeurs ou d'appareils de cuisine puissants.<\/li>\n\n\n\n<li><strong>Caract\u00e9ristiques de protection robustes<\/strong>\n<ul class=\"wp-block-list\">\n<li><strong>Surtension et sous-tension<\/strong>: L'\u00e9dition nationale produit 90 VAC-135 VAC ; l'\u00e9dition d'outre-mer produit 180 VAC-265 VAC<\/li>\n\n\n\n<li><strong>Protection contre les surcharges et les courts-circuits<\/strong><\/li>\n\n\n\n<li><strong>Arr\u00eat en cas de surchauffe<\/strong><\/li>\n\n\n\n<li><strong>R\u00e9ponse rapide<\/strong>: Ajuste la sortie dans un d\u00e9lai de \u2264 1,5 s pour maintenir une tension stable.<\/li>\n<\/ul>\n<\/li>\n\n\n\n<li><strong>Rendement \u00e9lev\u00e9 et sortie pure<\/strong><br>Le facteur de puissance de 0,9 et l'absence de distorsion de forme d'onde suppl\u00e9mentaire prot\u00e8gent les appareils \u00e9lectroniques sensibles, ce qui est id\u00e9al pour les ordinateurs, les appareils audio et les appareils m\u00e9dicaux.<\/li>\n\n\n\n<li><strong>Une tarification rentable<\/strong><br>B\u00e9n\u00e9ficier de notre comp\u00e9titivit\u00e9 <strong>prix du transformateur toro\u00efdal<\/strong> dans les trois capacit\u00e9s, ce qui garantit un retour rapide sur investissement.<\/li>\n<\/ul>\n\n\n\n<h2 class=\"wp-block-heading\">Param\u00e8tres techniques<\/h2>\n\n\n\n<figure class=\"wp-block-table\"><table class=\"has-fixed-layout\"><tbody><tr><td>Mod\u00e8le NO.<\/td><td>JYK<\/td><\/tr><tr><td>Capacit\u00e9<\/td><td>0,5KVA 1KVA 2KVA<\/td><\/tr><tr><td>Protection contre les surtensions<\/td><td>Version nationale : sortie 135V\u00b15V Edition d'outre-mer : sortie 265V\u00b15V<\/td><\/tr><tr><td>Protection contre les sous-tensions<\/td><td>Version nationale:Qutput 90V\u00b15V Edition d'outre-mer:Qutput 180V\u00b15V<\/td><\/tr><tr><td>Facteur de puissance<\/td><td>0.9<\/td><\/tr><tr><td>Temps de r\u00e9ponse<\/td><td>\u22641.5S<\/td><\/tr><tr><td>R\u00e9sistance de l'isolation<\/td><td>&gt;50MQ<\/td><\/tr><tr><td>Distorsion de la forme d'onde<\/td><td>Pas de distorsion suppl\u00e9mentaire de la forme d'onde<\/td><\/tr><tr><td>Temp\u00e9rature ambiante<\/td><td>-10\u00b0C~+ 40\u00b0C<\/td><\/tr><\/tbody><\/table><\/figure>\n\n\n\n<h2 class=\"wp-block-heading\">Sp\u00e9cifications<\/h2>\n\n\n\n<figure class=\"wp-block-table\"><table class=\"has-fixed-layout\"><tbody><tr><td colspan=\"2\">MOD\u00c8LE<\/td><td>Tension d'entr\u00e9e<\/td><td>Tension de sortie<\/td><td>Mesures (mm) Longueur*Largeur*Hauteur<\/td><\/tr><tr><td rowspan=\"3\">Version nationale<\/td><td>JYK-0.5KVA<\/td><td rowspan=\"3\">220V<\/td><td rowspan=\"3\">100V 110V<\/td><td>190*242*760<\/td><\/tr><tr><td>JYK-1KVA<\/td><td>190*242*760<\/td><\/tr><tr><td>JYK-2KVA<\/td><td>190*242*760<\/td><\/tr><tr><td rowspan=\"3\">\u00c9dition d'outre-mer<\/td><td>JYK-0.5KVA<\/td><td rowspan=\"3\">110V<\/td><td rowspan=\"3\">220V<\/td><td>190*242*760<\/td><\/tr><tr><td>JYK-1KVA<\/td><td>190*242*760<\/td><\/tr><tr><td>JYK-2KVA<\/td><td>190*242*760<\/td><\/tr><\/tbody><\/table><\/figure>\n\n\n\n<h2 class=\"wp-block-heading\">Applications typiques<\/h2>\n\n\n\n<ul class=\"wp-block-list\">\n<li><strong>Voyage et bureau<\/strong>: Alimenter les ordinateurs portables, les chargeurs et les petits appareils \u00e0 l'\u00e9tranger.<\/li>\n\n\n\n<li><strong>\u00c9lectronique domestique<\/strong>: Prot\u00e9ger les t\u00e9l\u00e9viseurs, les consoles de jeux et les syst\u00e8mes audio<\/li>\n\n\n\n<li><strong>Laboratoire et m\u00e9decine<\/strong>: Fournir une alimentation pr\u00e9cise et propre aux instruments d'analyse<\/li>\n\n\n\n<li><strong>Pr\u00e9sentoirs pour le commerce de d\u00e9tail<\/strong>: Assurer un \u00e9clairage et une signalisation \u00e9lectronique coh\u00e9rents<\/li>\n<\/ul>\n\n\n\n<h2 class=\"wp-block-heading\">FAQ<\/h2>\n\n\n\n<p><strong>Q1 : Quelle charge un transformateur torique de 500 VA peut-il supporter ?<\/strong><br>A1 : A <strong>Transformateur toro\u00efdal de 500 VA<\/strong> Le 20% alimente confortablement les appareils jusqu'\u00e0 450 W en charge continue (par exemple, chargeurs d'ordinateurs portables, t\u00e9l\u00e9viseurs LED). Laissez toujours une marge de s\u00e9curit\u00e9 de 20% pour les courants de d\u00e9marrage.<\/p>\n\n\n\n<p><strong>Q2 : Comment choisir entre les mod\u00e8les 1000 VA et 2000 VA ?<\/strong><br>A2 : Additionnez la puissance de tous les appareils que vous pr\u00e9voyez de faire fonctionner simultan\u00e9ment. Par exemple, si la puissance totale de vos appareils est de 1,2 kW, s\u00e9lectionnez l'option <strong>2000 VA<\/strong> afin de laisser une marge de man\u0153uvre et d'\u00e9viter la surchauffe.<\/p>\n\n\n\n<p><strong>Q3 : O\u00f9 puis-je trouver le meilleur prix pour un transformateur toro\u00efdal ?<\/strong><br>A3 : Contactez notre \u00e9quipe de vente pour obtenir des remises sur les volumes et des devis personnalis\u00e9s. Nous proposons des prix comp\u00e9titifs pour toutes les capacit\u00e9s, ce qui garantit les meilleurs prix. <strong>prix du transformateur toro\u00efdal<\/strong> sans sacrifier les performances.<\/p>\n\n\n\n<p>Assurez d\u00e8s aujourd'hui une conversion d'\u00e9nergie fiable et sans distorsion gr\u00e2ce \u00e0 la gamme de produits ZHENGXI <strong>Auto transformateur toro\u00efdal basse tension<\/strong> s\u00e9rie. <strong>Demande d'information<\/strong> pour les prix et la livraison !<\/p>","protected":false},"excerpt":{"rendered":"<p>Core Advantages Technical Parameters Model NO. JYK Capacity 0.5KVA&nbsp;&nbsp; 1KVA&nbsp;&nbsp; 2KVA Overvoltage&nbsp;protection Domestic&nbsp;version:Output&nbsp;135V\u00b15V&nbsp;&nbsp;&nbsp;&nbsp;&nbsp;&nbsp;Overseas&nbsp;Edition:Output&nbsp;265V\u00b15V Undervoltage&nbsp;protection Domestic&nbsp;version:Qutput&nbsp;90V\u00b15V&nbsp;&nbsp;&nbsp;&nbsp;&nbsp;&nbsp;&nbsp;&nbsp;Overseas&nbsp;Edition:Qutput&nbsp;180V\u00b15V Power&nbsp;Factor 0.9 Response time \u22641.5S Insulation&nbsp;resistance &gt;50MQ Waveform distortion No additional waveform distortion Ambient temperature -10\u00b0C~+ 40\u00b0C Specifications MODEL Input voltage Output voltage Measurement(mm)&nbsp;Length*Width*Height Domestic&nbsp;version JYK-0.5KVA 220V 100V&nbsp; 110V 190*242*760 JYK-1KVA 190*242*760 JYK-2KVA 190*242*760 Overseas&nbsp;Edition JYK-0.5KVA 110V 220V 190*242*760 JYK-1KVA [&hellip;]<\/p>","protected":false},"featured_media":2015,"parent":0,"menu_order":0,"template":"","tags":[],"product-categories":[58],"class_list":["post-2014","product","type-product","status-publish","has-post-thumbnail","hentry","product-categories-low-voltage-transformer"],"acf":[],"yoast_head":"<!-- This site is optimized with the Yoast SEO plugin v25.7 - https:\/\/yoast.com\/wordpress\/plugins\/seo\/ -->\n<title>Low Voltage Toroidal Auto Transformer Manufacturer | Competitive price - SUNWAY<\/title>\n<meta name=\"robots\" content=\"index, follow, max-snippet:-1, max-image-preview:large, max-video-preview:-1\" \/>\n<link rel=\"canonical\" href=\"https:\/\/www.lauramak.com\/fr\/produit\/auto-transformateur-toroidal-basse-tension\/\" \/>\n<meta property=\"og:locale\" content=\"fr_FR\" \/>\n<meta property=\"og:type\" content=\"article\" \/>\n<meta property=\"og:title\" content=\"Low Voltage Toroidal Auto Transformer Manufacturer | Competitive price - SUNWAY\" \/>\n<meta property=\"og:description\" content=\"Core Advantages Technical Parameters Model NO. JYK Capacity 0.5KVA&nbsp;&nbsp; 1KVA&nbsp;&nbsp; 2KVA Overvoltage&nbsp;protection Domestic&nbsp;version:Output&nbsp;135V\u00b15V&nbsp;&nbsp;&nbsp;&nbsp;&nbsp;&nbsp;Overseas&nbsp;Edition:Output&nbsp;265V\u00b15V Undervoltage&nbsp;protection Domestic&nbsp;version:Qutput&nbsp;90V\u00b15V&nbsp;&nbsp;&nbsp;&nbsp;&nbsp;&nbsp;&nbsp;&nbsp;Overseas&nbsp;Edition:Qutput&nbsp;180V\u00b15V Power&nbsp;Factor 0.9 Response time \u22641.5S Insulation&nbsp;resistance &gt;50MQ Waveform distortion No additional waveform distortion Ambient temperature -10\u00b0C~+ 40\u00b0C Specifications MODEL Input voltage Output voltage Measurement(mm)&nbsp;Length*Width*Height Domestic&nbsp;version JYK-0.5KVA 220V 100V&nbsp; 110V 190*242*760 JYK-1KVA 190*242*760 JYK-2KVA 190*242*760 Overseas&nbsp;Edition JYK-0.5KVA 110V 220V 190*242*760 JYK-1KVA [&hellip;]\" \/>\n<meta property=\"og:url\" content=\"https:\/\/www.lauramak.com\/fr\/produit\/auto-transformateur-toroidal-basse-tension\/\" \/>\n<meta property=\"og:site_name\" content=\"SUNWAY\" \/>\n<meta property=\"article:modified_time\" content=\"2025-07-10T08:33:12+00:00\" \/>\n<meta property=\"og:image\" content=\"https:\/\/www.lauramak.com\/wp-content\/uploads\/2025\/07\/1000va-toroidal-transformer.jpg\" \/>\n\t<meta property=\"og:image:width\" content=\"800\" \/>\n\t<meta property=\"og:image:height\" content=\"800\" \/>\n\t<meta property=\"og:image:type\" content=\"image\/jpeg\" \/>\n<meta name=\"twitter:card\" content=\"summary_large_image\" \/>\n<meta name=\"twitter:label1\" content=\"Dur\u00e9e de lecture estim\u00e9e\" \/>\n\t<meta name=\"twitter:data1\" content=\"3 minutes\" \/>\n<script type=\"application\/ld+json\" class=\"yoast-schema-graph\">{\"@context\":\"https:\/\/schema.org\",\"@graph\":[{\"@type\":\"WebPage\",\"@id\":\"https:\/\/www.lauramak.com\/product\/low-voltage-toroidal-auto-transformer\/\",\"url\":\"https:\/\/www.lauramak.com\/product\/low-voltage-toroidal-auto-transformer\/\",\"name\":\"Low Voltage Toroidal Auto Transformer Manufacturer | Competitive price - SUNWAY\",\"isPartOf\":{\"@id\":\"https:\/\/www.lauramak.com\/#website\"},\"primaryImageOfPage\":{\"@id\":\"https:\/\/www.lauramak.com\/product\/low-voltage-toroidal-auto-transformer\/#primaryimage\"},\"image\":{\"@id\":\"https:\/\/www.lauramak.com\/product\/low-voltage-toroidal-auto-transformer\/#primaryimage\"},\"thumbnailUrl\":\"https:\/\/www.lauramak.com\/wp-content\/uploads\/2025\/07\/1000va-toroidal-transformer.jpg\",\"datePublished\":\"2025-07-10T07:01:10+00:00\",\"dateModified\":\"2025-07-10T08:33:12+00:00\",\"breadcrumb\":{\"@id\":\"https:\/\/www.lauramak.com\/product\/low-voltage-toroidal-auto-transformer\/#breadcrumb\"},\"inLanguage\":\"fr-FR\",\"potentialAction\":[{\"@type\":\"ReadAction\",\"target\":[\"https:\/\/www.lauramak.com\/product\/low-voltage-toroidal-auto-transformer\/\"]}]},{\"@type\":\"ImageObject\",\"inLanguage\":\"fr-FR\",\"@id\":\"https:\/\/www.lauramak.com\/product\/low-voltage-toroidal-auto-transformer\/#primaryimage\",\"url\":\"https:\/\/www.lauramak.com\/wp-content\/uploads\/2025\/07\/1000va-toroidal-transformer.jpg\",\"contentUrl\":\"https:\/\/www.lauramak.com\/wp-content\/uploads\/2025\/07\/1000va-toroidal-transformer.jpg\",\"width\":800,\"height\":800,\"caption\":\"1000va toroidal transformer\"},{\"@type\":\"BreadcrumbList\",\"@id\":\"https:\/\/www.lauramak.com\/product\/low-voltage-toroidal-auto-transformer\/#breadcrumb\",\"itemListElement\":[{\"@type\":\"ListItem\",\"position\":1,\"name\":\"Home\",\"item\":\"https:\/\/www.lauramak.com\/\"},{\"@type\":\"ListItem\",\"position\":2,\"name\":\"Products\",\"item\":\"https:\/\/www.lauramak.com\/product\/\"},{\"@type\":\"ListItem\",\"position\":3,\"name\":\"JYK 500va 1000va 2000va Low Voltage Toroidal Auto Transformer\"}]},{\"@type\":\"WebSite\",\"@id\":\"https:\/\/www.lauramak.com\/#website\",\"url\":\"https:\/\/www.lauramak.com\/\",\"name\":\"SUNWAY\",\"description\":\"ZHENGXI GROUP\u2018 Subsidiary\",\"publisher\":{\"@id\":\"https:\/\/www.lauramak.com\/#organization\"},\"potentialAction\":[{\"@type\":\"SearchAction\",\"target\":{\"@type\":\"EntryPoint\",\"urlTemplate\":\"https:\/\/www.lauramak.com\/?s={search_term_string}\"},\"query-input\":{\"@type\":\"PropertyValueSpecification\",\"valueRequired\":true,\"valueName\":\"search_term_string\"}}],\"inLanguage\":\"fr-FR\"},{\"@type\":\"Organization\",\"@id\":\"https:\/\/www.lauramak.com\/#organization\",\"name\":\"SUNWAY\",\"url\":\"https:\/\/www.lauramak.com\/\",\"logo\":{\"@type\":\"ImageObject\",\"inLanguage\":\"fr-FR\",\"@id\":\"https:\/\/www.lauramak.com\/#\/schema\/logo\/image\/\",\"url\":\"https:\/\/www.lauramak.com\/wp-content\/uploads\/2025\/07\/sunway-logo.webp\",\"contentUrl\":\"https:\/\/www.lauramak.com\/wp-content\/uploads\/2025\/07\/sunway-logo.webp\",\"width\":319,\"height\":89,\"caption\":\"SUNWAY\"},\"image\":{\"@id\":\"https:\/\/www.lauramak.com\/#\/schema\/logo\/image\/\"}}]}<\/script>\n<!-- \/ Yoast SEO plugin. -->","yoast_head_json":{"title":"Low Voltage Toroidal Auto Transformer Manufacturer | Competitive price - SUNWAY","robots":{"index":"index","follow":"follow","max-snippet":"max-snippet:-1","max-image-preview":"max-image-preview:large","max-video-preview":"max-video-preview:-1"},"canonical":"https:\/\/www.lauramak.com\/fr\/produit\/auto-transformateur-toroidal-basse-tension\/","og_locale":"fr_FR","og_type":"article","og_title":"Low Voltage Toroidal Auto Transformer Manufacturer | Competitive price - SUNWAY","og_description":"Core Advantages Technical Parameters Model NO. JYK Capacity 0.5KVA&nbsp;&nbsp; 1KVA&nbsp;&nbsp; 2KVA Overvoltage&nbsp;protection Domestic&nbsp;version:Output&nbsp;135V\u00b15V&nbsp;&nbsp;&nbsp;&nbsp;&nbsp;&nbsp;Overseas&nbsp;Edition:Output&nbsp;265V\u00b15V Undervoltage&nbsp;protection Domestic&nbsp;version:Qutput&nbsp;90V\u00b15V&nbsp;&nbsp;&nbsp;&nbsp;&nbsp;&nbsp;&nbsp;&nbsp;Overseas&nbsp;Edition:Qutput&nbsp;180V\u00b15V Power&nbsp;Factor 0.9 Response time \u22641.5S Insulation&nbsp;resistance &gt;50MQ Waveform distortion No additional waveform distortion Ambient temperature -10\u00b0C~+ 40\u00b0C Specifications MODEL Input voltage Output voltage Measurement(mm)&nbsp;Length*Width*Height Domestic&nbsp;version JYK-0.5KVA 220V 100V&nbsp; 110V 190*242*760 JYK-1KVA 190*242*760 JYK-2KVA 190*242*760 Overseas&nbsp;Edition JYK-0.5KVA 110V 220V 190*242*760 JYK-1KVA [&hellip;]","og_url":"https:\/\/www.lauramak.com\/fr\/produit\/auto-transformateur-toroidal-basse-tension\/","og_site_name":"SUNWAY","article_modified_time":"2025-07-10T08:33:12+00:00","og_image":[{"width":800,"height":800,"url":"https:\/\/www.lauramak.com\/wp-content\/uploads\/2025\/07\/1000va-toroidal-transformer.jpg","type":"image\/jpeg"}],"twitter_card":"summary_large_image","twitter_misc":{"Dur\u00e9e de lecture estim\u00e9e":"3 minutes"},"schema":{"@context":"https:\/\/schema.org","@graph":[{"@type":"WebPage","@id":"https:\/\/www.lauramak.com\/product\/low-voltage-toroidal-auto-transformer\/","url":"https:\/\/www.lauramak.com\/product\/low-voltage-toroidal-auto-transformer\/","name":"Low Voltage Toroidal Auto Transformer Manufacturer | Competitive price - SUNWAY","isPartOf":{"@id":"https:\/\/www.lauramak.com\/#website"},"primaryImageOfPage":{"@id":"https:\/\/www.lauramak.com\/product\/low-voltage-toroidal-auto-transformer\/#primaryimage"},"image":{"@id":"https:\/\/www.lauramak.com\/product\/low-voltage-toroidal-auto-transformer\/#primaryimage"},"thumbnailUrl":"https:\/\/www.lauramak.com\/wp-content\/uploads\/2025\/07\/1000va-toroidal-transformer.jpg","datePublished":"2025-07-10T07:01:10+00:00","dateModified":"2025-07-10T08:33:12+00:00","breadcrumb":{"@id":"https:\/\/www.lauramak.com\/product\/low-voltage-toroidal-auto-transformer\/#breadcrumb"},"inLanguage":"fr-FR","potentialAction":[{"@type":"ReadAction","target":["https:\/\/www.lauramak.com\/product\/low-voltage-toroidal-auto-transformer\/"]}]},{"@type":"ImageObject","inLanguage":"fr-FR","@id":"https:\/\/www.lauramak.com\/product\/low-voltage-toroidal-auto-transformer\/#primaryimage","url":"https:\/\/www.lauramak.com\/wp-content\/uploads\/2025\/07\/1000va-toroidal-transformer.jpg","contentUrl":"https:\/\/www.lauramak.com\/wp-content\/uploads\/2025\/07\/1000va-toroidal-transformer.jpg","width":800,"height":800,"caption":"1000va toroidal transformer"},{"@type":"BreadcrumbList","@id":"https:\/\/www.lauramak.com\/product\/low-voltage-toroidal-auto-transformer\/#breadcrumb","itemListElement":[{"@type":"ListItem","position":1,"name":"Home","item":"https:\/\/www.lauramak.com\/"},{"@type":"ListItem","position":2,"name":"Products","item":"https:\/\/www.lauramak.com\/product\/"},{"@type":"ListItem","position":3,"name":"JYK 500va 1000va 2000va Low Voltage Toroidal Auto Transformer"}]},{"@type":"WebSite","@id":"https:\/\/www.lauramak.com\/#website","url":"https:\/\/www.lauramak.com\/","name":"SUNWAY","description":"ZHENGXI GROUP\u2018 Subsidiary","publisher":{"@id":"https:\/\/www.lauramak.com\/#organization"},"potentialAction":[{"@type":"SearchAction","target":{"@type":"EntryPoint","urlTemplate":"https:\/\/www.lauramak.com\/?s={search_term_string}"},"query-input":{"@type":"PropertyValueSpecification","valueRequired":true,"valueName":"search_term_string"}}],"inLanguage":"fr-FR"},{"@type":"Organization","@id":"https:\/\/www.lauramak.com\/#organization","name":"SUNWAY","url":"https:\/\/www.lauramak.com\/","logo":{"@type":"ImageObject","inLanguage":"fr-FR","@id":"https:\/\/www.lauramak.com\/#\/schema\/logo\/image\/","url":"https:\/\/www.lauramak.com\/wp-content\/uploads\/2025\/07\/sunway-logo.webp","contentUrl":"https:\/\/www.lauramak.com\/wp-content\/uploads\/2025\/07\/sunway-logo.webp","width":319,"height":89,"caption":"SUNWAY"},"image":{"@id":"https:\/\/www.lauramak.com\/#\/schema\/logo\/image\/"}}]}},"_links":{"self":[{"href":"https:\/\/www.lauramak.com\/fr\/wp-json\/wp\/v2\/product\/2014","targetHints":{"allow":["GET"]}}],"collection":[{"href":"https:\/\/www.lauramak.com\/fr\/wp-json\/wp\/v2\/product"}],"about":[{"href":"https:\/\/www.lauramak.com\/fr\/wp-json\/wp\/v2\/types\/product"}],"version-history":[{"count":7,"href":"https:\/\/www.lauramak.com\/fr\/wp-json\/wp\/v2\/product\/2014\/revisions"}],"predecessor-version":[{"id":2040,"href":"https:\/\/www.lauramak.com\/fr\/wp-json\/wp\/v2\/product\/2014\/revisions\/2040"}],"wp:featuredmedia":[{"embeddable":true,"href":"https:\/\/www.lauramak.com\/fr\/wp-json\/wp\/v2\/media\/2015"}],"wp:attachment":[{"href":"https:\/\/www.lauramak.com\/fr\/wp-json\/wp\/v2\/media?parent=2014"}],"wp:term":[{"taxonomy":"post_tag","embeddable":true,"href":"https:\/\/www.lauramak.com\/fr\/wp-json\/wp\/v2\/tags?post=2014"},{"taxonomy":"product-categories","embeddable":true,"href":"https:\/\/www.lauramak.com\/fr\/wp-json\/wp\/v2\/product-categories?post=2014"}],"curies":[{"name":"wp","href":"https:\/\/api.w.org\/{rel}","templated":true}]}}