{"id":2014,"date":"2025-07-10T07:01:10","date_gmt":"2025-07-10T07:01:10","guid":{"rendered":"https:\/\/www.lauramak.com\/?post_type=product&#038;p=2014"},"modified":"2025-07-10T08:33:12","modified_gmt":"2025-07-10T08:33:12","slug":"low-voltage-toroidal-auto-transformer","status":"publish","type":"product","link":"https:\/\/www.lauramak.com\/es\/producto\/low-voltage-toroidal-auto-transformer\/","title":{"rendered":"JYK 500va 1000va 2000va Auto transformador toroidal de bajo voltaje"},"content":{"rendered":"<h2 class=\"wp-block-heading\">Principales ventajas<\/h2>\n\n\n\n<ul class=\"wp-block-list\">\n<li><strong>Dise\u00f1o toroidal compacto<\/strong><br>Ligero y de perfil bajo (190 \u00d7 242 \u00d7 76 mm), se monta f\u00e1cilmente en la pared o se coloca debajo de la mesa. Los n\u00facleos toroidales ofrecen un acoplamiento magn\u00e9tico superior y una interferencia electromagn\u00e9tica m\u00ednima.<\/li>\n\n\n\n<li><strong>Comodidad Plug and Play<\/strong><br>Conexi\u00f3n sencilla: ench\u00fafelo a una toma de corriente est\u00e1ndar, seleccione la tensi\u00f3n de salida deseada y alimente sus aparatos al instante, sin necesidad de complicados cables.<\/li>\n\n\n\n<li><strong>Amplia gama de capacidades<\/strong><br>Elija entre <strong>500 VA<\/strong>, <strong>1000 VA<\/strong>y <strong>Transformador toroidal de 2000 VA<\/strong> para adaptarse a la potencia de los dispositivos, desde peque\u00f1os cargadores hasta aparatos de cocina de gran potencia.<\/li>\n\n\n\n<li><strong>Funciones de protecci\u00f3n s\u00f3lidas<\/strong>\n<ul class=\"wp-block-list\">\n<li><strong>Sobretensi\u00f3n y subtensi\u00f3n<\/strong>: La edici\u00f3n nacional emite 90 VCA-135 VCA; la edici\u00f3n extranjera emite 180 VCA-265 VCA.<\/li>\n\n\n\n<li><strong>Protecci\u00f3n contra sobrecargas y cortocircuitos<\/strong><\/li>\n\n\n\n<li><strong>Desconexi\u00f3n por sobretemperatura<\/strong><\/li>\n\n\n\n<li><strong>Respuesta r\u00e1pida<\/strong>: Ajusta la salida en \u2264 1,5 s para mantener la tensi\u00f3n estable.<\/li>\n<\/ul>\n<\/li>\n\n\n\n<li><strong>Alta eficiencia y salida pura<\/strong><br>El factor de potencia de 0,9 y la ausencia de distorsi\u00f3n adicional de la forma de onda protegen los componentes electr\u00f3nicos sensibles: ideal para ordenadores, equipos de audio y dispositivos m\u00e9dicos.<\/li>\n\n\n\n<li><strong>Precios rentables<\/strong><br>Benef\u00edciese de nuestra <strong>precio del transformador toroidal<\/strong> estructura en las tres capacidades, garantizando un r\u00e1pido retorno de la inversi\u00f3n.<\/li>\n<\/ul>\n\n\n\n<h2 class=\"wp-block-heading\">Par\u00e1metros t\u00e9cnicos<\/h2>\n\n\n\n<figure class=\"wp-block-table\"><table class=\"has-fixed-layout\"><tbody><tr><td>Modelo NO.<\/td><td>JYK<\/td><\/tr><tr><td>Capacidad<\/td><td>0,5KVA 1KVA 2KVA<\/td><\/tr><tr><td>Protecci\u00f3n contra sobretensiones<\/td><td>Versi\u00f3n nacional: salida de 135 V\u00b15 V Edici\u00f3n para el extranjero: salida de 265 V\u00b15 V<\/td><\/tr><tr><td>Protecci\u00f3n contra subtensi\u00f3n<\/td><td>Versi\u00f3n nacional: Qutput 90V\u00b15V Edici\u00f3n para el extranjero: Qutput 180V\u00b15V<\/td><\/tr><tr><td>Factor de potencia<\/td><td>0.9<\/td><\/tr><tr><td>Tiempo de respuesta<\/td><td>\u22641.5S<\/td><\/tr><tr><td>Resistencia del aislamiento<\/td><td>&gt;50MQ<\/td><\/tr><tr><td>Distorsi\u00f3n de la forma de onda<\/td><td>Sin distorsi\u00f3n adicional de la forma de onda<\/td><\/tr><tr><td>Temperatura ambiente<\/td><td>-10\u00b0C~+ 40\u00b0C<\/td><\/tr><\/tbody><\/table><\/figure>\n\n\n\n<h2 class=\"wp-block-heading\">Especificaciones<\/h2>\n\n\n\n<figure class=\"wp-block-table\"><table class=\"has-fixed-layout\"><tbody><tr><td colspan=\"2\">MODELO<\/td><td>Tensi\u00f3n de entrada<\/td><td>Tensi\u00f3n de salida<\/td><td>Medida(mm) Longitud*Ancho*Altura<\/td><\/tr><tr><td rowspan=\"3\">Versi\u00f3n nacional<\/td><td>JYK-0,5KVA<\/td><td rowspan=\"3\">220V<\/td><td rowspan=\"3\">100V 110V<\/td><td>190*242*760<\/td><\/tr><tr><td>JYK-1KVA<\/td><td>190*242*760<\/td><\/tr><tr><td>JYK-2KVA<\/td><td>190*242*760<\/td><\/tr><tr><td rowspan=\"3\">Edici\u00f3n para el extranjero<\/td><td>JYK-0,5KVA<\/td><td rowspan=\"3\">110V<\/td><td rowspan=\"3\">220V<\/td><td>190*242*760<\/td><\/tr><tr><td>JYK-1KVA<\/td><td>190*242*760<\/td><\/tr><tr><td>JYK-2KVA<\/td><td>190*242*760<\/td><\/tr><\/tbody><\/table><\/figure>\n\n\n\n<h2 class=\"wp-block-heading\">Aplicaciones t\u00edpicas<\/h2>\n\n\n\n<ul class=\"wp-block-list\">\n<li><strong>Viajes y oficina<\/strong>: Alimentaci\u00f3n de port\u00e1tiles, cargadores y peque\u00f1os electrodom\u00e9sticos en el extranjero<\/li>\n\n\n\n<li><strong>Electr\u00f3nica dom\u00e9stica<\/strong>: Protege televisores, videoconsolas y equipos de sonido<\/li>\n\n\n\n<li><strong>Laboratorio y medicina<\/strong>: Proporcione una potencia limpia y precisa a los instrumentos anal\u00edticos<\/li>\n\n\n\n<li><strong>Expositores para minoristas<\/strong>: Garantizar la coherencia de la iluminaci\u00f3n y la se\u00f1alizaci\u00f3n electr\u00f3nica<\/li>\n<\/ul>\n\n\n\n<h2 class=\"wp-block-heading\">PREGUNTAS FRECUENTES<\/h2>\n\n\n\n<p><strong>P1: \u00bfQu\u00e9 carga puede soportar un transformador toroidal de 500 VA?<\/strong><br>A1: A <strong>Transformador toroidal de 500 VA<\/strong> alimenta c\u00f3modamente dispositivos de hasta 450 W de carga continua (por ejemplo, cargadores de port\u00e1tiles, televisores LED). Deja siempre un margen de seguridad de 20% para las corrientes de arranque.<\/p>\n\n\n\n<p><strong>P2: \u00bfC\u00f3mo elijo entre los modelos de 1000 VA y 2000 VA?<\/strong><br>A2: Suma la potencia en vatios de todos los aparatos que vayas a poner en funcionamiento simult\u00e1neamente. Por ejemplo, si el total de sus aparatos es de 1,2 kW, seleccione la opci\u00f3n <strong>2000 VA<\/strong> modelo para dejar espacio libre y evitar el sobrecalentamiento.<\/p>\n\n\n\n<p><strong>P3: \u00bfD\u00f3nde puedo encontrar el mejor precio de transformador toroidal?<\/strong><br>A3: P\u00f3ngase en contacto con nuestro equipo de ventas para obtener descuentos por volumen y presupuestos personalizados. Ofrecemos precios competitivos para todas las capacidades, garantizando los mejores precios. <strong>precio del transformador toroidal<\/strong> sin sacrificar el rendimiento.<\/p>\n\n\n\n<p>Aseg\u00farese hoy mismo una conversi\u00f3n de potencia fiable y sin distorsiones con los productos ZHENGXI <strong>Autotransformador toroidal de baja tensi\u00f3n<\/strong> serie. <strong>Inf\u00f3rmese ahora<\/strong> precios y plazos de entrega<\/p>","protected":false},"excerpt":{"rendered":"<p>Core Advantages Technical Parameters Model NO. JYK Capacity 0.5KVA&nbsp;&nbsp; 1KVA&nbsp;&nbsp; 2KVA Overvoltage&nbsp;protection Domestic&nbsp;version:Output&nbsp;135V\u00b15V&nbsp;&nbsp;&nbsp;&nbsp;&nbsp;&nbsp;Overseas&nbsp;Edition:Output&nbsp;265V\u00b15V Undervoltage&nbsp;protection Domestic&nbsp;version:Qutput&nbsp;90V\u00b15V&nbsp;&nbsp;&nbsp;&nbsp;&nbsp;&nbsp;&nbsp;&nbsp;Overseas&nbsp;Edition:Qutput&nbsp;180V\u00b15V Power&nbsp;Factor 0.9 Response time \u22641.5S Insulation&nbsp;resistance &gt;50MQ Waveform distortion No additional waveform distortion Ambient temperature -10\u00b0C~+ 40\u00b0C Specifications MODEL Input voltage Output voltage Measurement(mm)&nbsp;Length*Width*Height Domestic&nbsp;version JYK-0.5KVA 220V 100V&nbsp; 110V 190*242*760 JYK-1KVA 190*242*760 JYK-2KVA 190*242*760 Overseas&nbsp;Edition JYK-0.5KVA 110V 220V 190*242*760 JYK-1KVA [&hellip;]<\/p>","protected":false},"featured_media":2015,"parent":0,"menu_order":0,"template":"","tags":[],"product-categories":[58],"class_list":["post-2014","product","type-product","status-publish","has-post-thumbnail","hentry","product-categories-low-voltage-transformer"],"acf":[],"yoast_head":"<!-- This site is optimized with the Yoast SEO plugin v25.7 - https:\/\/yoast.com\/wordpress\/plugins\/seo\/ -->\n<title>Low Voltage Toroidal Auto Transformer Manufacturer | Competitive price - SUNWAY<\/title>\n<meta name=\"robots\" content=\"index, follow, max-snippet:-1, max-image-preview:large, max-video-preview:-1\" \/>\n<link rel=\"canonical\" href=\"https:\/\/www.lauramak.com\/es\/producto\/low-voltage-toroidal-auto-transformer\/\" \/>\n<meta property=\"og:locale\" content=\"es_ES\" \/>\n<meta property=\"og:type\" content=\"article\" \/>\n<meta property=\"og:title\" content=\"Low Voltage Toroidal Auto Transformer Manufacturer | Competitive price - SUNWAY\" \/>\n<meta property=\"og:description\" content=\"Core Advantages Technical Parameters Model NO. JYK Capacity 0.5KVA&nbsp;&nbsp; 1KVA&nbsp;&nbsp; 2KVA Overvoltage&nbsp;protection Domestic&nbsp;version:Output&nbsp;135V\u00b15V&nbsp;&nbsp;&nbsp;&nbsp;&nbsp;&nbsp;Overseas&nbsp;Edition:Output&nbsp;265V\u00b15V Undervoltage&nbsp;protection Domestic&nbsp;version:Qutput&nbsp;90V\u00b15V&nbsp;&nbsp;&nbsp;&nbsp;&nbsp;&nbsp;&nbsp;&nbsp;Overseas&nbsp;Edition:Qutput&nbsp;180V\u00b15V Power&nbsp;Factor 0.9 Response time \u22641.5S Insulation&nbsp;resistance &gt;50MQ Waveform distortion No additional waveform distortion Ambient temperature -10\u00b0C~+ 40\u00b0C Specifications MODEL Input voltage Output voltage Measurement(mm)&nbsp;Length*Width*Height Domestic&nbsp;version JYK-0.5KVA 220V 100V&nbsp; 110V 190*242*760 JYK-1KVA 190*242*760 JYK-2KVA 190*242*760 Overseas&nbsp;Edition JYK-0.5KVA 110V 220V 190*242*760 JYK-1KVA [&hellip;]\" \/>\n<meta property=\"og:url\" content=\"https:\/\/www.lauramak.com\/es\/producto\/low-voltage-toroidal-auto-transformer\/\" \/>\n<meta property=\"og:site_name\" content=\"SUNWAY\" \/>\n<meta property=\"article:modified_time\" content=\"2025-07-10T08:33:12+00:00\" \/>\n<meta property=\"og:image\" content=\"https:\/\/www.lauramak.com\/wp-content\/uploads\/2025\/07\/1000va-toroidal-transformer.jpg\" \/>\n\t<meta property=\"og:image:width\" content=\"800\" \/>\n\t<meta property=\"og:image:height\" content=\"800\" \/>\n\t<meta property=\"og:image:type\" content=\"image\/jpeg\" \/>\n<meta name=\"twitter:card\" content=\"summary_large_image\" \/>\n<meta name=\"twitter:label1\" content=\"Tiempo de lectura\" \/>\n\t<meta name=\"twitter:data1\" content=\"3 minutos\" \/>\n<script type=\"application\/ld+json\" class=\"yoast-schema-graph\">{\"@context\":\"https:\/\/schema.org\",\"@graph\":[{\"@type\":\"WebPage\",\"@id\":\"https:\/\/www.lauramak.com\/product\/low-voltage-toroidal-auto-transformer\/\",\"url\":\"https:\/\/www.lauramak.com\/product\/low-voltage-toroidal-auto-transformer\/\",\"name\":\"Low Voltage Toroidal Auto Transformer Manufacturer | Competitive price - SUNWAY\",\"isPartOf\":{\"@id\":\"https:\/\/www.lauramak.com\/#website\"},\"primaryImageOfPage\":{\"@id\":\"https:\/\/www.lauramak.com\/product\/low-voltage-toroidal-auto-transformer\/#primaryimage\"},\"image\":{\"@id\":\"https:\/\/www.lauramak.com\/product\/low-voltage-toroidal-auto-transformer\/#primaryimage\"},\"thumbnailUrl\":\"https:\/\/www.lauramak.com\/wp-content\/uploads\/2025\/07\/1000va-toroidal-transformer.jpg\",\"datePublished\":\"2025-07-10T07:01:10+00:00\",\"dateModified\":\"2025-07-10T08:33:12+00:00\",\"breadcrumb\":{\"@id\":\"https:\/\/www.lauramak.com\/product\/low-voltage-toroidal-auto-transformer\/#breadcrumb\"},\"inLanguage\":\"es\",\"potentialAction\":[{\"@type\":\"ReadAction\",\"target\":[\"https:\/\/www.lauramak.com\/product\/low-voltage-toroidal-auto-transformer\/\"]}]},{\"@type\":\"ImageObject\",\"inLanguage\":\"es\",\"@id\":\"https:\/\/www.lauramak.com\/product\/low-voltage-toroidal-auto-transformer\/#primaryimage\",\"url\":\"https:\/\/www.lauramak.com\/wp-content\/uploads\/2025\/07\/1000va-toroidal-transformer.jpg\",\"contentUrl\":\"https:\/\/www.lauramak.com\/wp-content\/uploads\/2025\/07\/1000va-toroidal-transformer.jpg\",\"width\":800,\"height\":800,\"caption\":\"1000va toroidal transformer\"},{\"@type\":\"BreadcrumbList\",\"@id\":\"https:\/\/www.lauramak.com\/product\/low-voltage-toroidal-auto-transformer\/#breadcrumb\",\"itemListElement\":[{\"@type\":\"ListItem\",\"position\":1,\"name\":\"Home\",\"item\":\"https:\/\/www.lauramak.com\/\"},{\"@type\":\"ListItem\",\"position\":2,\"name\":\"Products\",\"item\":\"https:\/\/www.lauramak.com\/product\/\"},{\"@type\":\"ListItem\",\"position\":3,\"name\":\"JYK 500va 1000va 2000va Low Voltage Toroidal Auto Transformer\"}]},{\"@type\":\"WebSite\",\"@id\":\"https:\/\/www.lauramak.com\/#website\",\"url\":\"https:\/\/www.lauramak.com\/\",\"name\":\"SUNWAY\",\"description\":\"ZHENGXI GROUP\u2018 Subsidiary\",\"publisher\":{\"@id\":\"https:\/\/www.lauramak.com\/#organization\"},\"potentialAction\":[{\"@type\":\"SearchAction\",\"target\":{\"@type\":\"EntryPoint\",\"urlTemplate\":\"https:\/\/www.lauramak.com\/?s={search_term_string}\"},\"query-input\":{\"@type\":\"PropertyValueSpecification\",\"valueRequired\":true,\"valueName\":\"search_term_string\"}}],\"inLanguage\":\"es\"},{\"@type\":\"Organization\",\"@id\":\"https:\/\/www.lauramak.com\/#organization\",\"name\":\"SUNWAY\",\"url\":\"https:\/\/www.lauramak.com\/\",\"logo\":{\"@type\":\"ImageObject\",\"inLanguage\":\"es\",\"@id\":\"https:\/\/www.lauramak.com\/#\/schema\/logo\/image\/\",\"url\":\"https:\/\/www.lauramak.com\/wp-content\/uploads\/2025\/07\/sunway-logo.webp\",\"contentUrl\":\"https:\/\/www.lauramak.com\/wp-content\/uploads\/2025\/07\/sunway-logo.webp\",\"width\":319,\"height\":89,\"caption\":\"SUNWAY\"},\"image\":{\"@id\":\"https:\/\/www.lauramak.com\/#\/schema\/logo\/image\/\"}}]}<\/script>\n<!-- \/ Yoast SEO plugin. -->","yoast_head_json":{"title":"Low Voltage Toroidal Auto Transformer Manufacturer | Competitive price - SUNWAY","robots":{"index":"index","follow":"follow","max-snippet":"max-snippet:-1","max-image-preview":"max-image-preview:large","max-video-preview":"max-video-preview:-1"},"canonical":"https:\/\/www.lauramak.com\/es\/producto\/low-voltage-toroidal-auto-transformer\/","og_locale":"es_ES","og_type":"article","og_title":"Low Voltage Toroidal Auto Transformer Manufacturer | Competitive price - SUNWAY","og_description":"Core Advantages Technical Parameters Model NO. JYK Capacity 0.5KVA&nbsp;&nbsp; 1KVA&nbsp;&nbsp; 2KVA Overvoltage&nbsp;protection Domestic&nbsp;version:Output&nbsp;135V\u00b15V&nbsp;&nbsp;&nbsp;&nbsp;&nbsp;&nbsp;Overseas&nbsp;Edition:Output&nbsp;265V\u00b15V Undervoltage&nbsp;protection Domestic&nbsp;version:Qutput&nbsp;90V\u00b15V&nbsp;&nbsp;&nbsp;&nbsp;&nbsp;&nbsp;&nbsp;&nbsp;Overseas&nbsp;Edition:Qutput&nbsp;180V\u00b15V Power&nbsp;Factor 0.9 Response time \u22641.5S Insulation&nbsp;resistance &gt;50MQ Waveform distortion No additional waveform distortion Ambient temperature -10\u00b0C~+ 40\u00b0C Specifications MODEL Input voltage Output voltage Measurement(mm)&nbsp;Length*Width*Height Domestic&nbsp;version JYK-0.5KVA 220V 100V&nbsp; 110V 190*242*760 JYK-1KVA 190*242*760 JYK-2KVA 190*242*760 Overseas&nbsp;Edition JYK-0.5KVA 110V 220V 190*242*760 JYK-1KVA [&hellip;]","og_url":"https:\/\/www.lauramak.com\/es\/producto\/low-voltage-toroidal-auto-transformer\/","og_site_name":"SUNWAY","article_modified_time":"2025-07-10T08:33:12+00:00","og_image":[{"width":800,"height":800,"url":"https:\/\/www.lauramak.com\/wp-content\/uploads\/2025\/07\/1000va-toroidal-transformer.jpg","type":"image\/jpeg"}],"twitter_card":"summary_large_image","twitter_misc":{"Tiempo de lectura":"3 minutos"},"schema":{"@context":"https:\/\/schema.org","@graph":[{"@type":"WebPage","@id":"https:\/\/www.lauramak.com\/product\/low-voltage-toroidal-auto-transformer\/","url":"https:\/\/www.lauramak.com\/product\/low-voltage-toroidal-auto-transformer\/","name":"Low Voltage Toroidal Auto Transformer Manufacturer | Competitive price - SUNWAY","isPartOf":{"@id":"https:\/\/www.lauramak.com\/#website"},"primaryImageOfPage":{"@id":"https:\/\/www.lauramak.com\/product\/low-voltage-toroidal-auto-transformer\/#primaryimage"},"image":{"@id":"https:\/\/www.lauramak.com\/product\/low-voltage-toroidal-auto-transformer\/#primaryimage"},"thumbnailUrl":"https:\/\/www.lauramak.com\/wp-content\/uploads\/2025\/07\/1000va-toroidal-transformer.jpg","datePublished":"2025-07-10T07:01:10+00:00","dateModified":"2025-07-10T08:33:12+00:00","breadcrumb":{"@id":"https:\/\/www.lauramak.com\/product\/low-voltage-toroidal-auto-transformer\/#breadcrumb"},"inLanguage":"es","potentialAction":[{"@type":"ReadAction","target":["https:\/\/www.lauramak.com\/product\/low-voltage-toroidal-auto-transformer\/"]}]},{"@type":"ImageObject","inLanguage":"es","@id":"https:\/\/www.lauramak.com\/product\/low-voltage-toroidal-auto-transformer\/#primaryimage","url":"https:\/\/www.lauramak.com\/wp-content\/uploads\/2025\/07\/1000va-toroidal-transformer.jpg","contentUrl":"https:\/\/www.lauramak.com\/wp-content\/uploads\/2025\/07\/1000va-toroidal-transformer.jpg","width":800,"height":800,"caption":"1000va toroidal transformer"},{"@type":"BreadcrumbList","@id":"https:\/\/www.lauramak.com\/product\/low-voltage-toroidal-auto-transformer\/#breadcrumb","itemListElement":[{"@type":"ListItem","position":1,"name":"Home","item":"https:\/\/www.lauramak.com\/"},{"@type":"ListItem","position":2,"name":"Products","item":"https:\/\/www.lauramak.com\/product\/"},{"@type":"ListItem","position":3,"name":"JYK 500va 1000va 2000va Low Voltage Toroidal Auto Transformer"}]},{"@type":"WebSite","@id":"https:\/\/www.lauramak.com\/#website","url":"https:\/\/www.lauramak.com\/","name":"SUNWAY","description":"ZHENGXI GROUP\u2018 Subsidiary","publisher":{"@id":"https:\/\/www.lauramak.com\/#organization"},"potentialAction":[{"@type":"SearchAction","target":{"@type":"EntryPoint","urlTemplate":"https:\/\/www.lauramak.com\/?s={search_term_string}"},"query-input":{"@type":"PropertyValueSpecification","valueRequired":true,"valueName":"search_term_string"}}],"inLanguage":"es"},{"@type":"Organization","@id":"https:\/\/www.lauramak.com\/#organization","name":"SUNWAY","url":"https:\/\/www.lauramak.com\/","logo":{"@type":"ImageObject","inLanguage":"es","@id":"https:\/\/www.lauramak.com\/#\/schema\/logo\/image\/","url":"https:\/\/www.lauramak.com\/wp-content\/uploads\/2025\/07\/sunway-logo.webp","contentUrl":"https:\/\/www.lauramak.com\/wp-content\/uploads\/2025\/07\/sunway-logo.webp","width":319,"height":89,"caption":"SUNWAY"},"image":{"@id":"https:\/\/www.lauramak.com\/#\/schema\/logo\/image\/"}}]}},"_links":{"self":[{"href":"https:\/\/www.lauramak.com\/es\/wp-json\/wp\/v2\/product\/2014","targetHints":{"allow":["GET"]}}],"collection":[{"href":"https:\/\/www.lauramak.com\/es\/wp-json\/wp\/v2\/product"}],"about":[{"href":"https:\/\/www.lauramak.com\/es\/wp-json\/wp\/v2\/types\/product"}],"version-history":[{"count":7,"href":"https:\/\/www.lauramak.com\/es\/wp-json\/wp\/v2\/product\/2014\/revisions"}],"predecessor-version":[{"id":2040,"href":"https:\/\/www.lauramak.com\/es\/wp-json\/wp\/v2\/product\/2014\/revisions\/2040"}],"wp:featuredmedia":[{"embeddable":true,"href":"https:\/\/www.lauramak.com\/es\/wp-json\/wp\/v2\/media\/2015"}],"wp:attachment":[{"href":"https:\/\/www.lauramak.com\/es\/wp-json\/wp\/v2\/media?parent=2014"}],"wp:term":[{"taxonomy":"post_tag","embeddable":true,"href":"https:\/\/www.lauramak.com\/es\/wp-json\/wp\/v2\/tags?post=2014"},{"taxonomy":"product-categories","embeddable":true,"href":"https:\/\/www.lauramak.com\/es\/wp-json\/wp\/v2\/product-categories?post=2014"}],"curies":[{"name":"wp","href":"https:\/\/api.w.org\/{rel}","templated":true}]}}