{"id":1997,"date":"2025-07-08T08:12:03","date_gmt":"2025-07-08T08:12:03","guid":{"rendered":"https:\/\/www.lauramak.com\/?post_type=product&#038;p=1997"},"modified":"2025-09-19T06:14:02","modified_gmt":"2025-09-19T06:14:02","slug":"custom-audio-toroidal-transformer","status":"publish","type":"product","link":"https:\/\/www.lauramak.com\/es\/producto\/transformador-toroidal-de-audio-personalizado\/","title":{"rendered":"Transformador toroidal Custom Audio 100va 300va 500va 1000va"},"content":{"rendered":"<h2 class=\"wp-block-heading\">\u00bfQu\u00e9 es un transformador toroidal Custom Audio?<\/h2>\n\n\n\n<p>A <strong>transformador toroidal de audio personalizado<\/strong> es un dispositivo de conversi\u00f3n de potencia con un n\u00facleo en forma de anillo, fabricado normalmente con material ferromagn\u00e9tico de alta calidad. Este dise\u00f1o ofrece varias ventajas clave, como un tama\u00f1o reducido, mayor eficiencia y m\u00ednimas interferencias electromagn\u00e9ticas (EMI), lo que lo convierte en la opci\u00f3n ideal para equipos de audio de alta fidelidad (Hi-Fi). La naturaleza compacta de <strong>transformadores toroidales<\/strong> les permite ofrecer una salida potente y estable sin generar ruido ni calor excesivos.<\/p>\n\n\n\n<p>Estos transformadores se utilizan habitualmente en sistemas de audio, amplificadores y otros equipos de sonido profesionales para garantizar una entrega de potencia constante, preservando la calidad de las se\u00f1ales de audio y minimizando la distorsi\u00f3n.<\/p>\n\n\n\n<h2 class=\"wp-block-heading\">Caracter\u00edsticas principales<\/h2>\n\n\n\n<ol class=\"wp-block-list\">\n<li><strong>Dise\u00f1o compacto y eficiente<\/strong>:<br>Nuestra <strong>transformadores toroidales<\/strong> son compactos y ligeros, por lo que ahorran un valioso espacio en los equipos de audio. A pesar de su peque\u00f1o tama\u00f1o, son capaces de manejar cargas de alta potencia sin comprometer el rendimiento.<\/li>\n\n\n\n<li><strong>Funcionamiento silencioso<\/strong>:<br>Una de las principales ventajas de <strong>transformadores toroidales<\/strong> es su capacidad para minimizar el ruido. El dise\u00f1o del n\u00facleo en forma de anillo garantiza unas interferencias electromagn\u00e9ticas m\u00ednimas, lo que los hace perfectos para equipos de audio de gama alta en los que una alimentaci\u00f3n limpia e ininterrumpida es fundamental.<\/li>\n\n\n\n<li><strong>Alta eficacia<\/strong>:<br><strong>Transformadores toroidales<\/strong> proporcionan una alta eficiencia al reducir las p\u00e9rdidas en el n\u00facleo. Esto se traduce en un menor desperdicio de energ\u00eda y generaci\u00f3n de calor, lo que las convierte en la opci\u00f3n ideal para el funcionamiento continuo en entornos exigentes.<\/li>\n\n\n\n<li><strong>Regulaci\u00f3n precisa de la tensi\u00f3n<\/strong>:<br>Nuestra <strong>transformadores toroidales de potencia a medida<\/strong> garantizan una salida de tensi\u00f3n estable, esencial para alimentar equipos de audio sensibles. Esta regulaci\u00f3n precisa de la tensi\u00f3n evita cualquier degradaci\u00f3n o distorsi\u00f3n del rendimiento, proporcionando la mejor calidad de audio.<\/li>\n\n\n\n<li><strong>Disponible en varias potencias<\/strong>:<br>Ofrecemos <strong>100VA<\/strong>, <strong>300VA<\/strong>, <strong>500VA<\/strong>y <strong>1000VA<\/strong> <strong>transformadores toroidales<\/strong> para satisfacer diferentes aplicaciones de audio, desde peque\u00f1os sistemas de audio dom\u00e9sticos hasta grandes sistemas de sonido profesionales. Cada transformador est\u00e1 dise\u00f1ado para satisfacer las demandas de potencia espec\u00edficas de su equipo.<\/li>\n<\/ol>\n\n\n\n<div style=\"height:20px\" aria-hidden=\"true\" class=\"wp-block-spacer\"><\/div>\n\n\n\n<div class=\"wp-block-columns is-layout-flex wp-container-core-columns-is-layout-28f84493 wp-block-columns-is-layout-flex\">\n<div class=\"wp-block-column is-layout-flow wp-block-column-is-layout-flow\">\n<figure class=\"wp-block-image size-full\"><img fetchpriority=\"high\" decoding=\"async\" width=\"550\" height=\"415\" src=\"https:\/\/www.lauramak.com\/wp-content\/uploads\/2025\/07\/toroidal-transformer-suppliers.webp\" alt=\"proveedores de transformadores toroidales\" class=\"wp-image-2008\" srcset=\"https:\/\/www.lauramak.com\/wp-content\/uploads\/2025\/07\/toroidal-transformer-suppliers.webp 550w, https:\/\/www.lauramak.com\/wp-content\/uploads\/2025\/07\/toroidal-transformer-suppliers-300x226.webp 300w\" sizes=\"(max-width: 550px) 100vw, 550px\" \/><\/figure>\n<\/div>\n\n\n\n<div class=\"wp-block-column is-layout-flow wp-block-column-is-layout-flow\">\n<figure class=\"wp-block-image size-full\"><img decoding=\"async\" width=\"550\" height=\"415\" src=\"https:\/\/www.lauramak.com\/wp-content\/uploads\/2025\/07\/low-voltage-toroidal-transformer.webp\" alt=\"transformador toroidal de baja tensi\u00f3n\" class=\"wp-image-2009\" srcset=\"https:\/\/www.lauramak.com\/wp-content\/uploads\/2025\/07\/low-voltage-toroidal-transformer.webp 550w, https:\/\/www.lauramak.com\/wp-content\/uploads\/2025\/07\/low-voltage-toroidal-transformer-300x226.webp 300w\" sizes=\"(max-width: 550px) 100vw, 550px\" \/><\/figure>\n<\/div>\n<\/div>\n\n\n\n<figure class=\"wp-block-image size-full\"><img decoding=\"async\" width=\"941\" height=\"353\" src=\"https:\/\/www.lauramak.com\/wp-content\/uploads\/2025\/07\/Iron-Core-Toroidal-Power-Transformer.webp\" alt=\"Transformador de potencia toroidal con n\u00facleo de hierro\" class=\"wp-image-2007\" srcset=\"https:\/\/www.lauramak.com\/wp-content\/uploads\/2025\/07\/Iron-Core-Toroidal-Power-Transformer.webp 941w, https:\/\/www.lauramak.com\/wp-content\/uploads\/2025\/07\/Iron-Core-Toroidal-Power-Transformer-300x113.webp 300w, https:\/\/www.lauramak.com\/wp-content\/uploads\/2025\/07\/Iron-Core-Toroidal-Power-Transformer-768x288.webp 768w\" sizes=\"(max-width: 941px) 100vw, 941px\" \/><\/figure>\n\n\n\n<h2 class=\"wp-block-heading\">Par\u00e1metros del producto<\/h2>\n\n\n\n<figure class=\"wp-block-table\"><table class=\"has-fixed-layout\"><tbody><tr><td>Descripci\u00f3n<\/td><td>Transformador toroidal<\/td><td>Corriente nominal<\/td><td>83A<\/td><\/tr><tr><td>Potencia<\/td><td>100OVA<\/td><td>Fuerza el\u00e9ctrica<\/td><td>Tensi\u00f3n con soporte 2500V<\/td><\/tr><tr><td>Frecuencia<\/td><td>50 Hz\/60 Hz<\/td><td>Cable de entrada<\/td><td>L:Azul N:Rojo<\/td><\/tr><tr><td>Tensi\u00f3n de entrada<\/td><td>AC220V<\/td><td>Cable de salida<\/td><td>L:Verde N:Amarillo<\/td><\/tr><tr><td>Tensi\u00f3n de salida<\/td><td>AC12V<\/td><td>Peso<\/td><td>7,05KgS<\/td><\/tr><\/tbody><\/table><\/figure>\n\n\n\n<figure class=\"wp-block-table\"><table class=\"has-fixed-layout\"><tbody><tr><td rowspan=\"2\">Potencia VA<\/td><td colspan=\"2\">Dimensi\u00f3n mm<\/td><td>Peso<\/td><\/tr><tr><td>Altura<\/td><td>Di\u00e1metro<\/td><td>Kgs<\/td><\/tr><tr><td>50-100<\/td><td><\/td><td><\/td><td><\/td><\/tr><tr><td>150<\/td><td>55<\/td><td>107<\/td><td>4.1<\/td><\/tr><tr><td>200<\/td><td>57<\/td><td>108<\/td><td>4.9<\/td><\/tr><tr><td>250<\/td><td>67<\/td><td>107<\/td><td>5.6<\/td><\/tr><tr><td>300<\/td><td>60<\/td><td>125<\/td><td>6.2<\/td><\/tr><tr><td>350<\/td><td>63<\/td><td>127<\/td><td>6.7<\/td><\/tr><tr><td>400<\/td><td>65<\/td><td>129<\/td><td>7.1<\/td><\/tr><tr><td>450<\/td><td>66<\/td><td>130<\/td><td>7.3<\/td><\/tr><tr><td>500<\/td><td>68<\/td><td>134<\/td><td>8.5<\/td><\/tr><tr><td>550<\/td><td>70<\/td><td>134<\/td><td>9.1<\/td><\/tr><tr><td>600<\/td><td>72<\/td><td>136<\/td><td>9.3<\/td><\/tr><tr><td>650<\/td><td>75<\/td><td>137<\/td><td>9.5<\/td><\/tr><tr><td>700<\/td><td>76<\/td><td>138<\/td><td>9.7<\/td><\/tr><tr><td>800<\/td><td>77<\/td><td>140<\/td><td>11.5<\/td><\/tr><tr><td>900<\/td><td>73<\/td><td>143<\/td><td>13.5<\/td><\/tr><tr><td>1K<\/td><td>75<\/td><td>145<\/td><td>14.1<\/td><\/tr><tr><td>1.5K<\/td><td>85<\/td><td>182<\/td><td>21<\/td><\/tr><tr><td>2K<\/td><td>90<\/td><td>185<\/td><td>22.5<\/td><\/tr><\/tbody><\/table><\/figure>\n\n\n\n<h2 class=\"wp-block-heading\">Por qu\u00e9 elegir ZHENGXI<\/h2>\n\n\n\n<p><strong>Fabricante experto<\/strong>:<br>Como experto <strong>fabricante de transformadores toroidales<\/strong>Estamos especializados en el dise\u00f1o y la producci\u00f3n de <strong>transformadores toroidales de potencia a medida<\/strong> adaptados a las necesidades espec\u00edficas de los sistemas de audio. Nuestros transformadores est\u00e1n dise\u00f1ados para ofrecer un alto rendimiento, fiabilidad y un funcionamiento duradero.<\/p>\n\n\n\n<p><strong>Calidad y personalizaci\u00f3n<\/strong>:<br>En <strong>ZHENGXI El\u00e9ctrico<\/strong>ofrecemos <strong>transformadores toroidales de audio personalizados<\/strong> dise\u00f1ados para cumplir las especificaciones exactas de su equipo. Tanto si necesita un <strong>Transformador toroidal de 100VA<\/strong> para uso dom\u00e9stico o un <strong>Transformador toroidal de 1000VA<\/strong> para aplicaciones profesionales, proporcionamos soluciones que ofrecen un rendimiento \u00f3ptimo.<\/p>\n\n\n\n<p><strong>Precios competitivos<\/strong>:<br>Ofrecemos <strong>precios de los transformadores toroidales<\/strong> competitivos dentro del sector. Nuestro objetivo es ofrecerle el mejor valor por su inversi\u00f3n, manteniendo al mismo tiempo los m\u00e1s altos est\u00e1ndares de calidad y rendimiento.<\/p>\n\n\n\n<p><strong>Env\u00edos y asistencia en todo el mundo<\/strong>:<br>Con una s\u00f3lida red mundial, garantizamos un env\u00edo r\u00e1pido y un excelente servicio de atenci\u00f3n al cliente para ayudarle a elegir el transformador adecuado a sus necesidades.<\/p>\n\n\n\n<h2 class=\"wp-block-heading\">PREGUNTAS FRECUENTES<\/h2>\n\n\n\n<h4 class=\"wp-block-heading\">1. \u00bfQu\u00e9 es un <strong>transformador toroidal<\/strong> y \u00bfpor qu\u00e9 se utiliza en los sistemas de audio?<\/h4>\n\n\n\n<p>A <strong>transformador toroidal<\/strong> presenta un dise\u00f1o de n\u00facleo compacto en forma de anillo que ofrece alta eficiencia, bajo nivel de ruido y m\u00ednimas interferencias electromagn\u00e9ticas (EMI). Estas caracter\u00edsticas hacen que <strong>transformadores toroidales<\/strong> ideal para alimentar equipos de audio sensibles y garantizar se\u00f1ales de audio claras e ininterrumpidas.<\/p>\n\n\n\n<h4 class=\"wp-block-heading\">2. \u00bfPuedo obtener un <strong>transformador toroidal de potencia a medida<\/strong> para mi sistema de audio espec\u00edfico?<\/h4>\n\n\n\n<p>S\u00ed, <strong>ZHENGXI El\u00e9ctrico<\/strong> ofrece <strong>transformadores toroidales de potencia a medida<\/strong> dise\u00f1ados para cumplir las especificaciones exactas de su equipo de audio. Tanto si necesita un voltaje, una corriente o una capacidad de potencia espec\u00edficos, podemos dise\u00f1ar una soluci\u00f3n que se adapte a sus requisitos.<\/p>\n\n\n\n<h4 class=\"wp-block-heading\">3. \u00bfCu\u00e1les son las ventajas de utilizar un <strong>transformador toroidal<\/strong> en equipos de audio?<\/h4>\n\n\n\n<p><strong>Transformadores toroidales<\/strong> ofrecen varias ventajas para los equipos de audio, como mayor eficiencia, menor ruido, m\u00ednima EMI y dise\u00f1o compacto. Estas ventajas garantizan una mejor calidad de sonido, una mayor vida \u00fatil de los equipos y un rendimiento estable.<\/p>\n\n\n\n<h4 class=\"wp-block-heading\">4. \u00bfCu\u00e1l es el <strong>precio de un transformador toroidal<\/strong>?<\/h4>\n\n\n\n<p>En <strong>precio de un transformador toroidal<\/strong> depende de factores como la potencia nominal, la personalizaci\u00f3n y la aplicaci\u00f3n espec\u00edfica. <strong>ZHENGXI El\u00e9ctrico<\/strong> ofrece precios competitivos en todos <strong>transformadores toroidales de audio personalizados<\/strong>, ofreciendo una excelente relaci\u00f3n calidad-precio para productos de alto rendimiento.<\/p>\n\n\n\n<h2 class=\"wp-block-heading\">Conclusi\u00f3n<\/h2>\n\n\n\n<p><strong>ZHENGXI El\u00e9ctrico<\/strong> ofrece una amplia gama de <strong>transformadores toroidales de audio personalizados<\/strong> dise\u00f1ados para mejorar el rendimiento de su equipo de audio. Tanto si necesita un <strong>100VA<\/strong>, <strong>300VA<\/strong>, <strong>500VA<\/strong>o <strong>1000VA<\/strong> nuestras soluciones ofrecen una alimentaci\u00f3n fiable, estable y sin ruidos para garantizar la mejor experiencia de audio.<\/p>","protected":false},"excerpt":{"rendered":"<p>At ZHENGXI Electric, we specialize in high-quality custom audio toroidal transformers that deliver superior performance, stability, and efficiency for audio equipment. Available in power ratings of 100VA, 300VA, 500VA, and 1000VA, our toroidal transformers are designed to meet the unique demands of audiophiles, audio engineers, and professional sound systems. Whether you&#8217;re looking for a reliable toroidal transformer manufacturer or need a custom toroidal power transformer at competitive prices, we provide tailored solutions to fit your needs.<\/p>","protected":false},"featured_media":1994,"parent":0,"menu_order":0,"template":"","tags":[],"product-categories":[59,58],"class_list":["post-1997","product","type-product","status-publish","has-post-thumbnail","hentry","product-categories-isolation-transformer","product-categories-low-voltage-transformer"],"acf":[],"yoast_head":"<!-- This site is optimized with the Yoast SEO plugin v25.7 - https:\/\/yoast.com\/wordpress\/plugins\/seo\/ -->\n<title>Leading Voltage Regulator and Transformer Manufacturer | Customized Power Solutions - SUNWAY<\/title>\n<meta name=\"robots\" content=\"index, follow, max-snippet:-1, max-image-preview:large, max-video-preview:-1\" \/>\n<link rel=\"canonical\" href=\"https:\/\/www.lauramak.com\/es\/producto\/transformador-toroidal-de-audio-personalizado\/\" \/>\n<meta property=\"og:locale\" content=\"es_ES\" \/>\n<meta property=\"og:type\" content=\"article\" \/>\n<meta property=\"og:title\" content=\"Leading Voltage Regulator and Transformer Manufacturer | Customized Power Solutions - SUNWAY\" \/>\n<meta property=\"og:description\" content=\"At ZHENGXI Electric, we specialize in high-quality custom audio toroidal transformers that deliver superior performance, stability, and efficiency for audio equipment. Available in power ratings of 100VA, 300VA, 500VA, and 1000VA, our toroidal transformers are designed to meet the unique demands of audiophiles, audio engineers, and professional sound systems. Whether you&#039;re looking for a reliable toroidal transformer manufacturer or need a custom toroidal power transformer at competitive prices, we provide tailored solutions to fit your needs.\" \/>\n<meta property=\"og:url\" content=\"https:\/\/www.lauramak.com\/es\/producto\/transformador-toroidal-de-audio-personalizado\/\" \/>\n<meta property=\"og:site_name\" content=\"SUNWAY\" \/>\n<meta property=\"article:modified_time\" content=\"2025-09-19T06:14:02+00:00\" \/>\n<meta property=\"og:image\" content=\"https:\/\/www.lauramak.com\/wp-content\/uploads\/2025\/04\/Toroidal-Power-Transformer.webp\" \/>\n\t<meta property=\"og:image:width\" content=\"600\" \/>\n\t<meta property=\"og:image:height\" content=\"600\" \/>\n\t<meta property=\"og:image:type\" content=\"image\/webp\" \/>\n<meta name=\"twitter:card\" content=\"summary_large_image\" \/>\n<meta name=\"twitter:label1\" content=\"Tiempo de lectura\" \/>\n\t<meta name=\"twitter:data1\" content=\"5 minutos\" \/>\n<script type=\"application\/ld+json\" class=\"yoast-schema-graph\">{\"@context\":\"https:\/\/schema.org\",\"@graph\":[{\"@type\":\"WebPage\",\"@id\":\"https:\/\/www.lauramak.com\/product\/custom-audio-toroidal-transformer\/\",\"url\":\"https:\/\/www.lauramak.com\/product\/custom-audio-toroidal-transformer\/\",\"name\":\"Leading Voltage Regulator and Transformer Manufacturer | Customized Power Solutions - SUNWAY\",\"isPartOf\":{\"@id\":\"https:\/\/www.lauramak.com\/#website\"},\"primaryImageOfPage\":{\"@id\":\"https:\/\/www.lauramak.com\/product\/custom-audio-toroidal-transformer\/#primaryimage\"},\"image\":{\"@id\":\"https:\/\/www.lauramak.com\/product\/custom-audio-toroidal-transformer\/#primaryimage\"},\"thumbnailUrl\":\"https:\/\/www.lauramak.com\/wp-content\/uploads\/2025\/04\/Toroidal-Power-Transformer.webp\",\"datePublished\":\"2025-07-08T08:12:03+00:00\",\"dateModified\":\"2025-09-19T06:14:02+00:00\",\"breadcrumb\":{\"@id\":\"https:\/\/www.lauramak.com\/product\/custom-audio-toroidal-transformer\/#breadcrumb\"},\"inLanguage\":\"es\",\"potentialAction\":[{\"@type\":\"ReadAction\",\"target\":[\"https:\/\/www.lauramak.com\/product\/custom-audio-toroidal-transformer\/\"]}]},{\"@type\":\"ImageObject\",\"inLanguage\":\"es\",\"@id\":\"https:\/\/www.lauramak.com\/product\/custom-audio-toroidal-transformer\/#primaryimage\",\"url\":\"https:\/\/www.lauramak.com\/wp-content\/uploads\/2025\/04\/Toroidal-Power-Transformer.webp\",\"contentUrl\":\"https:\/\/www.lauramak.com\/wp-content\/uploads\/2025\/04\/Toroidal-Power-Transformer.webp\",\"width\":600,\"height\":600,\"caption\":\"Toroidal Power Transformer\"},{\"@type\":\"BreadcrumbList\",\"@id\":\"https:\/\/www.lauramak.com\/product\/custom-audio-toroidal-transformer\/#breadcrumb\",\"itemListElement\":[{\"@type\":\"ListItem\",\"position\":1,\"name\":\"Home\",\"item\":\"https:\/\/www.lauramak.com\/\"},{\"@type\":\"ListItem\",\"position\":2,\"name\":\"Products\",\"item\":\"https:\/\/www.lauramak.com\/product\/\"},{\"@type\":\"ListItem\",\"position\":3,\"name\":\"Custom Audio Toroidal Transformer 100va 300va 500va 1000va\"}]},{\"@type\":\"WebSite\",\"@id\":\"https:\/\/www.lauramak.com\/#website\",\"url\":\"https:\/\/www.lauramak.com\/\",\"name\":\"SUNWAY\",\"description\":\"ZHENGXI GROUP\u2018 Subsidiary\",\"publisher\":{\"@id\":\"https:\/\/www.lauramak.com\/#organization\"},\"potentialAction\":[{\"@type\":\"SearchAction\",\"target\":{\"@type\":\"EntryPoint\",\"urlTemplate\":\"https:\/\/www.lauramak.com\/?s={search_term_string}\"},\"query-input\":{\"@type\":\"PropertyValueSpecification\",\"valueRequired\":true,\"valueName\":\"search_term_string\"}}],\"inLanguage\":\"es\"},{\"@type\":\"Organization\",\"@id\":\"https:\/\/www.lauramak.com\/#organization\",\"name\":\"SUNWAY\",\"url\":\"https:\/\/www.lauramak.com\/\",\"logo\":{\"@type\":\"ImageObject\",\"inLanguage\":\"es\",\"@id\":\"https:\/\/www.lauramak.com\/#\/schema\/logo\/image\/\",\"url\":\"https:\/\/www.lauramak.com\/wp-content\/uploads\/2025\/07\/sunway-logo.webp\",\"contentUrl\":\"https:\/\/www.lauramak.com\/wp-content\/uploads\/2025\/07\/sunway-logo.webp\",\"width\":319,\"height\":89,\"caption\":\"SUNWAY\"},\"image\":{\"@id\":\"https:\/\/www.lauramak.com\/#\/schema\/logo\/image\/\"}}]}<\/script>\n<!-- \/ Yoast SEO plugin. -->","yoast_head_json":{"title":"Leading Voltage Regulator and Transformer Manufacturer | Customized Power Solutions - SUNWAY","robots":{"index":"index","follow":"follow","max-snippet":"max-snippet:-1","max-image-preview":"max-image-preview:large","max-video-preview":"max-video-preview:-1"},"canonical":"https:\/\/www.lauramak.com\/es\/producto\/transformador-toroidal-de-audio-personalizado\/","og_locale":"es_ES","og_type":"article","og_title":"Leading Voltage Regulator and Transformer Manufacturer | Customized Power Solutions - SUNWAY","og_description":"At ZHENGXI Electric, we specialize in high-quality custom audio toroidal transformers that deliver superior performance, stability, and efficiency for audio equipment. Available in power ratings of 100VA, 300VA, 500VA, and 1000VA, our toroidal transformers are designed to meet the unique demands of audiophiles, audio engineers, and professional sound systems. Whether you're looking for a reliable toroidal transformer manufacturer or need a custom toroidal power transformer at competitive prices, we provide tailored solutions to fit your needs.","og_url":"https:\/\/www.lauramak.com\/es\/producto\/transformador-toroidal-de-audio-personalizado\/","og_site_name":"SUNWAY","article_modified_time":"2025-09-19T06:14:02+00:00","og_image":[{"width":600,"height":600,"url":"https:\/\/www.lauramak.com\/wp-content\/uploads\/2025\/04\/Toroidal-Power-Transformer.webp","type":"image\/webp"}],"twitter_card":"summary_large_image","twitter_misc":{"Tiempo de lectura":"5 minutos"},"schema":{"@context":"https:\/\/schema.org","@graph":[{"@type":"WebPage","@id":"https:\/\/www.lauramak.com\/product\/custom-audio-toroidal-transformer\/","url":"https:\/\/www.lauramak.com\/product\/custom-audio-toroidal-transformer\/","name":"Leading Voltage Regulator and Transformer Manufacturer | Customized Power Solutions - SUNWAY","isPartOf":{"@id":"https:\/\/www.lauramak.com\/#website"},"primaryImageOfPage":{"@id":"https:\/\/www.lauramak.com\/product\/custom-audio-toroidal-transformer\/#primaryimage"},"image":{"@id":"https:\/\/www.lauramak.com\/product\/custom-audio-toroidal-transformer\/#primaryimage"},"thumbnailUrl":"https:\/\/www.lauramak.com\/wp-content\/uploads\/2025\/04\/Toroidal-Power-Transformer.webp","datePublished":"2025-07-08T08:12:03+00:00","dateModified":"2025-09-19T06:14:02+00:00","breadcrumb":{"@id":"https:\/\/www.lauramak.com\/product\/custom-audio-toroidal-transformer\/#breadcrumb"},"inLanguage":"es","potentialAction":[{"@type":"ReadAction","target":["https:\/\/www.lauramak.com\/product\/custom-audio-toroidal-transformer\/"]}]},{"@type":"ImageObject","inLanguage":"es","@id":"https:\/\/www.lauramak.com\/product\/custom-audio-toroidal-transformer\/#primaryimage","url":"https:\/\/www.lauramak.com\/wp-content\/uploads\/2025\/04\/Toroidal-Power-Transformer.webp","contentUrl":"https:\/\/www.lauramak.com\/wp-content\/uploads\/2025\/04\/Toroidal-Power-Transformer.webp","width":600,"height":600,"caption":"Toroidal Power Transformer"},{"@type":"BreadcrumbList","@id":"https:\/\/www.lauramak.com\/product\/custom-audio-toroidal-transformer\/#breadcrumb","itemListElement":[{"@type":"ListItem","position":1,"name":"Home","item":"https:\/\/www.lauramak.com\/"},{"@type":"ListItem","position":2,"name":"Products","item":"https:\/\/www.lauramak.com\/product\/"},{"@type":"ListItem","position":3,"name":"Custom Audio Toroidal Transformer 100va 300va 500va 1000va"}]},{"@type":"WebSite","@id":"https:\/\/www.lauramak.com\/#website","url":"https:\/\/www.lauramak.com\/","name":"SUNWAY","description":"ZHENGXI GROUP\u2018 Subsidiary","publisher":{"@id":"https:\/\/www.lauramak.com\/#organization"},"potentialAction":[{"@type":"SearchAction","target":{"@type":"EntryPoint","urlTemplate":"https:\/\/www.lauramak.com\/?s={search_term_string}"},"query-input":{"@type":"PropertyValueSpecification","valueRequired":true,"valueName":"search_term_string"}}],"inLanguage":"es"},{"@type":"Organization","@id":"https:\/\/www.lauramak.com\/#organization","name":"SUNWAY","url":"https:\/\/www.lauramak.com\/","logo":{"@type":"ImageObject","inLanguage":"es","@id":"https:\/\/www.lauramak.com\/#\/schema\/logo\/image\/","url":"https:\/\/www.lauramak.com\/wp-content\/uploads\/2025\/07\/sunway-logo.webp","contentUrl":"https:\/\/www.lauramak.com\/wp-content\/uploads\/2025\/07\/sunway-logo.webp","width":319,"height":89,"caption":"SUNWAY"},"image":{"@id":"https:\/\/www.lauramak.com\/#\/schema\/logo\/image\/"}}]}},"_links":{"self":[{"href":"https:\/\/www.lauramak.com\/es\/wp-json\/wp\/v2\/product\/1997","targetHints":{"allow":["GET"]}}],"collection":[{"href":"https:\/\/www.lauramak.com\/es\/wp-json\/wp\/v2\/product"}],"about":[{"href":"https:\/\/www.lauramak.com\/es\/wp-json\/wp\/v2\/types\/product"}],"version-history":[{"count":7,"href":"https:\/\/www.lauramak.com\/es\/wp-json\/wp\/v2\/product\/1997\/revisions"}],"predecessor-version":[{"id":2013,"href":"https:\/\/www.lauramak.com\/es\/wp-json\/wp\/v2\/product\/1997\/revisions\/2013"}],"wp:featuredmedia":[{"embeddable":true,"href":"https:\/\/www.lauramak.com\/es\/wp-json\/wp\/v2\/media\/1994"}],"wp:attachment":[{"href":"https:\/\/www.lauramak.com\/es\/wp-json\/wp\/v2\/media?parent=1997"}],"wp:term":[{"taxonomy":"post_tag","embeddable":true,"href":"https:\/\/www.lauramak.com\/es\/wp-json\/wp\/v2\/tags?post=1997"},{"taxonomy":"product-categories","embeddable":true,"href":"https:\/\/www.lauramak.com\/es\/wp-json\/wp\/v2\/product-categories?post=1997"}],"curies":[{"name":"wp","href":"https:\/\/api.w.org\/{rel}","templated":true}]}}