{"id":1137,"date":"2025-05-20T07:38:22","date_gmt":"2025-05-20T07:38:22","guid":{"rendered":"https:\/\/www.lauramak.com\/?post_type=product&#038;p=1137"},"modified":"2026-01-21T07:02:43","modified_gmt":"2026-01-21T07:02:43","slug":"120w-200w-300w-wifi-low-voltage-transformer","status":"publish","type":"product","link":"https:\/\/www.lauramak.com\/es\/producto\/transformador-de-baja-tension-wifi-120w-200w-300w\/","title":{"rendered":"120w 200w 300w Wifi Transformador de Bajo Voltaje de 120VAC a 12V\/14V AC con 3 Zonas"},"content":{"rendered":"<h2 class=\"wp-block-heading\">\u00bfPor qu\u00e9 elegir este transformador inteligente?<\/h2>\n\n\n\n<p>El transformador de bajo voltaje controlado por WiFi de SUNWAY est\u00e1 dise\u00f1ado para ofrecer fiabilidad, flexibilidad y rendimiento a largo plazo en exteriores. Disponible en capacidades de 120 W, 200 W y 300 W, satisface diversas necesidades de iluminaci\u00f3n al tiempo que ofrece:<\/p>\n\n\n\n<ul class=\"wp-block-list\">\n<li>Smart Control: Gestiona las zonas de iluminaci\u00f3n de forma remota a trav\u00e9s de la app Smart Life o Dewenwils, o manos libres mediante Alexa y Google Assistant.<\/li>\n\n\n\n<li>Flexibilidad de 3 zonas: Cada zona puede funcionar de forma independiente, ajustada a 12 V o 14 V CA para compensar la ca\u00edda de tensi\u00f3n en tramos de cable m\u00e1s largos.<\/li>\n\n\n\n<li>Programaci\u00f3n personalizada: Modos de temporizador avanzados como Astronom\u00eda (amanecer\/puesta de sol), Aleatorio, Bucle, Cuenta atr\u00e1s y Programaci\u00f3n de d\u00eda de la semana\/fin de semana.<\/li>\n\n\n\n<li>La seguridad ante todo: protecci\u00f3n integrada contra sobrecorriente y sobrecarga para salvaguardar su sistema de iluminaci\u00f3n.<\/li>\n\n\n\n<li>Dise\u00f1o duradero: Alojado en una carcasa de acero inoxidable resistente a la intemperie con clasificaci\u00f3n NEMA 3R y puerta con cerradura: dise\u00f1ado para la lluvia, el polvo y la nieve.<\/li>\n<\/ul>\n\n\n\n<h2 class=\"wp-block-heading\"><strong>Gu\u00eda de tama\u00f1os de cables<\/strong><\/h2>\n\n\n\n<p><strong>Grifo de 12 voltios<\/strong><\/p>\n\n\n\n<figure class=\"wp-block-table\"><table class=\"has-fixed-layout\"><tbody><tr><td><strong>Longitud del cable<\/strong><\/td><td><strong>0-50 pies<\/strong><\/td><td><strong>51-100 pies<\/strong><\/td><td><strong>101-150 Pies<\/strong><\/td><\/tr><tr><td>0-60 vatios<\/td><td>16 AWG<\/td><td>16 AWG<\/td><td>14 AWG<\/td><\/tr><tr><td>61-120 vatios<\/td><td>16 AWG<\/td><td>14 AWG<\/td><td>12 AWG<\/td><\/tr><tr><td>121-180 vatios<\/td><td>14 AWG<\/td><td>12 AWG<\/td><td>No recomendado<\/td><\/tr><tr><td>181-240 vatios<\/td><td>14 AWG<\/td><td>12 AWG<\/td><td>No recomendado<\/td><\/tr><tr><td>241-300 vatios<\/td><td>12 AWG<\/td><td>No recomendado<\/td><td>No recomendado<\/td><\/tr><\/tbody><\/table><\/figure>\n\n\n\n<p><strong>Grifo de 14 voltios<\/strong><\/p>\n\n\n\n<figure class=\"wp-block-table\"><table class=\"has-fixed-layout\"><tbody><tr><td><strong>Longitud del cable<\/strong><\/td><td><strong>0-50 pies<\/strong><\/td><td><strong>51-100 pies<\/strong><\/td><td><strong>101-150 Pies<\/strong><\/td><\/tr><tr><td>0-60 vatios<\/td><td>16 AWG<\/td><td>16 AWG<\/td><td>16 AWG<\/td><\/tr><tr><td>61-120 vatios<\/td><td>16 AWG<\/td><td>16 AWG<\/td><td>12 AWG<\/td><\/tr><tr><td>121-180 vatios<\/td><td>14 AWG<\/td><td>14 AWG<\/td><td>12 AWG<\/td><\/tr><tr><td>181-240 vatios<\/td><td>14 AWG<\/td><td>14 AWG<\/td><td>12 AWG<\/td><\/tr><tr><td>241-300 vatios<\/td><td>12 AWG<\/td><td>12 AWG<\/td><td>No recomendado<\/td><\/tr><\/tbody><\/table><\/figure>\n\n\n\n<h2 class=\"wp-block-heading\">Preguntas frecuentes<\/h2>\n\n\n\n<p><strong>P1: \u00bfNecesito un concentrador para utilizar las funciones WiFi?<\/strong><br>R: No es necesario ning\u00fan concentrador. Solo tienes que conectar el transformador a tu red Wi-Fi dom\u00e9stica de 2,4 GHz a trav\u00e9s de la aplicaci\u00f3n para disfrutar de todas sus funciones.<\/p>\n\n\n\n<p><strong>P2: \u00bfPuede cada zona tener un horario y un voltaje diferentes?<\/strong><br>R: S\u00ed, cada una de las 3 zonas de salida puede configurarse independientemente a 12V o 14V, y puede asignar diferentes temporizadores u horarios a cada zona.<\/p>\n\n\n\n<p><strong>P3: \u00bfQu\u00e9 pasa si hay un apag\u00f3n?<\/strong><br>R: El transformador tiene una funci\u00f3n de memoria y conserva los ajustes incluso despu\u00e9s de un corte de energ\u00eda, sin necesidad de reprogramar nada.<\/p>","protected":false},"excerpt":{"rendered":"<p>Why Choose This Smart Transformer? SUNWAY\u2019s WiFi-controlled Low Voltage Transformer is engineered for reliability, flexibility, and long-term outdoor performance. Available in 120W, 200W, and 300W capacities, it meets diverse lighting needs while offering: Cable Size Guide 12 Volt Tap Cable Length 0-50 Feet 51-100 Feet 101-150 Feet 0-60 Watts 16 AWG 16 AWG 14 AWG [&hellip;]<\/p>","protected":false},"featured_media":1789,"parent":0,"menu_order":0,"template":"","tags":[],"product-categories":[58],"class_list":["post-1137","product","type-product","status-publish","has-post-thumbnail","hentry","product-categories-low-voltage-transformer"],"acf":[],"yoast_head":"<!-- This site is optimized with the Yoast SEO plugin v25.7 - https:\/\/yoast.com\/wordpress\/plugins\/seo\/ -->\n<title>120w 200w 300w Wifi Low Voltage Transformer Manufacturer - SUNWAY<\/title>\n<meta name=\"description\" content=\"Buy 120w 200w 300w Wifi Low Voltage Transformer directly from China\u2019s trusted manufacturer \u2013 ZHENGXI. Superior performance, competitive pricing, and fast global shipping!\" \/>\n<meta name=\"robots\" content=\"index, follow, max-snippet:-1, max-image-preview:large, max-video-preview:-1\" \/>\n<link rel=\"canonical\" href=\"https:\/\/www.lauramak.com\/es\/producto\/transformador-de-baja-tension-wifi-120w-200w-300w\/\" \/>\n<meta property=\"og:locale\" content=\"es_ES\" \/>\n<meta property=\"og:type\" content=\"article\" \/>\n<meta property=\"og:title\" content=\"120w 200w 300w Wifi Low Voltage Transformer Manufacturer - SUNWAY\" \/>\n<meta property=\"og:description\" content=\"Buy 120w 200w 300w Wifi Low Voltage Transformer directly from China\u2019s trusted manufacturer \u2013 ZHENGXI. Superior performance, competitive pricing, and fast global shipping!\" \/>\n<meta property=\"og:url\" content=\"https:\/\/www.lauramak.com\/es\/producto\/transformador-de-baja-tension-wifi-120w-200w-300w\/\" \/>\n<meta property=\"og:site_name\" content=\"SUNWAY\" \/>\n<meta property=\"article:modified_time\" content=\"2026-01-21T07:02:43+00:00\" \/>\n<meta property=\"og:image\" content=\"https:\/\/www.lauramak.com\/wp-content\/uploads\/2025\/05\/Smart-WiFi-Low-Voltage-Transformer-with-3-Zones-Stainless-Steel-Outdoor-Enclosure.webp\" \/>\n\t<meta property=\"og:image:width\" content=\"800\" \/>\n\t<meta property=\"og:image:height\" content=\"800\" \/>\n\t<meta property=\"og:image:type\" content=\"image\/webp\" \/>\n<meta name=\"twitter:card\" content=\"summary_large_image\" \/>\n<meta name=\"twitter:label1\" content=\"Tiempo de lectura\" \/>\n\t<meta name=\"twitter:data1\" content=\"2 minutos\" \/>\n<script type=\"application\/ld+json\" class=\"yoast-schema-graph\">{\"@context\":\"https:\/\/schema.org\",\"@graph\":[{\"@type\":\"WebPage\",\"@id\":\"https:\/\/www.lauramak.com\/product\/120w-200w-300w-wifi-low-voltage-transformer\/\",\"url\":\"https:\/\/www.lauramak.com\/product\/120w-200w-300w-wifi-low-voltage-transformer\/\",\"name\":\"120w 200w 300w Wifi Low Voltage Transformer Manufacturer - SUNWAY\",\"isPartOf\":{\"@id\":\"https:\/\/www.lauramak.com\/#website\"},\"primaryImageOfPage\":{\"@id\":\"https:\/\/www.lauramak.com\/product\/120w-200w-300w-wifi-low-voltage-transformer\/#primaryimage\"},\"image\":{\"@id\":\"https:\/\/www.lauramak.com\/product\/120w-200w-300w-wifi-low-voltage-transformer\/#primaryimage\"},\"thumbnailUrl\":\"https:\/\/www.lauramak.com\/wp-content\/uploads\/2025\/05\/Smart-WiFi-Low-Voltage-Transformer-with-3-Zones-Stainless-Steel-Outdoor-Enclosure.webp\",\"datePublished\":\"2025-05-20T07:38:22+00:00\",\"dateModified\":\"2026-01-21T07:02:43+00:00\",\"description\":\"Buy 120w 200w 300w Wifi Low Voltage Transformer directly from China\u2019s trusted manufacturer \u2013 ZHENGXI. Superior performance, competitive pricing, and fast global shipping!\",\"breadcrumb\":{\"@id\":\"https:\/\/www.lauramak.com\/product\/120w-200w-300w-wifi-low-voltage-transformer\/#breadcrumb\"},\"inLanguage\":\"es\",\"potentialAction\":[{\"@type\":\"ReadAction\",\"target\":[\"https:\/\/www.lauramak.com\/product\/120w-200w-300w-wifi-low-voltage-transformer\/\"]}]},{\"@type\":\"ImageObject\",\"inLanguage\":\"es\",\"@id\":\"https:\/\/www.lauramak.com\/product\/120w-200w-300w-wifi-low-voltage-transformer\/#primaryimage\",\"url\":\"https:\/\/www.lauramak.com\/wp-content\/uploads\/2025\/05\/Smart-WiFi-Low-Voltage-Transformer-with-3-Zones-Stainless-Steel-Outdoor-Enclosure.webp\",\"contentUrl\":\"https:\/\/www.lauramak.com\/wp-content\/uploads\/2025\/05\/Smart-WiFi-Low-Voltage-Transformer-with-3-Zones-Stainless-Steel-Outdoor-Enclosure.webp\",\"width\":800,\"height\":800,\"caption\":\"Smart WiFi Low Voltage Transformer with 3 Zones - Stainless Steel Outdoor Enclosure\"},{\"@type\":\"BreadcrumbList\",\"@id\":\"https:\/\/www.lauramak.com\/product\/120w-200w-300w-wifi-low-voltage-transformer\/#breadcrumb\",\"itemListElement\":[{\"@type\":\"ListItem\",\"position\":1,\"name\":\"Home\",\"item\":\"https:\/\/www.lauramak.com\/\"},{\"@type\":\"ListItem\",\"position\":2,\"name\":\"Products\",\"item\":\"https:\/\/www.lauramak.com\/product\/\"},{\"@type\":\"ListItem\",\"position\":3,\"name\":\"120w 200w 300w Wifi Low Voltage Transformer 120VAC to 12V\/14V AC with 3 Zones\"}]},{\"@type\":\"WebSite\",\"@id\":\"https:\/\/www.lauramak.com\/#website\",\"url\":\"https:\/\/www.lauramak.com\/\",\"name\":\"SUNWAY\",\"description\":\"ZHENGXI GROUP\u2018 Subsidiary\",\"publisher\":{\"@id\":\"https:\/\/www.lauramak.com\/#organization\"},\"potentialAction\":[{\"@type\":\"SearchAction\",\"target\":{\"@type\":\"EntryPoint\",\"urlTemplate\":\"https:\/\/www.lauramak.com\/?s={search_term_string}\"},\"query-input\":{\"@type\":\"PropertyValueSpecification\",\"valueRequired\":true,\"valueName\":\"search_term_string\"}}],\"inLanguage\":\"es\"},{\"@type\":\"Organization\",\"@id\":\"https:\/\/www.lauramak.com\/#organization\",\"name\":\"SUNWAY\",\"url\":\"https:\/\/www.lauramak.com\/\",\"logo\":{\"@type\":\"ImageObject\",\"inLanguage\":\"es\",\"@id\":\"https:\/\/www.lauramak.com\/#\/schema\/logo\/image\/\",\"url\":\"https:\/\/www.lauramak.com\/wp-content\/uploads\/2025\/07\/sunway-logo.webp\",\"contentUrl\":\"https:\/\/www.lauramak.com\/wp-content\/uploads\/2025\/07\/sunway-logo.webp\",\"width\":319,\"height\":89,\"caption\":\"SUNWAY\"},\"image\":{\"@id\":\"https:\/\/www.lauramak.com\/#\/schema\/logo\/image\/\"}}]}<\/script>\n<!-- \/ Yoast SEO plugin. -->","yoast_head_json":{"title":"120w 200w 300w Wifi Low Voltage Transformer Manufacturer - SUNWAY","description":"Buy 120w 200w 300w Wifi Low Voltage Transformer directly from China\u2019s trusted manufacturer \u2013 ZHENGXI. Superior performance, competitive pricing, and fast global shipping!","robots":{"index":"index","follow":"follow","max-snippet":"max-snippet:-1","max-image-preview":"max-image-preview:large","max-video-preview":"max-video-preview:-1"},"canonical":"https:\/\/www.lauramak.com\/es\/producto\/transformador-de-baja-tension-wifi-120w-200w-300w\/","og_locale":"es_ES","og_type":"article","og_title":"120w 200w 300w Wifi Low Voltage Transformer Manufacturer - SUNWAY","og_description":"Buy 120w 200w 300w Wifi Low Voltage Transformer directly from China\u2019s trusted manufacturer \u2013 ZHENGXI. Superior performance, competitive pricing, and fast global shipping!","og_url":"https:\/\/www.lauramak.com\/es\/producto\/transformador-de-baja-tension-wifi-120w-200w-300w\/","og_site_name":"SUNWAY","article_modified_time":"2026-01-21T07:02:43+00:00","og_image":[{"width":800,"height":800,"url":"https:\/\/www.lauramak.com\/wp-content\/uploads\/2025\/05\/Smart-WiFi-Low-Voltage-Transformer-with-3-Zones-Stainless-Steel-Outdoor-Enclosure.webp","type":"image\/webp"}],"twitter_card":"summary_large_image","twitter_misc":{"Tiempo de lectura":"2 minutos"},"schema":{"@context":"https:\/\/schema.org","@graph":[{"@type":"WebPage","@id":"https:\/\/www.lauramak.com\/product\/120w-200w-300w-wifi-low-voltage-transformer\/","url":"https:\/\/www.lauramak.com\/product\/120w-200w-300w-wifi-low-voltage-transformer\/","name":"120w 200w 300w Wifi Low Voltage Transformer Manufacturer - SUNWAY","isPartOf":{"@id":"https:\/\/www.lauramak.com\/#website"},"primaryImageOfPage":{"@id":"https:\/\/www.lauramak.com\/product\/120w-200w-300w-wifi-low-voltage-transformer\/#primaryimage"},"image":{"@id":"https:\/\/www.lauramak.com\/product\/120w-200w-300w-wifi-low-voltage-transformer\/#primaryimage"},"thumbnailUrl":"https:\/\/www.lauramak.com\/wp-content\/uploads\/2025\/05\/Smart-WiFi-Low-Voltage-Transformer-with-3-Zones-Stainless-Steel-Outdoor-Enclosure.webp","datePublished":"2025-05-20T07:38:22+00:00","dateModified":"2026-01-21T07:02:43+00:00","description":"Buy 120w 200w 300w Wifi Low Voltage Transformer directly from China\u2019s trusted manufacturer \u2013 ZHENGXI. Superior performance, competitive pricing, and fast global shipping!","breadcrumb":{"@id":"https:\/\/www.lauramak.com\/product\/120w-200w-300w-wifi-low-voltage-transformer\/#breadcrumb"},"inLanguage":"es","potentialAction":[{"@type":"ReadAction","target":["https:\/\/www.lauramak.com\/product\/120w-200w-300w-wifi-low-voltage-transformer\/"]}]},{"@type":"ImageObject","inLanguage":"es","@id":"https:\/\/www.lauramak.com\/product\/120w-200w-300w-wifi-low-voltage-transformer\/#primaryimage","url":"https:\/\/www.lauramak.com\/wp-content\/uploads\/2025\/05\/Smart-WiFi-Low-Voltage-Transformer-with-3-Zones-Stainless-Steel-Outdoor-Enclosure.webp","contentUrl":"https:\/\/www.lauramak.com\/wp-content\/uploads\/2025\/05\/Smart-WiFi-Low-Voltage-Transformer-with-3-Zones-Stainless-Steel-Outdoor-Enclosure.webp","width":800,"height":800,"caption":"Smart WiFi Low Voltage Transformer with 3 Zones - Stainless Steel Outdoor Enclosure"},{"@type":"BreadcrumbList","@id":"https:\/\/www.lauramak.com\/product\/120w-200w-300w-wifi-low-voltage-transformer\/#breadcrumb","itemListElement":[{"@type":"ListItem","position":1,"name":"Home","item":"https:\/\/www.lauramak.com\/"},{"@type":"ListItem","position":2,"name":"Products","item":"https:\/\/www.lauramak.com\/product\/"},{"@type":"ListItem","position":3,"name":"120w 200w 300w Wifi Low Voltage Transformer 120VAC to 12V\/14V AC with 3 Zones"}]},{"@type":"WebSite","@id":"https:\/\/www.lauramak.com\/#website","url":"https:\/\/www.lauramak.com\/","name":"SUNWAY","description":"ZHENGXI GROUP\u2018 Subsidiary","publisher":{"@id":"https:\/\/www.lauramak.com\/#organization"},"potentialAction":[{"@type":"SearchAction","target":{"@type":"EntryPoint","urlTemplate":"https:\/\/www.lauramak.com\/?s={search_term_string}"},"query-input":{"@type":"PropertyValueSpecification","valueRequired":true,"valueName":"search_term_string"}}],"inLanguage":"es"},{"@type":"Organization","@id":"https:\/\/www.lauramak.com\/#organization","name":"SUNWAY","url":"https:\/\/www.lauramak.com\/","logo":{"@type":"ImageObject","inLanguage":"es","@id":"https:\/\/www.lauramak.com\/#\/schema\/logo\/image\/","url":"https:\/\/www.lauramak.com\/wp-content\/uploads\/2025\/07\/sunway-logo.webp","contentUrl":"https:\/\/www.lauramak.com\/wp-content\/uploads\/2025\/07\/sunway-logo.webp","width":319,"height":89,"caption":"SUNWAY"},"image":{"@id":"https:\/\/www.lauramak.com\/#\/schema\/logo\/image\/"}}]}},"_links":{"self":[{"href":"https:\/\/www.lauramak.com\/es\/wp-json\/wp\/v2\/product\/1137","targetHints":{"allow":["GET"]}}],"collection":[{"href":"https:\/\/www.lauramak.com\/es\/wp-json\/wp\/v2\/product"}],"about":[{"href":"https:\/\/www.lauramak.com\/es\/wp-json\/wp\/v2\/types\/product"}],"version-history":[{"count":5,"href":"https:\/\/www.lauramak.com\/es\/wp-json\/wp\/v2\/product\/1137\/revisions"}],"predecessor-version":[{"id":1794,"href":"https:\/\/www.lauramak.com\/es\/wp-json\/wp\/v2\/product\/1137\/revisions\/1794"}],"wp:featuredmedia":[{"embeddable":true,"href":"https:\/\/www.lauramak.com\/es\/wp-json\/wp\/v2\/media\/1789"}],"wp:attachment":[{"href":"https:\/\/www.lauramak.com\/es\/wp-json\/wp\/v2\/media?parent=1137"}],"wp:term":[{"taxonomy":"post_tag","embeddable":true,"href":"https:\/\/www.lauramak.com\/es\/wp-json\/wp\/v2\/tags?post=1137"},{"taxonomy":"product-categories","embeddable":true,"href":"https:\/\/www.lauramak.com\/es\/wp-json\/wp\/v2\/product-categories?post=1137"}],"curies":[{"name":"wp","href":"https:\/\/api.w.org\/{rel}","templated":true}]}}